{"id":41602,"date":"2026-01-11T15:51:01","date_gmt":"2026-01-11T12:51:01","guid":{"rendered":"https:\/\/www.gasia.com.tr\/?post_type=product&#038;p=41602"},"modified":"2026-04-11T11:51:36","modified_gmt":"2026-04-11T08:51:36","slug":"mozaik-nazar-pirlanta-kolye","status":"publish","type":"product","link":"https:\/\/www.gasia.com.tr\/en\/collections\/mozaik-nazar-pirlanta-kolye\/","title":{"rendered":"Mozaik Nazar P\u0131rlanta Kolye"},"content":{"rendered":"<p>Mozaik ta\u015flar\u0131n canl\u0131 renk ge\u00e7i\u015fleriyle olu\u015fturulan nazar formu, merkezdeki p\u0131rlanta detay\u0131yla g\u00fc\u00e7l\u00fc bir odak noktas\u0131 kazan\u0131r. Mavi ve beyaz tonlar\u0131n katmanl\u0131 yap\u0131s\u0131, tasar\u0131ma derinlik ve hareket katar. Alt\u0131n zincirle tamamlanan bu kolye, tek ba\u015f\u0131na dikkat \u00e7ekici bir stil sunarken farkl\u0131 kombinlerle de rahatl\u0131kla uyum sa\u011flar.<\/p>","protected":false},"excerpt":{"rendered":"<ul>\n<li>14 Ayar Alt\u0131n<\/li>\n<li>925 Ayar G\u00fcm\u00fc\u015f<\/li>\n<li>0,08ct P\u0131rlanta<\/li>\n<\/ul>","protected":false},"featured_media":41603,"comment_status":"open","ping_status":"closed","template":"","meta":[],"product_brand":[2718,2719],"product_cat":[247,75,198],"product_tag":[278,294,3120,726,3074,1641,322,2673,3148,1640,473,277,1993,3147,3146,3156,280,276,2640,1632],"class_list":{"0":"post-41602","1":"product","2":"type-product","3":"status-publish","4":"has-post-thumbnail","6":"product_brand-gasia-casuals","7":"product_brand-gasia-protect","8":"product_cat-hediyelik","9":"product_cat-kolye","10":"product_cat-eye-collection","11":"product_tag-altin-kolye","12":"product_tag-diamond-necklace","13":"product_tag-el-isi-kolye","14":"product_tag-evil-eye-necklace","15":"product_tag-eye-pendant-necklace","16":"product_tag-gift-necklace","17":"product_tag-gold-necklace","18":"product_tag-goz-kolye","19":"product_tag-handcrafted-necklace","20":"product_tag-hediye-kolye","21":"product_tag-kadin-kolye","22":"product_tag-modern-kolye","23":"product_tag-modern-necklace","24":"product_tag-mosaic-necklace","25":"product_tag-mozaik-kolye","26":"product_tag-multicolor-gemstone-necklace","27":"product_tag-nazar-kolye","28":"product_tag-pirlanta-kolye","29":"product_tag-renkli-tas-kolye","30":"product_tag-women-necklace","31":"pa_cinsiyet-kadin","33":"first","34":"instock","35":"shipping-taxable","36":"purchasable","37":"product-type-simple"},"_links":{"self":[{"href":"https:\/\/www.gasia.com.tr\/en\/wp-json\/wp\/v2\/product\/41602","targetHints":{"allow":["GET"]}}],"collection":[{"href":"https:\/\/www.gasia.com.tr\/en\/wp-json\/wp\/v2\/product"}],"about":[{"href":"https:\/\/www.gasia.com.tr\/en\/wp-json\/wp\/v2\/types\/product"}],"replies":[{"embeddable":true,"href":"https:\/\/www.gasia.com.tr\/en\/wp-json\/wp\/v2\/comments?post=41602"}],"version-history":[{"count":2,"href":"https:\/\/www.gasia.com.tr\/en\/wp-json\/wp\/v2\/product\/41602\/revisions"}],"predecessor-version":[{"id":41643,"href":"https:\/\/www.gasia.com.tr\/en\/wp-json\/wp\/v2\/product\/41602\/revisions\/41643"}],"wp:featuredmedia":[{"embeddable":true,"href":"https:\/\/www.gasia.com.tr\/en\/wp-json\/wp\/v2\/media\/41603"}],"wp:attachment":[{"href":"https:\/\/www.gasia.com.tr\/en\/wp-json\/wp\/v2\/media?parent=41602"}],"wp:term":[{"taxonomy":"product_brand","embeddable":true,"href":"https:\/\/www.gasia.com.tr\/en\/wp-json\/wp\/v2\/product_brand?post=41602"},{"taxonomy":"product_cat","embeddable":true,"href":"https:\/\/www.gasia.com.tr\/en\/wp-json\/wp\/v2\/product_cat?post=41602"},{"taxonomy":"product_tag","embeddable":true,"href":"https:\/\/www.gasia.com.tr\/en\/wp-json\/wp\/v2\/product_tag?post=41602"}],"curies":[{"name":"wp","href":"https:\/\/api.w.org\/{rel}","templated":true}]}}