{"id":41608,"date":"2026-02-05T00:00:00","date_gmt":"2026-02-04T21:00:00","guid":{"rendered":"https:\/\/www.gasia.com.tr\/?post_type=product&#038;p=41608"},"modified":"2026-04-20T22:21:26","modified_gmt":"2026-04-20T19:21:26","slug":"balik-figurlu-pirlanta-kolye","status":"publish","type":"product","link":"https:\/\/www.gasia.com.tr\/en\/collections\/balik-figurlu-pirlanta-kolye\/","title":{"rendered":"Bal\u0131k Fig\u00fcrl\u00fc P\u0131rlanta Kolye"},"content":{"rendered":"<p data-start=\"90\" data-end=\"387\">Bal\u0131k formunda tasarlanan bu kolye, y\u00fczeyindeki p\u0131rlanta detaylarla \u0131\u015f\u0131\u011f\u0131 g\u00fc\u00e7l\u00fc \u015fekilde yans\u0131t\u0131r. Parlak metal dokusuyla birle\u015fen ta\u015fl\u0131 g\u00f6vde, tasar\u0131ma hareket ve canl\u0131l\u0131k kazand\u0131r\u0131r. G\u00fcnl\u00fck kullan\u0131ma uygun yap\u0131s\u0131yla sade kombinlere karakter katan bu par\u00e7a, farkl\u0131 stillerle kolayca uyum sa\u011flar.<\/p>","protected":false},"excerpt":{"rendered":"<ul>\n<li>18 Ayar Alt\u0131n<\/li>\n<li>0,38ct P\u0131rlanta<\/li>\n<\/ul>","protected":false},"featured_media":41609,"comment_status":"open","ping_status":"closed","template":"","meta":[],"product_brand":[2718],"product_cat":[75],"product_tag":[488,470,294,3159,1991,1755,811,1641,3160,480,1640,473,277,1993,276,3161,329,1632],"class_list":{"0":"post-41608","1":"product","2":"type-product","3":"status-publish","4":"has-post-thumbnail","6":"product_brand-gasia-casuals","7":"product_cat-kolye","8":"product_tag-animal-pendant-necklace","9":"product_tag-balik-kolye","10":"product_tag-diamond-necklace","11":"product_tag-figurative-pendant-necklace","12":"product_tag-figurlu-kolye","13":"product_tag-fish-necklace","14":"product_tag-gemstone-necklace","15":"product_tag-gift-necklace","16":"product_tag-gumus-kolye","17":"product_tag-hayvan-figurlu-kolye","18":"product_tag-hediye-kolye","19":"product_tag-kadin-kolye","20":"product_tag-modern-kolye","21":"product_tag-modern-necklace","22":"product_tag-pirlanta-kolye","23":"product_tag-silver-necklace","24":"product_tag-tasli-kolye","25":"product_tag-women-necklace","26":"pa_cinsiyet-kadin","28":"first","29":"instock","30":"sale","31":"shipping-taxable","32":"purchasable","33":"product-type-simple"},"_links":{"self":[{"href":"https:\/\/www.gasia.com.tr\/en\/wp-json\/wp\/v2\/product\/41608","targetHints":{"allow":["GET"]}}],"collection":[{"href":"https:\/\/www.gasia.com.tr\/en\/wp-json\/wp\/v2\/product"}],"about":[{"href":"https:\/\/www.gasia.com.tr\/en\/wp-json\/wp\/v2\/types\/product"}],"replies":[{"embeddable":true,"href":"https:\/\/www.gasia.com.tr\/en\/wp-json\/wp\/v2\/comments?post=41608"}],"version-history":[{"count":2,"href":"https:\/\/www.gasia.com.tr\/en\/wp-json\/wp\/v2\/product\/41608\/revisions"}],"predecessor-version":[{"id":41634,"href":"https:\/\/www.gasia.com.tr\/en\/wp-json\/wp\/v2\/product\/41608\/revisions\/41634"}],"wp:featuredmedia":[{"embeddable":true,"href":"https:\/\/www.gasia.com.tr\/en\/wp-json\/wp\/v2\/media\/41609"}],"wp:attachment":[{"href":"https:\/\/www.gasia.com.tr\/en\/wp-json\/wp\/v2\/media?parent=41608"}],"wp:term":[{"taxonomy":"product_brand","embeddable":true,"href":"https:\/\/www.gasia.com.tr\/en\/wp-json\/wp\/v2\/product_brand?post=41608"},{"taxonomy":"product_cat","embeddable":true,"href":"https:\/\/www.gasia.com.tr\/en\/wp-json\/wp\/v2\/product_cat?post=41608"},{"taxonomy":"product_tag","embeddable":true,"href":"https:\/\/www.gasia.com.tr\/en\/wp-json\/wp\/v2\/product_tag?post=41608"}],"curies":[{"name":"wp","href":"https:\/\/api.w.org\/{rel}","templated":true}]}}