{"id":41612,"date":"2026-04-08T16:00:30","date_gmt":"2026-04-08T13:00:30","guid":{"rendered":"https:\/\/www.gasia.com.tr\/?post_type=product&#038;p=41612"},"modified":"2026-04-16T22:35:14","modified_gmt":"2026-04-16T19:35:14","slug":"safir-ve-pirlanta-balik-kolye","status":"publish","type":"product","link":"https:\/\/www.gasia.com.tr\/en\/collections\/safir-ve-pirlanta-balik-kolye\/","title":{"rendered":"Safir ve P\u0131rlanta Bal\u0131k Kolye"},"content":{"rendered":"<p>Bal\u0131k formunda tasarlanan bu kolye, mavi safir ve p\u0131rlanta ta\u015flar\u0131n birlikte kullan\u0131m\u0131yla dikkat \u00e7ekici bir g\u00f6r\u00fcn\u00fcm sunar. G\u00f6vde boyunca yer alan ta\u015f dizilimi, tasar\u0131ma hareket ve \u0131\u015f\u0131k kazand\u0131r\u0131rken parlak metal y\u00fczeyle dengelenir. G\u00fcnl\u00fck kombinlere farkl\u0131 bir karakter katarken, \u00f6zel anlarda da \u00f6ne \u00e7\u0131kan bir par\u00e7a olarak tercih edilebilir.<\/p>","protected":false},"excerpt":{"rendered":"<ul>\n<li>18Ayar Alt\u0131n<\/li>\n<li>0,54ct P\u0131rlanta<\/li>\n<li>0,81ct Safir<\/li>\n<\/ul>","protected":false},"featured_media":41613,"comment_status":"open","ping_status":"closed","template":"","meta":[],"product_brand":[2718],"product_cat":[247,75],"product_tag":[470,2924,294,3159,1991,1755,811,1641,3160,1640,473,1602,276,1794,1795,3161,329,1632],"class_list":{"0":"post-41612","1":"product","2":"type-product","3":"status-publish","4":"has-post-thumbnail","6":"product_brand-gasia-casuals","7":"product_cat-hediyelik","8":"product_cat-kolye","9":"product_tag-balik-kolye","10":"product_tag-blue-gemstone-necklace","11":"product_tag-diamond-necklace","12":"product_tag-figurative-pendant-necklace","13":"product_tag-figurlu-kolye","14":"product_tag-fish-necklace","15":"product_tag-gemstone-necklace","16":"product_tag-gift-necklace","17":"product_tag-gumus-kolye","18":"product_tag-hediye-kolye","19":"product_tag-kadin-kolye","20":"product_tag-mavi-tas-kolye","21":"product_tag-pirlanta-kolye","22":"product_tag-safir-kolye","23":"product_tag-sapphire-necklace","24":"product_tag-silver-necklace","25":"product_tag-tasli-kolye","26":"product_tag-women-necklace","27":"pa_cinsiyet-kadin","29":"first","30":"instock","31":"sale","32":"shipping-taxable","33":"purchasable","34":"product-type-simple"},"_links":{"self":[{"href":"https:\/\/www.gasia.com.tr\/en\/wp-json\/wp\/v2\/product\/41612","targetHints":{"allow":["GET"]}}],"collection":[{"href":"https:\/\/www.gasia.com.tr\/en\/wp-json\/wp\/v2\/product"}],"about":[{"href":"https:\/\/www.gasia.com.tr\/en\/wp-json\/wp\/v2\/types\/product"}],"replies":[{"embeddable":true,"href":"https:\/\/www.gasia.com.tr\/en\/wp-json\/wp\/v2\/comments?post=41612"}],"version-history":[{"count":2,"href":"https:\/\/www.gasia.com.tr\/en\/wp-json\/wp\/v2\/product\/41612\/revisions"}],"predecessor-version":[{"id":41632,"href":"https:\/\/www.gasia.com.tr\/en\/wp-json\/wp\/v2\/product\/41612\/revisions\/41632"}],"wp:featuredmedia":[{"embeddable":true,"href":"https:\/\/www.gasia.com.tr\/en\/wp-json\/wp\/v2\/media\/41613"}],"wp:attachment":[{"href":"https:\/\/www.gasia.com.tr\/en\/wp-json\/wp\/v2\/media?parent=41612"}],"wp:term":[{"taxonomy":"product_brand","embeddable":true,"href":"https:\/\/www.gasia.com.tr\/en\/wp-json\/wp\/v2\/product_brand?post=41612"},{"taxonomy":"product_cat","embeddable":true,"href":"https:\/\/www.gasia.com.tr\/en\/wp-json\/wp\/v2\/product_cat?post=41612"},{"taxonomy":"product_tag","embeddable":true,"href":"https:\/\/www.gasia.com.tr\/en\/wp-json\/wp\/v2\/product_tag?post=41612"}],"curies":[{"name":"wp","href":"https:\/\/api.w.org\/{rel}","templated":true}]}}