{"id":41615,"date":"2026-03-10T00:00:00","date_gmt":"2026-03-09T21:00:00","guid":{"rendered":"https:\/\/www.gasia.com.tr\/?post_type=product&#038;p=41615"},"modified":"2026-04-21T21:51:53","modified_gmt":"2026-04-21T18:51:53","slug":"pembe-safir-cicek-kolye","status":"publish","type":"product","link":"https:\/\/www.gasia.com.tr\/en\/collections\/pembe-safir-cicek-kolye\/","title":{"rendered":"Pembe Safir \u00c7i\u00e7ek Kolye"},"content":{"rendered":"<p>\u00c7i\u00e7ek formunda tasarlanan bu zarif kolye, pembe safir ta\u015flar\u0131n canl\u0131 tonlar\u0131 ve \u00e7evresini saran p\u0131rlanta detaylar\u0131yla \u0131\u015f\u0131lt\u0131l\u0131 bir g\u00f6r\u00fcn\u00fcm sunar. Kalp formundaki hatlar romantik bir dokunu\u015f katarken, merkezdeki ta\u015f kompozisyonu tasar\u0131ma derinlik kazand\u0131r\u0131r. G\u00fcnl\u00fck \u015f\u0131kl\u0131kta feminen bir vurgu yaratmak ya da \u00f6zel anlarda zarif bir tamamlay\u0131c\u0131 olarak tercih edilebilir.<\/p>","protected":false},"excerpt":{"rendered":"<ul>\n<li>18 Ayar Alt\u0131n<\/li>\n<li>0,52ct P\u0131rlanta<\/li>\n<li>0,95ct Pembe Safir<\/li>\n<\/ul>","protected":false},"featured_media":41616,"comment_status":"open","ping_status":"closed","template":"","meta":[],"product_brand":[2718],"product_cat":[269,75],"product_tag":[278,2703,294,1637,2708,811,1641,322,1640,473,2120,2121,276,3133,3162,329,1632,476],"class_list":{"0":"post-41615","1":"product","2":"type-product","3":"status-publish","4":"has-post-thumbnail","6":"product_brand-gasia-casuals","7":"product_cat-gem-world-degerli-tasli-mucevher","8":"product_cat-kolye","9":"product_tag-altin-kolye","10":"product_tag-cicek-kolye","11":"product_tag-diamond-necklace","12":"product_tag-elegant-necklace","13":"product_tag-flower-necklace","14":"product_tag-gemstone-necklace","15":"product_tag-gift-necklace","16":"product_tag-gold-necklace","17":"product_tag-hediye-kolye","18":"product_tag-kadin-kolye","19":"product_tag-pembe-safir-kolye","20":"product_tag-pink-sapphire-necklace","21":"product_tag-pirlanta-kolye","22":"product_tag-romantic-jewelry","23":"product_tag-romantik-taki","24":"product_tag-tasli-kolye","25":"product_tag-women-necklace","26":"product_tag-zarif-kolye","27":"pa_cinsiyet-kadin","29":"first","30":"instock","31":"sale","32":"shipping-taxable","33":"purchasable","34":"product-type-simple"},"_links":{"self":[{"href":"https:\/\/www.gasia.com.tr\/en\/wp-json\/wp\/v2\/product\/41615","targetHints":{"allow":["GET"]}}],"collection":[{"href":"https:\/\/www.gasia.com.tr\/en\/wp-json\/wp\/v2\/product"}],"about":[{"href":"https:\/\/www.gasia.com.tr\/en\/wp-json\/wp\/v2\/types\/product"}],"replies":[{"embeddable":true,"href":"https:\/\/www.gasia.com.tr\/en\/wp-json\/wp\/v2\/comments?post=41615"}],"version-history":[{"count":2,"href":"https:\/\/www.gasia.com.tr\/en\/wp-json\/wp\/v2\/product\/41615\/revisions"}],"predecessor-version":[{"id":41628,"href":"https:\/\/www.gasia.com.tr\/en\/wp-json\/wp\/v2\/product\/41615\/revisions\/41628"}],"wp:featuredmedia":[{"embeddable":true,"href":"https:\/\/www.gasia.com.tr\/en\/wp-json\/wp\/v2\/media\/41616"}],"wp:attachment":[{"href":"https:\/\/www.gasia.com.tr\/en\/wp-json\/wp\/v2\/media?parent=41615"}],"wp:term":[{"taxonomy":"product_brand","embeddable":true,"href":"https:\/\/www.gasia.com.tr\/en\/wp-json\/wp\/v2\/product_brand?post=41615"},{"taxonomy":"product_cat","embeddable":true,"href":"https:\/\/www.gasia.com.tr\/en\/wp-json\/wp\/v2\/product_cat?post=41615"},{"taxonomy":"product_tag","embeddable":true,"href":"https:\/\/www.gasia.com.tr\/en\/wp-json\/wp\/v2\/product_tag?post=41615"}],"curies":[{"name":"wp","href":"https:\/\/api.w.org\/{rel}","templated":true}]}}