{"id":41618,"date":"2026-04-08T16:03:37","date_gmt":"2026-04-08T13:03:37","guid":{"rendered":"https:\/\/www.gasia.com.tr\/?post_type=product&#038;p=41618"},"modified":"2026-04-15T21:55:17","modified_gmt":"2026-04-15T18:55:17","slug":"firuze-ve-pirlanta-detayli-altin-kolye","status":"publish","type":"product","link":"https:\/\/www.gasia.com.tr\/en\/collections\/firuze-ve-pirlanta-detayli-altin-kolye\/","title":{"rendered":"Firuze ve P\u0131rlanta Detayl\u0131 Alt\u0131n Kolye"},"content":{"rendered":"<p>Canl\u0131 firuze tonuyla \u00f6ne \u00e7\u0131kan bu kolye, alt\u0131n detaylar ve \u00e7evresini saran p\u0131rlantalarla dikkat \u00e7ekici bir g\u00f6r\u00fcn\u00fcm sunar. Ortadaki desenli form tasar\u0131ma hareket katarken, yuvarlak \u00e7er\u00e7eve yap\u0131s\u0131 par\u00e7aya dengeli ve zarif bir duru\u015f kazand\u0131r\u0131r. G\u00fcnl\u00fck kullan\u0131mda renkli bir vurgu yapmak ya da \u00f6zel anlarda g\u00fc\u00e7l\u00fc bir tamamlay\u0131c\u0131 tercih etmek i\u00e7in ideal bir par\u00e7ad\u0131r.<\/p>","protected":false},"excerpt":{"rendered":"<ul>\n<li>18 Ayar Alt\u0131n<\/li>\n<li>1,13ct P\u0131rlanta<\/li>\n<\/ul>","protected":false},"featured_media":41619,"comment_status":"open","ping_status":"closed","template":"","meta":[],"product_brand":[77,2718],"product_cat":[75],"product_tag":[278,2650,2112,294,1637,1093,1641,322,1640,473,3165,3164,3163,276,2640,1095,1632,476],"class_list":{"0":"post-41618","1":"product","2":"type-product","3":"status-publish","4":"has-post-thumbnail","6":"product_brand-gasia","7":"product_brand-gasia-casuals","8":"product_cat-kolye","9":"product_tag-altin-kolye","10":"product_tag-colorful-gemstone-necklace","11":"product_tag-desenli-kolye","12":"product_tag-diamond-necklace","13":"product_tag-elegant-necklace","14":"product_tag-firuze-kolye","15":"product_tag-gift-necklace","16":"product_tag-gold-necklace","17":"product_tag-hediye-kolye","18":"product_tag-kadin-kolye","19":"product_tag-motif-necklace","20":"product_tag-motifli-kolye","21":"product_tag-patterned-necklace","22":"product_tag-pirlanta-kolye","23":"product_tag-renkli-tas-kolye","24":"product_tag-turquoise-necklace","25":"product_tag-women-necklace","26":"product_tag-zarif-kolye","27":"pa_cinsiyet-kadin","29":"first","30":"instock","31":"shipping-taxable","32":"product-type-simple"},"_links":{"self":[{"href":"https:\/\/www.gasia.com.tr\/en\/wp-json\/wp\/v2\/product\/41618","targetHints":{"allow":["GET"]}}],"collection":[{"href":"https:\/\/www.gasia.com.tr\/en\/wp-json\/wp\/v2\/product"}],"about":[{"href":"https:\/\/www.gasia.com.tr\/en\/wp-json\/wp\/v2\/types\/product"}],"replies":[{"embeddable":true,"href":"https:\/\/www.gasia.com.tr\/en\/wp-json\/wp\/v2\/comments?post=41618"}],"version-history":[{"count":2,"href":"https:\/\/www.gasia.com.tr\/en\/wp-json\/wp\/v2\/product\/41618\/revisions"}],"predecessor-version":[{"id":41624,"href":"https:\/\/www.gasia.com.tr\/en\/wp-json\/wp\/v2\/product\/41618\/revisions\/41624"}],"wp:featuredmedia":[{"embeddable":true,"href":"https:\/\/www.gasia.com.tr\/en\/wp-json\/wp\/v2\/media\/41619"}],"wp:attachment":[{"href":"https:\/\/www.gasia.com.tr\/en\/wp-json\/wp\/v2\/media?parent=41618"}],"wp:term":[{"taxonomy":"product_brand","embeddable":true,"href":"https:\/\/www.gasia.com.tr\/en\/wp-json\/wp\/v2\/product_brand?post=41618"},{"taxonomy":"product_cat","embeddable":true,"href":"https:\/\/www.gasia.com.tr\/en\/wp-json\/wp\/v2\/product_cat?post=41618"},{"taxonomy":"product_tag","embeddable":true,"href":"https:\/\/www.gasia.com.tr\/en\/wp-json\/wp\/v2\/product_tag?post=41618"}],"curies":[{"name":"wp","href":"https:\/\/api.w.org\/{rel}","templated":true}]}}