{"id":41638,"date":"2026-04-09T11:56:40","date_gmt":"2026-04-09T08:56:40","guid":{"rendered":"https:\/\/www.gasia.com.tr\/?post_type=product&#038;p=41638"},"modified":"2026-04-11T11:49:47","modified_gmt":"2026-04-11T08:49:47","slug":"firuze-halka-kolye","status":"publish","type":"product","link":"https:\/\/www.gasia.com.tr\/en\/collections\/firuze-halka-kolye\/","title":{"rendered":"Firuze Halka Kolye"},"content":{"rendered":"<p>Do\u011fal firuze ta\u015f\u0131n\u0131n kendine \u00f6zg\u00fc damar yap\u0131s\u0131 ve canl\u0131 mavi tonlar\u0131, bu halka formundaki kolyeye g\u00fc\u00e7l\u00fc bir karakter kazand\u0131r\u0131r. Burgu detayl\u0131 alt\u0131n ask\u0131 ve p\u0131rlanta \u015ferit, tasar\u0131ma modern ve zarif bir dokunu\u015f ekler. Kontrast zincir ve kilit detay\u0131 ise par\u00e7aya \u00f6zg\u00fcn bir stil kazand\u0131r\u0131r. Hem do\u011fal ta\u015f\u0131n enerjisini hem de \u015f\u0131k tasar\u0131m\u0131 bir arada sunan bu kolye, g\u00fcnl\u00fck kullan\u0131mdan \u00f6zel kombinlere kadar geni\u015f bir kullan\u0131m alan\u0131na sahiptir.<\/p>","protected":false},"excerpt":{"rendered":"<ul>\n<li>24 Ayar Alt\u0131n<\/li>\n<li>925 ayar Okside G\u00fcm\u00fc\u015f<\/li>\n<li>0,24 ct 14 Adet P\u0131rlanta<\/li>\n<li>Do\u011fal El i\u015f\u00e7ili\u011fi \u0130ran Firuzesi<\/li>\n<\/ul>","protected":false},"featured_media":41639,"comment_status":"open","ping_status":"closed","template":"","meta":[],"product_brand":[2718],"product_cat":[264,269,75],"product_tag":[3024,1605,1623,3166,1093,3168,473,742,1792,1630,472,1095,3167,1632],"class_list":{"0":"post-41638","1":"product","2":"type-product","3":"status-publish","4":"has-post-thumbnail","6":"product_brand-gasia-casuals","7":"product_cat-gasia-1974-koleksiyonu","8":"product_cat-gem-world-degerli-tasli-mucevher","9":"product_cat-kolye","10":"product_tag-altin-detayli-kolye","11":"product_tag-diamond-detail-necklace","12":"product_tag-dogal-tas-kolye","13":"product_tag-firuze-halka-kolye","14":"product_tag-firuze-kolye","15":"product_tag-gold-detail-jewelry","16":"product_tag-kadin-kolye","17":"product_tag-modern-jewelry","18":"product_tag-modern-taki","19":"product_tag-natural-stone-necklace","20":"product_tag-pirlanta-detayli-kolye","21":"product_tag-turquoise-necklace","22":"product_tag-turquoise-pendant-necklace","23":"product_tag-women-necklace","24":"pa_cinsiyet-kadin","26":"first","27":"instock","28":"shipping-taxable","29":"purchasable","30":"product-type-simple"},"_links":{"self":[{"href":"https:\/\/www.gasia.com.tr\/en\/wp-json\/wp\/v2\/product\/41638","targetHints":{"allow":["GET"]}}],"collection":[{"href":"https:\/\/www.gasia.com.tr\/en\/wp-json\/wp\/v2\/product"}],"about":[{"href":"https:\/\/www.gasia.com.tr\/en\/wp-json\/wp\/v2\/types\/product"}],"replies":[{"embeddable":true,"href":"https:\/\/www.gasia.com.tr\/en\/wp-json\/wp\/v2\/comments?post=41638"}],"version-history":[{"count":3,"href":"https:\/\/www.gasia.com.tr\/en\/wp-json\/wp\/v2\/product\/41638\/revisions"}],"predecessor-version":[{"id":41821,"href":"https:\/\/www.gasia.com.tr\/en\/wp-json\/wp\/v2\/product\/41638\/revisions\/41821"}],"wp:featuredmedia":[{"embeddable":true,"href":"https:\/\/www.gasia.com.tr\/en\/wp-json\/wp\/v2\/media\/41639"}],"wp:attachment":[{"href":"https:\/\/www.gasia.com.tr\/en\/wp-json\/wp\/v2\/media?parent=41638"}],"wp:term":[{"taxonomy":"product_brand","embeddable":true,"href":"https:\/\/www.gasia.com.tr\/en\/wp-json\/wp\/v2\/product_brand?post=41638"},{"taxonomy":"product_cat","embeddable":true,"href":"https:\/\/www.gasia.com.tr\/en\/wp-json\/wp\/v2\/product_cat?post=41638"},{"taxonomy":"product_tag","embeddable":true,"href":"https:\/\/www.gasia.com.tr\/en\/wp-json\/wp\/v2\/product_tag?post=41638"}],"curies":[{"name":"wp","href":"https:\/\/api.w.org\/{rel}","templated":true}]}}