{"id":41642,"date":"2026-04-11T11:01:23","date_gmt":"2026-04-11T08:01:23","guid":{"rendered":"https:\/\/www.gasia.com.tr\/?post_type=product&#038;p=41642"},"modified":"2026-04-16T21:49:54","modified_gmt":"2026-04-16T18:49:54","slug":"allah-kaligrafi-pirlanta-kolye","status":"publish","type":"product","link":"https:\/\/www.gasia.com.tr\/en\/collections\/allah-kaligrafi-pirlanta-kolye\/","title":{"rendered":"Allah Kaligrafi P\u0131rlanta Kolye"},"content":{"rendered":"<p data-start=\"92\" data-end=\"496\">Zarif hat sanat\u0131yla \u015fekillenen \u201cAllah\u201d yaz\u0131s\u0131, bu \u00f6zel kolyede estetik ve anlam\u0131 bir araya getirir. P\u0131rlanta ta\u015flarla s\u00fcslenen kaligrafik form, \u0131\u015f\u0131\u011f\u0131 \u015f\u0131k bir \u015fekilde yans\u0131tarak tasar\u0131ma sofistike bir \u0131\u015f\u0131lt\u0131 kazand\u0131r\u0131r. Okside detaylar ile derinlik kazanan bu par\u00e7a, manevi de\u011feri y\u00fcksek ve zamans\u0131z bir aksesuar olarak \u00f6ne \u00e7\u0131kar. G\u00fcnl\u00fck kullan\u0131mda oldu\u011fu kadar \u00f6zel anlarda da anlaml\u0131 bir tercih sunar.<\/p>","protected":false},"excerpt":{"rendered":"<ul>\n<li>18 Ayar Alt\u0131n<\/li>\n<li>925 Ayar Okside G\u00fcm\u00fc\u015f<\/li>\n<li>0,49 ct P\u0131rlanta<\/li>\n<\/ul>","protected":false},"featured_media":42189,"comment_status":"open","ping_status":"closed","template":"","meta":[],"product_brand":[2718,2719],"product_cat":[264,75],"product_tag":[988,3170,3169,983,1089,3173,294,3172,3171,1036,473,276,2728,1632],"class_list":{"0":"post-41642","1":"product","2":"type-product","3":"status-publish","4":"has-post-thumbnail","6":"product_brand-gasia-casuals","7":"product_brand-gasia-protect","8":"product_cat-gasia-1974-koleksiyonu","9":"product_cat-kolye","10":"product_tag-allah-calligraphy-necklace","11":"product_tag-allah-kaligrafi-kolye","12":"product_tag-allah-kolye","13":"product_tag-allah-necklace","14":"product_tag-anlamli-kolye","15":"product_tag-calligraphy-jewelry","16":"product_tag-diamond-necklace","17":"product_tag-hat-sanati-kolye","18":"product_tag-islami-taki","19":"product_tag-islamic-jewelry","20":"product_tag-kadin-kolye","21":"product_tag-pirlanta-kolye","22":"product_tag-symbolic-necklace","23":"product_tag-women-necklace","24":"pa_cinsiyet-kadin","26":"first","27":"instock","28":"shipping-taxable","29":"purchasable","30":"product-type-simple"},"_links":{"self":[{"href":"https:\/\/www.gasia.com.tr\/en\/wp-json\/wp\/v2\/product\/41642","targetHints":{"allow":["GET"]}}],"collection":[{"href":"https:\/\/www.gasia.com.tr\/en\/wp-json\/wp\/v2\/product"}],"about":[{"href":"https:\/\/www.gasia.com.tr\/en\/wp-json\/wp\/v2\/types\/product"}],"replies":[{"embeddable":true,"href":"https:\/\/www.gasia.com.tr\/en\/wp-json\/wp\/v2\/comments?post=41642"}],"version-history":[{"count":2,"href":"https:\/\/www.gasia.com.tr\/en\/wp-json\/wp\/v2\/product\/41642\/revisions"}],"predecessor-version":[{"id":41820,"href":"https:\/\/www.gasia.com.tr\/en\/wp-json\/wp\/v2\/product\/41642\/revisions\/41820"}],"wp:featuredmedia":[{"embeddable":true,"href":"https:\/\/www.gasia.com.tr\/en\/wp-json\/wp\/v2\/media\/42189"}],"wp:attachment":[{"href":"https:\/\/www.gasia.com.tr\/en\/wp-json\/wp\/v2\/media?parent=41642"}],"wp:term":[{"taxonomy":"product_brand","embeddable":true,"href":"https:\/\/www.gasia.com.tr\/en\/wp-json\/wp\/v2\/product_brand?post=41642"},{"taxonomy":"product_cat","embeddable":true,"href":"https:\/\/www.gasia.com.tr\/en\/wp-json\/wp\/v2\/product_cat?post=41642"},{"taxonomy":"product_tag","embeddable":true,"href":"https:\/\/www.gasia.com.tr\/en\/wp-json\/wp\/v2\/product_tag?post=41642"}],"curies":[{"name":"wp","href":"https:\/\/api.w.org\/{rel}","templated":true}]}}