{"id":41648,"date":"2026-04-09T12:08:48","date_gmt":"2026-04-09T09:08:48","guid":{"rendered":"https:\/\/www.gasia.com.tr\/?post_type=product&#038;p=41648"},"modified":"2026-04-10T12:36:57","modified_gmt":"2026-04-10T09:36:57","slug":"firuze-scarab-motifli-pirlanta-kolye","status":"publish","type":"product","link":"https:\/\/www.gasia.com.tr\/en\/collections\/firuze-scarab-motifli-pirlanta-kolye\/","title":{"rendered":"Firuze Scarab Motifli P\u0131rlanta Kolye"},"content":{"rendered":"<p data-start=\"98\" data-end=\"522\">Antik sembollerden ilham alan scarab (kutsal b\u00f6cek) motifi, bu \u00f6zel kolyede firuzenin canl\u0131 ve enerjik tonlar\u0131yla hayat buluyor. P\u00fcr\u00fczs\u00fcz ve parlak y\u00fczeyli firuze ta\u015f\u0131, etraf\u0131ndaki zarif alt\u0131n \u00e7er\u00e7eve ve p\u0131rlanta detaylarla tamamlanarak tasar\u0131ma hem tarihi hem de modern bir karakter kazand\u0131r\u0131r. G\u00fc\u00e7, d\u00f6n\u00fc\u015f\u00fcm ve koruma anlamlar\u0131 ta\u015f\u0131yan bu kolye, stiline anlam katmak isteyenler i\u00e7in dikkat \u00e7ekici ve \u00f6zg\u00fcn bir se\u00e7enektir.<\/p>","protected":false},"excerpt":{"rendered":"<ul>\n<li>14 Ayar Alt\u0131n<\/li>\n<li>925 Ayar Okside G\u00fcm\u00fc\u015f<\/li>\n<li>0,42 ct 4 Adet P\u0131rlanta<\/li>\n<li>18,91 ct Firuze<\/li>\n<li>50 cm Uuznlu\u011funda Zincir<\/li>\n<\/ul>","protected":false},"featured_media":41796,"comment_status":"open","ping_status":"closed","template":"","meta":[],"product_brand":[77,2718],"product_cat":[264,75,198],"product_tag":[278,1029,3178,3179,3177,3176,294,1093,322,276,3174,3175,2679,1095],"class_list":{"0":"post-41648","1":"product","2":"type-product","3":"status-publish","4":"has-post-thumbnail","6":"product_brand-gasia","7":"product_brand-gasia-casuals","8":"product_cat-gasia-1974-koleksiyonu","9":"product_cat-kolye","10":"product_cat-eye-collection","11":"product_tag-altin-kolye","12":"product_tag-anlamli-taki","13":"product_tag-antik-stil-kolye","14":"product_tag-antique-style-necklace","15":"product_tag-beetle-jewelry","16":"product_tag-bocek-motifli-kolye","17":"product_tag-diamond-necklace","18":"product_tag-firuze-kolye","19":"product_tag-gold-necklace","20":"product_tag-pirlanta-kolye","21":"product_tag-scarab-kolye","22":"product_tag-scarab-necklace","23":"product_tag-symbolic-jewelry","24":"product_tag-turquoise-necklace","25":"pa_cinsiyet-kadin","27":"first","28":"instock","29":"shipping-taxable","30":"purchasable","31":"product-type-simple"},"_links":{"self":[{"href":"https:\/\/www.gasia.com.tr\/en\/wp-json\/wp\/v2\/product\/41648","targetHints":{"allow":["GET"]}}],"collection":[{"href":"https:\/\/www.gasia.com.tr\/en\/wp-json\/wp\/v2\/product"}],"about":[{"href":"https:\/\/www.gasia.com.tr\/en\/wp-json\/wp\/v2\/types\/product"}],"replies":[{"embeddable":true,"href":"https:\/\/www.gasia.com.tr\/en\/wp-json\/wp\/v2\/comments?post=41648"}],"version-history":[{"count":2,"href":"https:\/\/www.gasia.com.tr\/en\/wp-json\/wp\/v2\/product\/41648\/revisions"}],"predecessor-version":[{"id":41799,"href":"https:\/\/www.gasia.com.tr\/en\/wp-json\/wp\/v2\/product\/41648\/revisions\/41799"}],"wp:featuredmedia":[{"embeddable":true,"href":"https:\/\/www.gasia.com.tr\/en\/wp-json\/wp\/v2\/media\/41796"}],"wp:attachment":[{"href":"https:\/\/www.gasia.com.tr\/en\/wp-json\/wp\/v2\/media?parent=41648"}],"wp:term":[{"taxonomy":"product_brand","embeddable":true,"href":"https:\/\/www.gasia.com.tr\/en\/wp-json\/wp\/v2\/product_brand?post=41648"},{"taxonomy":"product_cat","embeddable":true,"href":"https:\/\/www.gasia.com.tr\/en\/wp-json\/wp\/v2\/product_cat?post=41648"},{"taxonomy":"product_tag","embeddable":true,"href":"https:\/\/www.gasia.com.tr\/en\/wp-json\/wp\/v2\/product_tag?post=41648"}],"curies":[{"name":"wp","href":"https:\/\/api.w.org\/{rel}","templated":true}]}}