{"id":41651,"date":"2026-04-09T12:12:44","date_gmt":"2026-04-09T09:12:44","guid":{"rendered":"https:\/\/www.gasia.com.tr\/?post_type=product&#038;p=41651"},"modified":"2026-04-16T21:55:32","modified_gmt":"2026-04-16T18:55:32","slug":"fil-motifli-el-yapimi-pirlanta-detayli-kolye","status":"publish","type":"product","link":"https:\/\/www.gasia.com.tr\/en\/collections\/fil-motifli-el-yapimi-pirlanta-detayli-kolye\/","title":{"rendered":"Fil Motifli El Yap\u0131m\u0131 P\u0131rlanta Detayl\u0131 Kolye"},"content":{"rendered":"<p>G\u00fcc\u00fc, bilgeli\u011fi ve zarafeti simgeleyen fil fig\u00fcr\u00fc, bu \u00f6zel kolyede modern ve sanatsal bir yorumla hayat buluyor. Mat dokulu koyu metal y\u00fczey \u00fczerine i\u015flenen detaylar, tasar\u0131ma g\u00fc\u00e7l\u00fc bir karakter kazand\u0131r\u0131rken; alt\u0131n tonlu dokunu\u015flar ve damla formundaki de\u011ferli ta\u015f detaylar\u0131 kolyeye sofistike bir \u0131\u015f\u0131lt\u0131 kat\u0131yor. Hem sembolik anlam\u0131 hem de \u00f6zg\u00fcn tasar\u0131m\u0131yla bu par\u00e7a, stiline karakter ve derinlik katmak isteyenler i\u00e7in benzersiz bir se\u00e7imdir.<\/p>","protected":false},"excerpt":{"rendered":"<ul>\n<li>18 Ayar Alt\u0131n<\/li>\n<li>14 Ayar Alt\u0131n<\/li>\n<li>925 Ayar Okside G\u00fcm\u00fc\u015f<\/li>\n<li>0,16 ct 2 Adet P\u0131rlanta<\/li>\n<li>50 cm Uzunlu\u011funda Zincir<\/li>\n<\/ul>","protected":false},"featured_media":41652,"comment_status":"open","ping_status":"closed","template":"","meta":[],"product_brand":[77,2718,2957,2719],"product_cat":[264,75,256],"product_tag":[3024,1423,633,1605,1445,1441,3168,480,472,2943,2679,274],"class_list":{"0":"post-41651","1":"product","2":"type-product","3":"status-publish","4":"has-post-thumbnail","6":"product_brand-gasia","7":"product_brand-gasia-casuals","8":"product_brand-gasia-for-man","9":"product_brand-gasia-protect","10":"product_cat-gasia-1974-koleksiyonu","11":"product_cat-kolye","12":"product_cat-erkek-kolye-ve-zincirler","13":"product_tag-altin-detayli-kolye","14":"product_tag-animal-motif-jewelry","15":"product_tag-designer-necklace","16":"product_tag-diamond-detail-necklace","17":"product_tag-elephant-necklace","18":"product_tag-fil-kolye","19":"product_tag-gold-detail-jewelry","20":"product_tag-hayvan-figurlu-kolye","21":"product_tag-pirlanta-detayli-kolye","22":"product_tag-sembolik-taki","23":"product_tag-symbolic-jewelry","24":"product_tag-tasarim-kolye","25":"pa_cinsiyet-erkek","26":"pa_cinsiyet-kadin","28":"first","29":"instock","30":"sale","31":"shipping-taxable","32":"purchasable","33":"product-type-simple"},"_links":{"self":[{"href":"https:\/\/www.gasia.com.tr\/en\/wp-json\/wp\/v2\/product\/41651","targetHints":{"allow":["GET"]}}],"collection":[{"href":"https:\/\/www.gasia.com.tr\/en\/wp-json\/wp\/v2\/product"}],"about":[{"href":"https:\/\/www.gasia.com.tr\/en\/wp-json\/wp\/v2\/types\/product"}],"replies":[{"embeddable":true,"href":"https:\/\/www.gasia.com.tr\/en\/wp-json\/wp\/v2\/comments?post=41651"}],"version-history":[{"count":3,"href":"https:\/\/www.gasia.com.tr\/en\/wp-json\/wp\/v2\/product\/41651\/revisions"}],"predecessor-version":[{"id":41819,"href":"https:\/\/www.gasia.com.tr\/en\/wp-json\/wp\/v2\/product\/41651\/revisions\/41819"}],"wp:featuredmedia":[{"embeddable":true,"href":"https:\/\/www.gasia.com.tr\/en\/wp-json\/wp\/v2\/media\/41652"}],"wp:attachment":[{"href":"https:\/\/www.gasia.com.tr\/en\/wp-json\/wp\/v2\/media?parent=41651"}],"wp:term":[{"taxonomy":"product_brand","embeddable":true,"href":"https:\/\/www.gasia.com.tr\/en\/wp-json\/wp\/v2\/product_brand?post=41651"},{"taxonomy":"product_cat","embeddable":true,"href":"https:\/\/www.gasia.com.tr\/en\/wp-json\/wp\/v2\/product_cat?post=41651"},{"taxonomy":"product_tag","embeddable":true,"href":"https:\/\/www.gasia.com.tr\/en\/wp-json\/wp\/v2\/product_tag?post=41651"}],"curies":[{"name":"wp","href":"https:\/\/api.w.org\/{rel}","templated":true}]}}