{"id":41654,"date":"2026-04-09T12:15:05","date_gmt":"2026-04-09T09:15:05","guid":{"rendered":"https:\/\/www.gasia.com.tr\/?post_type=product&#038;p=41654"},"modified":"2026-04-16T21:52:51","modified_gmt":"2026-04-16T18:52:51","slug":"tac-detayli-vintage-anahtar-kolye","status":"publish","type":"product","link":"https:\/\/www.gasia.com.tr\/en\/collections\/tac-detayli-vintage-anahtar-kolye\/","title":{"rendered":"Ta\u00e7 Detayl\u0131 Vintage Anahtar Kolye"},"content":{"rendered":"<p data-start=\"95\" data-end=\"552\">Zarafet ve gizemin sembol\u00fc olan anahtar motifi, bu tasar\u0131mda kraliyet esintileri ta\u015f\u0131yan ta\u00e7 detay\u0131yla bulu\u015fuyor. Antik g\u00f6r\u00fcn\u00fcml\u00fc metal y\u00fczey, ince i\u015f\u00e7ilikle i\u015flenmi\u015f p\u0131rlanta dokunu\u015flar\u0131 ve alt\u0131n detaylarla zenginle\u015ferek g\u00fc\u00e7l\u00fc bir karakter sunar. Hem stil sahibi hem de anlam y\u00fckl\u00fc bu kolye; yeni ba\u015flang\u0131\u00e7lar\u0131, gizli kap\u0131lar\u0131 ve ki\u015fisel ke\u015fifleri simgeler. G\u00fcnl\u00fck \u015f\u0131kl\u0131\u011fa farkl\u0131 bir dokunu\u015f katmak isteyenler i\u00e7in zamans\u0131z ve dikkat \u00e7ekici bir par\u00e7ad\u0131r.<\/p>","protected":false},"excerpt":{"rendered":"<ul>\n<li>18 Ayar Alt\u0131n<\/li>\n<li>925 Ayar Okside G\u00fcm\u00fc\u015f<\/li>\n<li>0,21 ct P\u0131rlanta<\/li>\n<li>45 cm Uzunlu\u011funda Zincir<\/li>\n<\/ul>","protected":false},"featured_media":41655,"comment_status":"open","ping_status":"closed","template":"","meta":[],"product_brand":[2718],"product_cat":[75],"product_tag":[3180,3183,633,1605,3181,472,2943,2679,3182,274,628,1798],"class_list":{"0":"post-41654","1":"product","2":"type-product","3":"status-publish","4":"has-post-thumbnail","6":"product_brand-gasia-casuals","7":"product_cat-kolye","8":"product_tag-anahtar-kolye","9":"product_tag-crown-detail-jewelry","10":"product_tag-designer-necklace","11":"product_tag-diamond-detail-necklace","12":"product_tag-key-necklace","13":"product_tag-pirlanta-detayli-kolye","14":"product_tag-sembolik-taki","15":"product_tag-symbolic-jewelry","16":"product_tag-tac-detayli-kolye","17":"product_tag-tasarim-kolye","18":"product_tag-vintage-kolye","19":"product_tag-vintage-necklace","20":"pa_cinsiyet-kadin","22":"first","23":"instock","24":"sale","25":"shipping-taxable","26":"purchasable","27":"product-type-simple"},"_links":{"self":[{"href":"https:\/\/www.gasia.com.tr\/en\/wp-json\/wp\/v2\/product\/41654","targetHints":{"allow":["GET"]}}],"collection":[{"href":"https:\/\/www.gasia.com.tr\/en\/wp-json\/wp\/v2\/product"}],"about":[{"href":"https:\/\/www.gasia.com.tr\/en\/wp-json\/wp\/v2\/types\/product"}],"replies":[{"embeddable":true,"href":"https:\/\/www.gasia.com.tr\/en\/wp-json\/wp\/v2\/comments?post=41654"}],"version-history":[{"count":3,"href":"https:\/\/www.gasia.com.tr\/en\/wp-json\/wp\/v2\/product\/41654\/revisions"}],"predecessor-version":[{"id":41814,"href":"https:\/\/www.gasia.com.tr\/en\/wp-json\/wp\/v2\/product\/41654\/revisions\/41814"}],"wp:featuredmedia":[{"embeddable":true,"href":"https:\/\/www.gasia.com.tr\/en\/wp-json\/wp\/v2\/media\/41655"}],"wp:attachment":[{"href":"https:\/\/www.gasia.com.tr\/en\/wp-json\/wp\/v2\/media?parent=41654"}],"wp:term":[{"taxonomy":"product_brand","embeddable":true,"href":"https:\/\/www.gasia.com.tr\/en\/wp-json\/wp\/v2\/product_brand?post=41654"},{"taxonomy":"product_cat","embeddable":true,"href":"https:\/\/www.gasia.com.tr\/en\/wp-json\/wp\/v2\/product_cat?post=41654"},{"taxonomy":"product_tag","embeddable":true,"href":"https:\/\/www.gasia.com.tr\/en\/wp-json\/wp\/v2\/product_tag?post=41654"}],"curies":[{"name":"wp","href":"https:\/\/api.w.org\/{rel}","templated":true}]}}