{"id":41658,"date":"2026-04-09T12:17:59","date_gmt":"2026-04-09T09:17:59","guid":{"rendered":"https:\/\/www.gasia.com.tr\/?post_type=product&#038;p=41658"},"modified":"2026-04-16T21:46:50","modified_gmt":"2026-04-16T18:46:50","slug":"firuze-tasli-vintage-balik-motifli-kolye","status":"publish","type":"product","link":"https:\/\/www.gasia.com.tr\/en\/collections\/firuze-tasli-vintage-balik-motifli-kolye\/","title":{"rendered":"Firuze Ta\u015fl\u0131 Vintage Bal\u0131k Motifli Kolye"},"content":{"rendered":"<p>Zarif bal\u0131k motifi, bu \u00f6zel tasar\u0131m kolyede firuzenin canl\u0131 tonlar\u0131 ve vintage dokularla birle\u015ferek dikkat \u00e7ekici bir estetik sunuyor. \u00dczerindeki ince i\u015f\u00e7ilikle yerle\u015ftirilmi\u015f ta\u015f detaylar\u0131 ve alt\u0131n dokunu\u015flar, kolyeye hem hareket hem de \u0131\u015f\u0131lt\u0131 kazand\u0131r\u0131r. Bal\u0131k fig\u00fcr\u00fc; bereket, ak\u0131\u015f ve \u00f6zg\u00fcrl\u00fc\u011f\u00fc simgelerken, firuze ta\u015f\u0131 ise koruyucu enerjisiyle bilinir. G\u00fcnl\u00fck \u015f\u0131kl\u0131\u011f\u0131 anlaml\u0131 bir tasar\u0131mla tamamlamak isteyenler i\u00e7in \u00f6zg\u00fcn ve karakterli bir par\u00e7a.<\/p>","protected":false},"excerpt":{"rendered":"<ul>\n<li>18 Ayar Alt\u0131n<\/li>\n<li>925 Ayar Okside G\u00fcm\u00fc\u015f<\/li>\n<li>2,41 ct\u00a0 Elmas Kesim P\u0131rlanta<\/li>\n<\/ul>","protected":false},"featured_media":41660,"comment_status":"open","ping_status":"closed","template":"","meta":[],"product_brand":[77,2718],"product_cat":[264,269,75],"product_tag":[470,633,1093,1755,1841,2943,2679,274,329,1095,628,1798],"class_list":{"0":"post-41658","1":"product","2":"type-product","3":"status-publish","4":"has-post-thumbnail","6":"product_brand-gasia","7":"product_brand-gasia-casuals","8":"product_cat-gasia-1974-koleksiyonu","9":"product_cat-gem-world-degerli-tasli-mucevher","10":"product_cat-kolye","11":"product_tag-balik-kolye","12":"product_tag-designer-necklace","13":"product_tag-firuze-kolye","14":"product_tag-fish-necklace","15":"product_tag-gemstone-jewelry","16":"product_tag-sembolik-taki","17":"product_tag-symbolic-jewelry","18":"product_tag-tasarim-kolye","19":"product_tag-tasli-kolye","20":"product_tag-turquoise-necklace","21":"product_tag-vintage-kolye","22":"product_tag-vintage-necklace","23":"pa_cinsiyet-kadin","25":"first","26":"instock","27":"sale","28":"shipping-taxable","29":"purchasable","30":"product-type-simple"},"_links":{"self":[{"href":"https:\/\/www.gasia.com.tr\/en\/wp-json\/wp\/v2\/product\/41658","targetHints":{"allow":["GET"]}}],"collection":[{"href":"https:\/\/www.gasia.com.tr\/en\/wp-json\/wp\/v2\/product"}],"about":[{"href":"https:\/\/www.gasia.com.tr\/en\/wp-json\/wp\/v2\/types\/product"}],"replies":[{"embeddable":true,"href":"https:\/\/www.gasia.com.tr\/en\/wp-json\/wp\/v2\/comments?post=41658"}],"version-history":[{"count":3,"href":"https:\/\/www.gasia.com.tr\/en\/wp-json\/wp\/v2\/product\/41658\/revisions"}],"predecessor-version":[{"id":41966,"href":"https:\/\/www.gasia.com.tr\/en\/wp-json\/wp\/v2\/product\/41658\/revisions\/41966"}],"wp:featuredmedia":[{"embeddable":true,"href":"https:\/\/www.gasia.com.tr\/en\/wp-json\/wp\/v2\/media\/41660"}],"wp:attachment":[{"href":"https:\/\/www.gasia.com.tr\/en\/wp-json\/wp\/v2\/media?parent=41658"}],"wp:term":[{"taxonomy":"product_brand","embeddable":true,"href":"https:\/\/www.gasia.com.tr\/en\/wp-json\/wp\/v2\/product_brand?post=41658"},{"taxonomy":"product_cat","embeddable":true,"href":"https:\/\/www.gasia.com.tr\/en\/wp-json\/wp\/v2\/product_cat?post=41658"},{"taxonomy":"product_tag","embeddable":true,"href":"https:\/\/www.gasia.com.tr\/en\/wp-json\/wp\/v2\/product_tag?post=41658"}],"curies":[{"name":"wp","href":"https:\/\/api.w.org\/{rel}","templated":true}]}}