{"id":41665,"date":"2026-04-09T16:55:56","date_gmt":"2026-04-09T13:55:56","guid":{"rendered":"https:\/\/www.gasia.com.tr\/?post_type=product&#038;p=41665"},"modified":"2026-04-16T10:18:26","modified_gmt":"2026-04-16T07:18:26","slug":"malakit-tasli-el-isciligi-statement-yuzuk","status":"publish","type":"product","link":"https:\/\/www.gasia.com.tr\/en\/collections\/malakit-tasli-el-isciligi-statement-yuzuk\/","title":{"rendered":"Malakit Ta\u015fl\u0131 El \u0130\u015f\u00e7ili\u011fi Statement Y\u00fcz\u00fck"},"content":{"rendered":"<p>Do\u011fan\u0131n b\u00fcy\u00fcleyici ye\u015fil tonlar\u0131n\u0131 yans\u0131tan malakit ta\u015f\u0131, bu iddial\u0131 y\u00fcz\u00fck tasar\u0131m\u0131nda g\u00fc\u00e7l\u00fc bir form ile bulu\u015fuyor. Oyma detayl\u0131 y\u00fczeyiyle dikkat \u00e7eken ta\u015f, alt\u0131n dokulu \u00e7er\u00e7eve ve el i\u015f\u00e7ili\u011fi hissi veren g\u00f6vdeyle tamamlanarak sanatsal bir karakter kazan\u0131r. Modern ve vintage esteti\u011fi bir araya getiren bu y\u00fcz\u00fck, stilinde fark yaratmak isteyenler i\u00e7in cesur ve \u00f6zg\u00fcn bir se\u00e7imdir. Tek ba\u015f\u0131na bile g\u00fc\u00e7l\u00fc bir ifade sunan bu par\u00e7a, zamans\u0131z \u015f\u0131kl\u0131\u011f\u0131n anahtarlar\u0131ndan biridir.<\/p>","protected":false},"excerpt":{"rendered":"<ul>\n<li>24 Ayar Alt\u0131n<\/li>\n<li>925 Ayar Okside G\u00fcm\u00fc\u015f<\/li>\n<li>0,12 ct P\u0131rlanta<\/li>\n<\/ul>","protected":false},"featured_media":41668,"comment_status":"open","ping_status":"closed","template":"","meta":[],"product_brand":[77],"product_cat":[264,76],"product_tag":[673,565,3189,3168,1692,2857,3188,3187,450,1193,340,291],"class_list":{"0":"post-41665","1":"product","2":"type-product","3":"status-publish","4":"has-post-thumbnail","6":"product_brand-gasia","7":"product_cat-gasia-1974-koleksiyonu","8":"product_cat-yuzuk-modelleri","9":"product_tag-altin-detayli-yuzuk","10":"product_tag-designer-ring","11":"product_tag-el-isciligi-yuzuk","12":"product_tag-gold-detail-jewelry","13":"product_tag-green-stone-ring","14":"product_tag-handmade-ring","15":"product_tag-malachite-ring","16":"product_tag-malakit-yuzuk","17":"product_tag-statement-ring","18":"product_tag-statement-yuzuk","19":"product_tag-tasarim-yuzuk","20":"product_tag-yesil-tas-yuzuk","21":"pa_cinsiyet-kadin","23":"first","24":"instock","25":"sale","26":"shipping-taxable","27":"purchasable","28":"product-type-simple"},"_links":{"self":[{"href":"https:\/\/www.gasia.com.tr\/en\/wp-json\/wp\/v2\/product\/41665","targetHints":{"allow":["GET"]}}],"collection":[{"href":"https:\/\/www.gasia.com.tr\/en\/wp-json\/wp\/v2\/product"}],"about":[{"href":"https:\/\/www.gasia.com.tr\/en\/wp-json\/wp\/v2\/types\/product"}],"replies":[{"embeddable":true,"href":"https:\/\/www.gasia.com.tr\/en\/wp-json\/wp\/v2\/comments?post=41665"}],"version-history":[{"count":3,"href":"https:\/\/www.gasia.com.tr\/en\/wp-json\/wp\/v2\/product\/41665\/revisions"}],"predecessor-version":[{"id":41963,"href":"https:\/\/www.gasia.com.tr\/en\/wp-json\/wp\/v2\/product\/41665\/revisions\/41963"}],"wp:featuredmedia":[{"embeddable":true,"href":"https:\/\/www.gasia.com.tr\/en\/wp-json\/wp\/v2\/media\/41668"}],"wp:attachment":[{"href":"https:\/\/www.gasia.com.tr\/en\/wp-json\/wp\/v2\/media?parent=41665"}],"wp:term":[{"taxonomy":"product_brand","embeddable":true,"href":"https:\/\/www.gasia.com.tr\/en\/wp-json\/wp\/v2\/product_brand?post=41665"},{"taxonomy":"product_cat","embeddable":true,"href":"https:\/\/www.gasia.com.tr\/en\/wp-json\/wp\/v2\/product_cat?post=41665"},{"taxonomy":"product_tag","embeddable":true,"href":"https:\/\/www.gasia.com.tr\/en\/wp-json\/wp\/v2\/product_tag?post=41665"}],"curies":[{"name":"wp","href":"https:\/\/api.w.org\/{rel}","templated":true}]}}