{"id":41670,"date":"2026-04-09T16:58:49","date_gmt":"2026-04-09T13:58:49","guid":{"rendered":"https:\/\/www.gasia.com.tr\/?post_type=product&#038;p=41670"},"modified":"2026-04-13T11:48:11","modified_gmt":"2026-04-13T08:48:11","slug":"firuze-tasli-pirlanta-cerceveli-tasarim-yuzuk","status":"publish","type":"product","link":"https:\/\/www.gasia.com.tr\/en\/collections\/firuze-tasli-pirlanta-cerceveli-tasarim-yuzuk\/","title":{"rendered":"Firuze Ta\u015fl\u0131 P\u0131rlanta \u00c7er\u00e7eveli Tasar\u0131m Y\u00fcz\u00fck"},"content":{"rendered":"<p>Do\u011fal damar yap\u0131s\u0131yla \u00f6ne \u00e7\u0131kan firuze ta\u015f\u0131, bu \u00f6zg\u00fcn y\u00fcz\u00fck tasar\u0131m\u0131nda modern ve g\u00fc\u00e7l\u00fc bir formda sunuluyor. Dikd\u00f6rtgen kesimli ta\u015f\u0131n etraf\u0131n\u0131 saran p\u0131rlanta \u00e7er\u00e7eve, y\u00fcz\u00fc\u011fe zarif bir \u0131\u015f\u0131lt\u0131 katarken; alt\u0131n dokulu yuva ve oksitli y\u00fcz\u00fck g\u00f6vdesi tasar\u0131ma karakter ve derinlik kazand\u0131r\u0131r. Do\u011fal ta\u015f\u0131n e\u015fsiz desenleri sayesinde her par\u00e7a kendine \u00f6zg\u00fcd\u00fcr. Hem g\u00fcnl\u00fck stilde hem de \u00f6zel kombinlerde dikkat \u00e7ekici bir tamamlay\u0131c\u0131d\u0131r.<\/p>","protected":false},"excerpt":{"rendered":"<ul>\n<li>24 Ayar Alt\u0131n<\/li>\n<li>925 Ayar Okside G\u00fcm\u00fc\u015f<\/li>\n<li>0,72 ct P\u0131rlanta<\/li>\n<\/ul>","protected":false},"featured_media":41671,"comment_status":"open","ping_status":"closed","template":"","meta":[],"product_brand":[77],"product_cat":[264,76],"product_tag":[673,565,654,1274,1281,3168,1279,335,450,1193,340,1284],"class_list":{"0":"post-41670","1":"product","2":"type-product","3":"status-publish","4":"has-post-thumbnail","6":"product_brand-gasia","7":"product_cat-gasia-1974-koleksiyonu","8":"product_cat-yuzuk-modelleri","9":"product_tag-altin-detayli-yuzuk","10":"product_tag-designer-ring","11":"product_tag-diamond-ring","12":"product_tag-dogal-tas-yuzuk","13":"product_tag-firuze-yuzuk","14":"product_tag-gold-detail-jewelry","15":"product_tag-natural-stone-ring","16":"product_tag-pirlanta-yuzuk","17":"product_tag-statement-ring","18":"product_tag-statement-yuzuk","19":"product_tag-tasarim-yuzuk","20":"product_tag-turquoise-ring","21":"pa_cinsiyet-kadin","23":"first","24":"instock","25":"shipping-taxable","26":"purchasable","27":"product-type-simple"},"_links":{"self":[{"href":"https:\/\/www.gasia.com.tr\/en\/wp-json\/wp\/v2\/product\/41670","targetHints":{"allow":["GET"]}}],"collection":[{"href":"https:\/\/www.gasia.com.tr\/en\/wp-json\/wp\/v2\/product"}],"about":[{"href":"https:\/\/www.gasia.com.tr\/en\/wp-json\/wp\/v2\/types\/product"}],"replies":[{"embeddable":true,"href":"https:\/\/www.gasia.com.tr\/en\/wp-json\/wp\/v2\/comments?post=41670"}],"version-history":[{"count":3,"href":"https:\/\/www.gasia.com.tr\/en\/wp-json\/wp\/v2\/product\/41670\/revisions"}],"predecessor-version":[{"id":41961,"href":"https:\/\/www.gasia.com.tr\/en\/wp-json\/wp\/v2\/product\/41670\/revisions\/41961"}],"wp:featuredmedia":[{"embeddable":true,"href":"https:\/\/www.gasia.com.tr\/en\/wp-json\/wp\/v2\/media\/41671"}],"wp:attachment":[{"href":"https:\/\/www.gasia.com.tr\/en\/wp-json\/wp\/v2\/media?parent=41670"}],"wp:term":[{"taxonomy":"product_brand","embeddable":true,"href":"https:\/\/www.gasia.com.tr\/en\/wp-json\/wp\/v2\/product_brand?post=41670"},{"taxonomy":"product_cat","embeddable":true,"href":"https:\/\/www.gasia.com.tr\/en\/wp-json\/wp\/v2\/product_cat?post=41670"},{"taxonomy":"product_tag","embeddable":true,"href":"https:\/\/www.gasia.com.tr\/en\/wp-json\/wp\/v2\/product_tag?post=41670"}],"curies":[{"name":"wp","href":"https:\/\/api.w.org\/{rel}","templated":true}]}}