{"id":41674,"date":"2026-04-09T17:02:02","date_gmt":"2026-04-09T14:02:02","guid":{"rendered":"https:\/\/www.gasia.com.tr\/?post_type=product&#038;p=41674"},"modified":"2026-04-16T10:16:58","modified_gmt":"2026-04-16T07:16:58","slug":"pirlanta-cerceveli-nazar-boncuklu-tasarim-yuzuk","status":"publish","type":"product","link":"https:\/\/www.gasia.com.tr\/en\/collections\/pirlanta-cerceveli-nazar-boncuklu-tasarim-yuzuk\/","title":{"rendered":"P\u0131rlanta \u00c7er\u00e7eveli Nazar Boncuklu Tasar\u0131m Y\u00fcz\u00fck"},"content":{"rendered":"<p>Koruyucu anlam\u0131 ile bilinen nazar motifi, bu y\u00fcz\u00fck tasar\u0131m\u0131nda modern ve zarif bir formda hayat buluyor. G\u00f6z formundaki detay\u0131n merkezinde yer alan canl\u0131 mavi ton, etraf\u0131n\u0131 saran p\u0131rlanta \u00e7er\u00e7eve ile \u0131\u015f\u0131lt\u0131l\u0131 bir g\u00f6r\u00fcn\u00fcm kazan\u0131r. Alt\u0131n ve oksitli metalin uyumu, tasar\u0131ma hem karakter hem de sofistike bir hava katar. G\u00fcnl\u00fck stiline anlam katmak ya da \u00f6zel bir sembol ta\u015f\u0131mak isteyenler i\u00e7in dikkat \u00e7ekici ve zamans\u0131z bir par\u00e7ad\u0131r.<\/p>","protected":false},"excerpt":{"rendered":"<ul>\n<li>24 Ayar Alt\u0131n<\/li>\n<li>925 Ayar Okside G\u00fcm\u00fc\u015f<\/li>\n<li>0,43 ct P\u0131rlanta<\/li>\n<li>0,21 ct Safir<\/li>\n<li>0,93 ct Garnet<\/li>\n<li>0,42 ct Topaz<\/li>\n<\/ul>","protected":false},"featured_media":41675,"comment_status":"open","ping_status":"closed","template":"","meta":[],"product_brand":[77],"product_cat":[264,76],"product_tag":[673,565,654,735,712,3168,1116,2840,335,2943,2679,340],"class_list":{"0":"post-41674","1":"product","2":"type-product","3":"status-publish","4":"has-post-thumbnail","6":"product_brand-gasia","7":"product_cat-gasia-1974-koleksiyonu","8":"product_cat-yuzuk-modelleri","9":"product_tag-altin-detayli-yuzuk","10":"product_tag-designer-ring","11":"product_tag-diamond-ring","12":"product_tag-evil-eye-jewelry","13":"product_tag-evil-eye-ring","14":"product_tag-gold-detail-jewelry","15":"product_tag-nazar-boncugu-yuzuk","16":"product_tag-nazar-yuzuk","17":"product_tag-pirlanta-yuzuk","18":"product_tag-sembolik-taki","19":"product_tag-symbolic-jewelry","20":"product_tag-tasarim-yuzuk","21":"pa_cinsiyet-kadin","23":"first","24":"instock","25":"sale","26":"shipping-taxable","27":"purchasable","28":"product-type-simple"},"_links":{"self":[{"href":"https:\/\/www.gasia.com.tr\/en\/wp-json\/wp\/v2\/product\/41674","targetHints":{"allow":["GET"]}}],"collection":[{"href":"https:\/\/www.gasia.com.tr\/en\/wp-json\/wp\/v2\/product"}],"about":[{"href":"https:\/\/www.gasia.com.tr\/en\/wp-json\/wp\/v2\/types\/product"}],"replies":[{"embeddable":true,"href":"https:\/\/www.gasia.com.tr\/en\/wp-json\/wp\/v2\/comments?post=41674"}],"version-history":[{"count":3,"href":"https:\/\/www.gasia.com.tr\/en\/wp-json\/wp\/v2\/product\/41674\/revisions"}],"predecessor-version":[{"id":41959,"href":"https:\/\/www.gasia.com.tr\/en\/wp-json\/wp\/v2\/product\/41674\/revisions\/41959"}],"wp:featuredmedia":[{"embeddable":true,"href":"https:\/\/www.gasia.com.tr\/en\/wp-json\/wp\/v2\/media\/41675"}],"wp:attachment":[{"href":"https:\/\/www.gasia.com.tr\/en\/wp-json\/wp\/v2\/media?parent=41674"}],"wp:term":[{"taxonomy":"product_brand","embeddable":true,"href":"https:\/\/www.gasia.com.tr\/en\/wp-json\/wp\/v2\/product_brand?post=41674"},{"taxonomy":"product_cat","embeddable":true,"href":"https:\/\/www.gasia.com.tr\/en\/wp-json\/wp\/v2\/product_cat?post=41674"},{"taxonomy":"product_tag","embeddable":true,"href":"https:\/\/www.gasia.com.tr\/en\/wp-json\/wp\/v2\/product_tag?post=41674"}],"curies":[{"name":"wp","href":"https:\/\/api.w.org\/{rel}","templated":true}]}}