{"id":41679,"date":"2026-04-09T17:52:44","date_gmt":"2026-04-09T14:52:44","guid":{"rendered":"https:\/\/www.gasia.com.tr\/?post_type=product&#038;p=41679"},"modified":"2026-04-15T21:54:52","modified_gmt":"2026-04-15T18:54:52","slug":"oyma-kemik-detayli-pirlanta-vintage-yuzuk","status":"publish","type":"product","link":"https:\/\/www.gasia.com.tr\/en\/collections\/oyma-kemik-detayli-pirlanta-vintage-yuzuk\/","title":{"rendered":"Oyma Kemik Detayl\u0131 P\u0131rlanta Vintage Y\u00fcz\u00fck"},"content":{"rendered":"<p data-start=\"152\" data-end=\"492\">Zarif i\u015f\u00e7ili\u011fi ve antik ilhaml\u0131 tasar\u0131m\u0131yla \u00f6ne \u00e7\u0131kan bu y\u00fcz\u00fck, merkezde yer alan el oymas\u0131 kemik detay ile benzersiz bir karakter sunar. Etraf\u0131n\u0131 tamamen saran p\u0131rlantalar, y\u00fcz\u00fc\u011fe g\u00fc\u00e7l\u00fc bir \u0131\u015f\u0131lt\u0131 ve sofistike bir g\u00f6r\u00fcn\u00fcm kazand\u0131r\u0131r. \u0130nce grav\u00fcrl\u00fc metal y\u00fczeyler ile birle\u015fen bu tasar\u0131m, sanat eseri niteli\u011finde bir estetik ortaya koyar.<\/p>\n<p data-start=\"494\" data-end=\"639\">Vintage ruhu modern l\u00fcks ile bulu\u015fturan bu \u00f6zel par\u00e7a, koleksiyonluk de\u011feri ve dikkat \u00e7ekici detaylar\u0131yla stilinizi g\u00fc\u00e7l\u00fc bir \u015fekilde tamamlar.<\/p>","protected":false},"excerpt":{"rendered":"<ul>\n<li>24 Ayar Alt\u0131n<\/li>\n<li>925 Ayar Okside G\u00fcm\u00fc\u015f<\/li>\n<li>1,21 ct P\u0131rlanta<\/li>\n<li>2,40 ct Renkli P\u0131rlanta<\/li>\n<\/ul>","protected":false},"featured_media":41744,"comment_status":"open","ping_status":"closed","template":"","meta":[],"product_brand":[77],"product_cat":[264,76],"product_tag":[3191,654,3194,3193,3195,3190,335,3192,1870,683],"class_list":{"0":"post-41679","1":"product","2":"type-product","3":"status-publish","4":"has-post-thumbnail","6":"product_brand-gasia","7":"product_cat-gasia-1974-koleksiyonu","8":"product_cat-yuzuk-modelleri","9":"product_tag-carved-bone-ring","10":"product_tag-diamond-ring","11":"product_tag-el-oymasi-taki","12":"product_tag-full-diamond-ring","13":"product_tag-hand-carved-jewelry","14":"product_tag-kemik-yuzuk","15":"product_tag-pirlanta-yuzuk","16":"product_tag-tam-pirlanta-yuzuk","17":"product_tag-vintage-ring","18":"product_tag-vintage-yuzuk","19":"pa_cinsiyet-kadin","21":"first","22":"instock","23":"shipping-taxable","24":"product-type-simple"},"_links":{"self":[{"href":"https:\/\/www.gasia.com.tr\/en\/wp-json\/wp\/v2\/product\/41679","targetHints":{"allow":["GET"]}}],"collection":[{"href":"https:\/\/www.gasia.com.tr\/en\/wp-json\/wp\/v2\/product"}],"about":[{"href":"https:\/\/www.gasia.com.tr\/en\/wp-json\/wp\/v2\/types\/product"}],"replies":[{"embeddable":true,"href":"https:\/\/www.gasia.com.tr\/en\/wp-json\/wp\/v2\/comments?post=41679"}],"version-history":[{"count":3,"href":"https:\/\/www.gasia.com.tr\/en\/wp-json\/wp\/v2\/product\/41679\/revisions"}],"predecessor-version":[{"id":41957,"href":"https:\/\/www.gasia.com.tr\/en\/wp-json\/wp\/v2\/product\/41679\/revisions\/41957"}],"wp:featuredmedia":[{"embeddable":true,"href":"https:\/\/www.gasia.com.tr\/en\/wp-json\/wp\/v2\/media\/41744"}],"wp:attachment":[{"href":"https:\/\/www.gasia.com.tr\/en\/wp-json\/wp\/v2\/media?parent=41679"}],"wp:term":[{"taxonomy":"product_brand","embeddable":true,"href":"https:\/\/www.gasia.com.tr\/en\/wp-json\/wp\/v2\/product_brand?post=41679"},{"taxonomy":"product_cat","embeddable":true,"href":"https:\/\/www.gasia.com.tr\/en\/wp-json\/wp\/v2\/product_cat?post=41679"},{"taxonomy":"product_tag","embeddable":true,"href":"https:\/\/www.gasia.com.tr\/en\/wp-json\/wp\/v2\/product_tag?post=41679"}],"curies":[{"name":"wp","href":"https:\/\/api.w.org\/{rel}","templated":true}]}}