{"id":41683,"date":"2026-04-09T18:03:24","date_gmt":"2026-04-09T15:03:24","guid":{"rendered":"https:\/\/www.gasia.com.tr\/?post_type=product&#038;p=41683"},"modified":"2026-04-15T21:54:42","modified_gmt":"2026-04-15T18:54:42","slug":"zumrut-tasli-pirlanta-islemeli-vintage-yuzuk","status":"publish","type":"product","link":"https:\/\/www.gasia.com.tr\/en\/collections\/zumrut-tasli-pirlanta-islemeli-vintage-yuzuk\/","title":{"rendered":"Z\u00fcmr\u00fct Ta\u015fl\u0131 P\u0131rlanta \u0130\u015flemeli Vintage Y\u00fcz\u00fck"},"content":{"rendered":"<p data-start=\"110\" data-end=\"435\">Merkezde yer alan g\u00f6z al\u0131c\u0131 z\u00fcmr\u00fct ta\u015f\u0131 ile dikkat \u00e7eken bu y\u00fcz\u00fck, etraf\u0131n\u0131 saran p\u0131rlantalar ve ince el i\u015f\u00e7ili\u011fi grav\u00fcr detaylar\u0131yla benzersiz bir zarafet sunar. T\u00fcm y\u00fczeyi \u00e7evreleyen p\u0131rlanta ta\u015flar, tasar\u0131ma yo\u011fun bir \u0131\u015f\u0131lt\u0131 kazand\u0131r\u0131rken, sar\u0131 ton ge\u00e7i\u015fleriyle zenginle\u015fen kompozisyon y\u00fcz\u00fc\u011fe derinlik ve karakter katar.<\/p>\n<p data-start=\"437\" data-end=\"644\">Antik esintiler ta\u015f\u0131yan bu \u00f6zel tasar\u0131m, g\u00fc\u00e7l\u00fc formu ve detayl\u0131 i\u015f\u00e7ili\u011fi ile hem klasik hem de iddial\u0131 bir stil arayanlar i\u00e7in e\u015fsiz bir par\u00e7ad\u0131r. Koleksiyonluk de\u011fere sahip, zamans\u0131z ve \u00e7arp\u0131c\u0131 bir y\u00fcz\u00fck.<\/p>","protected":false},"excerpt":{"rendered":"<ul>\n<li>18 Ayar Alt\u0131n<\/li>\n<li>24 Ayar Alt\u0131n<\/li>\n<li>925 Ayar Okside G\u00fcm\u00fc\u015f<\/li>\n<li>2,31 ct P\u0131rlanta<\/li>\n<li>1,10 ct Renkli P\u0131rlanta<\/li>\n<li>3,92 ct Z\u00fcmr\u00fct<\/li>\n<\/ul>","protected":false},"featured_media":41685,"comment_status":"open","ping_status":"closed","template":"","meta":[],"product_brand":[77],"product_cat":[264,76],"product_tag":[654,526,3197,3193,3196,653,590,335,3192,1870,683,530],"class_list":{"0":"post-41683","1":"product","2":"type-product","3":"status-publish","4":"has-post-thumbnail","6":"product_brand-gasia","7":"product_cat-gasia-1974-koleksiyonu","8":"product_cat-yuzuk-modelleri","9":"product_tag-diamond-ring","10":"product_tag-emerald-ring","11":"product_tag-engraved-ring","12":"product_tag-full-diamond-ring","13":"product_tag-islemeli-yuzuk","14":"product_tag-luks-yuzuk","15":"product_tag-luxury-ring","16":"product_tag-pirlanta-yuzuk","17":"product_tag-tam-pirlanta-yuzuk","18":"product_tag-vintage-ring","19":"product_tag-vintage-yuzuk","20":"product_tag-zumrut-yuzuk","21":"pa_cinsiyet-kadin","23":"first","24":"instock","25":"shipping-taxable","26":"product-type-simple"},"_links":{"self":[{"href":"https:\/\/www.gasia.com.tr\/en\/wp-json\/wp\/v2\/product\/41683","targetHints":{"allow":["GET"]}}],"collection":[{"href":"https:\/\/www.gasia.com.tr\/en\/wp-json\/wp\/v2\/product"}],"about":[{"href":"https:\/\/www.gasia.com.tr\/en\/wp-json\/wp\/v2\/types\/product"}],"replies":[{"embeddable":true,"href":"https:\/\/www.gasia.com.tr\/en\/wp-json\/wp\/v2\/comments?post=41683"}],"version-history":[{"count":3,"href":"https:\/\/www.gasia.com.tr\/en\/wp-json\/wp\/v2\/product\/41683\/revisions"}],"predecessor-version":[{"id":41955,"href":"https:\/\/www.gasia.com.tr\/en\/wp-json\/wp\/v2\/product\/41683\/revisions\/41955"}],"wp:featuredmedia":[{"embeddable":true,"href":"https:\/\/www.gasia.com.tr\/en\/wp-json\/wp\/v2\/media\/41685"}],"wp:attachment":[{"href":"https:\/\/www.gasia.com.tr\/en\/wp-json\/wp\/v2\/media?parent=41683"}],"wp:term":[{"taxonomy":"product_brand","embeddable":true,"href":"https:\/\/www.gasia.com.tr\/en\/wp-json\/wp\/v2\/product_brand?post=41683"},{"taxonomy":"product_cat","embeddable":true,"href":"https:\/\/www.gasia.com.tr\/en\/wp-json\/wp\/v2\/product_cat?post=41683"},{"taxonomy":"product_tag","embeddable":true,"href":"https:\/\/www.gasia.com.tr\/en\/wp-json\/wp\/v2\/product_tag?post=41683"}],"curies":[{"name":"wp","href":"https:\/\/api.w.org\/{rel}","templated":true}]}}