{"id":41688,"date":"2026-01-11T22:06:12","date_gmt":"2026-01-11T19:06:12","guid":{"rendered":"https:\/\/www.gasia.com.tr\/?post_type=product&#038;p=41688"},"modified":"2026-04-10T13:10:09","modified_gmt":"2026-04-10T10:10:09","slug":"sedef-nazar-goz-kolye","status":"publish","type":"product","link":"https:\/\/www.gasia.com.tr\/en\/collections\/sedef-nazar-goz-kolye\/","title":{"rendered":"Sedef Nazar G\u00f6z Kolye"},"content":{"rendered":"<p>Sedef zemin \u00fczerine i\u015flenen \u00e7arp\u0131c\u0131 g\u00f6z motifi, bu kolyeye sanatsal ve g\u00fc\u00e7l\u00fc bir ifade kazand\u0131r\u0131r. Alt\u0131n ve mavi tonlar\u0131n kontrast\u0131, detayl\u0131 kirpik formuyla birle\u015ferek tasar\u0131m\u0131 dikkat \u00e7ekici hale getirir. Okside \u00e7er\u00e7eve dokusu par\u00e7aya vintage bir karakter katarken, modern nazar yorumu ile hem stil hem anlam sunar. G\u00fcnl\u00fck kullan\u0131mda \u00f6zg\u00fcn bir dokunu\u015f, \u00f6zel anlarda ise iddial\u0131 bir tamamlay\u0131c\u0131d\u0131r.<\/p>","protected":false},"excerpt":{"rendered":"<ul>\n<li>14 Ayar Alt\u0131n<\/li>\n<li>925 Ayar G\u00fcm\u00fc\u015f<\/li>\n<li>Do\u011fal sedef \u00fczerine el i\u015f\u00e7ili\u011fi ile i\u015flenmi\u015f Nazar G\u00f6z<\/li>\n<li>42 cm Uuznlu\u011funda Zincir<\/li>\n<\/ul>","protected":false},"featured_media":41689,"comment_status":"open","ping_status":"closed","template":"","meta":[],"product_brand":[2718,2719],"product_cat":[247,75,198],"product_tag":[278,3200,726,3052,322,2673,473,987,280,2079,3198,1420,3199,977,2943,2679,2379,1632],"class_list":{"0":"post-41688","1":"product","2":"type-product","3":"status-publish","4":"has-post-thumbnail","6":"product_brand-gasia-casuals","7":"product_brand-gasia-protect","8":"product_cat-hediyelik","9":"product_cat-kolye","10":"product_cat-eye-collection","11":"product_tag-altin-kolye","12":"product_tag-artistic-necklace","13":"product_tag-evil-eye-necklace","14":"product_tag-eye-necklace","15":"product_tag-gold-necklace","16":"product_tag-goz-kolye","17":"product_tag-kadin-kolye","18":"product_tag-mother-of-pearl-necklace","19":"product_tag-nazar-kolye","20":"product_tag-okside-kolye","21":"product_tag-oxidized-necklace","22":"product_tag-ozgun-taki","23":"product_tag-sanatsal-kolye","24":"product_tag-sedef-kolye","25":"product_tag-sembolik-taki","26":"product_tag-symbolic-jewelry","27":"product_tag-unique-jewelry","28":"product_tag-women-necklace","29":"pa_cinsiyet-kadin","31":"first","32":"instock","33":"shipping-taxable","34":"purchasable","35":"product-type-simple"},"_links":{"self":[{"href":"https:\/\/www.gasia.com.tr\/en\/wp-json\/wp\/v2\/product\/41688","targetHints":{"allow":["GET"]}}],"collection":[{"href":"https:\/\/www.gasia.com.tr\/en\/wp-json\/wp\/v2\/product"}],"about":[{"href":"https:\/\/www.gasia.com.tr\/en\/wp-json\/wp\/v2\/types\/product"}],"replies":[{"embeddable":true,"href":"https:\/\/www.gasia.com.tr\/en\/wp-json\/wp\/v2\/comments?post=41688"}],"version-history":[{"count":2,"href":"https:\/\/www.gasia.com.tr\/en\/wp-json\/wp\/v2\/product\/41688\/revisions"}],"predecessor-version":[{"id":41805,"href":"https:\/\/www.gasia.com.tr\/en\/wp-json\/wp\/v2\/product\/41688\/revisions\/41805"}],"wp:featuredmedia":[{"embeddable":true,"href":"https:\/\/www.gasia.com.tr\/en\/wp-json\/wp\/v2\/media\/41689"}],"wp:attachment":[{"href":"https:\/\/www.gasia.com.tr\/en\/wp-json\/wp\/v2\/media?parent=41688"}],"wp:term":[{"taxonomy":"product_brand","embeddable":true,"href":"https:\/\/www.gasia.com.tr\/en\/wp-json\/wp\/v2\/product_brand?post=41688"},{"taxonomy":"product_cat","embeddable":true,"href":"https:\/\/www.gasia.com.tr\/en\/wp-json\/wp\/v2\/product_cat?post=41688"},{"taxonomy":"product_tag","embeddable":true,"href":"https:\/\/www.gasia.com.tr\/en\/wp-json\/wp\/v2\/product_tag?post=41688"}],"curies":[{"name":"wp","href":"https:\/\/api.w.org\/{rel}","templated":true}]}}