{"id":41692,"date":"2026-01-11T00:00:00","date_gmt":"2026-01-10T21:00:00","guid":{"rendered":"https:\/\/www.gasia.com.tr\/?post_type=product&#038;p=41692"},"modified":"2026-04-10T13:26:55","modified_gmt":"2026-04-10T10:26:55","slug":"sedef-goz-kolye-2","status":"publish","type":"product","link":"https:\/\/www.gasia.com.tr\/en\/collections\/sedef-goz-kolye-2\/","title":{"rendered":"Sedef G\u00f6z Kolye"},"content":{"rendered":"<p>Do\u011fal sedef y\u00fczey \u00fczerine i\u015flenen zarif g\u00f6z motifi, bu kolyeye sade ama etkileyici bir karakter kazand\u0131r\u0131r. Mavi g\u00f6z detay\u0131 ile kontrast olu\u015fturan parlak sedef zemin, \u0131\u015f\u0131kla birlikte farkl\u0131 yans\u0131malar sunarak tasar\u0131m\u0131 canl\u0131 hale getirir. Minimal alt\u0131n \u00e7er\u00e7eve ve zincir ile tamamlanan bu par\u00e7a, hem modern hem anlam y\u00fckl\u00fc bir stil sunar. G\u00fcnl\u00fck kullan\u0131mda zarif bir dokunu\u015f, \u00f6zel anlarda ise dikkat \u00e7ekici bir tamamlay\u0131c\u0131d\u0131r.<\/p>","protected":false},"excerpt":{"rendered":"<ul>\n<li>14 Ayar Alt\u0131n<\/li>\n<li>Do\u011fal sedef \u00fczerine el i\u015f\u00e7ili\u011fi ile i\u015flenmi\u015f Nazar G\u00f6z<\/li>\n<li>42 cm Uuznlu\u011funda Zincir<\/li>\n<\/ul>","protected":false},"featured_media":41693,"comment_status":"open","ping_status":"closed","template":"","meta":[],"product_brand":[2718,2719],"product_cat":[247,75,198],"product_tag":[278,1637,726,3052,322,2673,473,273,1767,742,1792,987,280,977,2943,2679,1632,476],"class_list":{"0":"post-41692","1":"product","2":"type-product","3":"status-publish","4":"has-post-thumbnail","6":"product_brand-gasia-casuals","7":"product_brand-gasia-protect","8":"product_cat-hediyelik","9":"product_cat-kolye","10":"product_cat-eye-collection","11":"product_tag-altin-kolye","12":"product_tag-elegant-necklace","13":"product_tag-evil-eye-necklace","14":"product_tag-eye-necklace","15":"product_tag-gold-necklace","16":"product_tag-goz-kolye","17":"product_tag-kadin-kolye","18":"product_tag-minimal-kolye","19":"product_tag-minimalist-necklace","20":"product_tag-modern-jewelry","21":"product_tag-modern-taki","22":"product_tag-mother-of-pearl-necklace","23":"product_tag-nazar-kolye","24":"product_tag-sedef-kolye","25":"product_tag-sembolik-taki","26":"product_tag-symbolic-jewelry","27":"product_tag-women-necklace","28":"product_tag-zarif-kolye","29":"pa_cinsiyet-kadin","31":"first","32":"instock","33":"sale","34":"shipping-taxable","35":"purchasable","36":"product-type-simple"},"_links":{"self":[{"href":"https:\/\/www.gasia.com.tr\/en\/wp-json\/wp\/v2\/product\/41692","targetHints":{"allow":["GET"]}}],"collection":[{"href":"https:\/\/www.gasia.com.tr\/en\/wp-json\/wp\/v2\/product"}],"about":[{"href":"https:\/\/www.gasia.com.tr\/en\/wp-json\/wp\/v2\/types\/product"}],"replies":[{"embeddable":true,"href":"https:\/\/www.gasia.com.tr\/en\/wp-json\/wp\/v2\/comments?post=41692"}],"version-history":[{"count":2,"href":"https:\/\/www.gasia.com.tr\/en\/wp-json\/wp\/v2\/product\/41692\/revisions"}],"predecessor-version":[{"id":41807,"href":"https:\/\/www.gasia.com.tr\/en\/wp-json\/wp\/v2\/product\/41692\/revisions\/41807"}],"wp:featuredmedia":[{"embeddable":true,"href":"https:\/\/www.gasia.com.tr\/en\/wp-json\/wp\/v2\/media\/41693"}],"wp:attachment":[{"href":"https:\/\/www.gasia.com.tr\/en\/wp-json\/wp\/v2\/media?parent=41692"}],"wp:term":[{"taxonomy":"product_brand","embeddable":true,"href":"https:\/\/www.gasia.com.tr\/en\/wp-json\/wp\/v2\/product_brand?post=41692"},{"taxonomy":"product_cat","embeddable":true,"href":"https:\/\/www.gasia.com.tr\/en\/wp-json\/wp\/v2\/product_cat?post=41692"},{"taxonomy":"product_tag","embeddable":true,"href":"https:\/\/www.gasia.com.tr\/en\/wp-json\/wp\/v2\/product_tag?post=41692"}],"curies":[{"name":"wp","href":"https:\/\/api.w.org\/{rel}","templated":true}]}}