{"id":41696,"date":"2026-03-04T22:09:52","date_gmt":"2026-03-04T19:09:52","guid":{"rendered":"https:\/\/www.gasia.com.tr\/?post_type=product&#038;p=41696"},"modified":"2026-04-10T12:54:11","modified_gmt":"2026-04-10T09:54:11","slug":"sedef-fatima-ana-eli-kolye","status":"publish","type":"product","link":"https:\/\/www.gasia.com.tr\/en\/collections\/sedef-fatima-ana-eli-kolye\/","title":{"rendered":"Sedef Fatima Ana Eli Kolye"},"content":{"rendered":"<p>Do\u011fal sedef zemin \u00fczerine i\u015flenen Fatima Ana Eli motifi, bu kolyeye hem anlam hem de zarif bir estetik kazand\u0131r\u0131r. Canl\u0131 mercan tonlar\u0131ndaki desen, sedefin yumu\u015fak \u0131\u015f\u0131lt\u0131s\u0131yla kontrast olu\u015fturarak dikkat \u00e7ekici bir g\u00f6r\u00fcn\u00fcm sunar. Okside detayl\u0131 \u00e7er\u00e7eve, tasar\u0131ma vintage bir karakter katarken, sembolik anlam\u0131 ile koruyucu ve \u015fans getirdi\u011fine inan\u0131lan \u00f6zel bir par\u00e7a olarak \u00f6ne \u00e7\u0131kar.<\/p>","protected":false},"excerpt":{"rendered":"<ul>\n<li>14 Ayar Alt\u0131n<\/li>\n<li>925 Ayar G\u00fcm\u00fc\u015f<\/li>\n<li>Do\u011fal sedef \u00fczerine el i\u015f\u00e7ili\u011fi ile i\u015flenmi\u015f Fatima Eli<\/li>\n<li>42 cm Uuznlu\u011funda Zincir<\/li>\n<\/ul>","protected":false},"featured_media":41697,"comment_status":"open","ping_status":"closed","template":"","meta":[],"product_brand":[2718,2719],"product_cat":[247,75,198],"product_tag":[278,3202,3201,726,747,322,744,473,1675,987,280,2079,3198,284,977,1459,2728,1632],"class_list":{"0":"post-41696","1":"product","2":"type-product","3":"status-publish","4":"has-post-thumbnail","6":"product_brand-gasia-casuals","7":"product_brand-gasia-protect","8":"product_cat-hediyelik","9":"product_cat-kolye","10":"product_cat-eye-collection","11":"product_tag-altin-kolye","12":"product_tag-ethnic-jewelry","13":"product_tag-etnik-taki","14":"product_tag-evil-eye-necklace","15":"product_tag-fatma-ana-eli-kolye","16":"product_tag-gold-necklace","17":"product_tag-hamsa-necklace","18":"product_tag-kadin-kolye","19":"product_tag-lucky-necklace","20":"product_tag-mother-of-pearl-necklace","21":"product_tag-nazar-kolye","22":"product_tag-okside-kolye","23":"product_tag-oxidized-necklace","24":"product_tag-sans-kolyesi","25":"product_tag-sedef-kolye","26":"product_tag-sembolik-kolye","27":"product_tag-symbolic-necklace","28":"product_tag-women-necklace","29":"pa_cinsiyet-kadin","31":"first","32":"instock","33":"shipping-taxable","34":"purchasable","35":"product-type-simple"},"_links":{"self":[{"href":"https:\/\/www.gasia.com.tr\/en\/wp-json\/wp\/v2\/product\/41696","targetHints":{"allow":["GET"]}}],"collection":[{"href":"https:\/\/www.gasia.com.tr\/en\/wp-json\/wp\/v2\/product"}],"about":[{"href":"https:\/\/www.gasia.com.tr\/en\/wp-json\/wp\/v2\/types\/product"}],"replies":[{"embeddable":true,"href":"https:\/\/www.gasia.com.tr\/en\/wp-json\/wp\/v2\/comments?post=41696"}],"version-history":[{"count":2,"href":"https:\/\/www.gasia.com.tr\/en\/wp-json\/wp\/v2\/product\/41696\/revisions"}],"predecessor-version":[{"id":41804,"href":"https:\/\/www.gasia.com.tr\/en\/wp-json\/wp\/v2\/product\/41696\/revisions\/41804"}],"wp:featuredmedia":[{"embeddable":true,"href":"https:\/\/www.gasia.com.tr\/en\/wp-json\/wp\/v2\/media\/41697"}],"wp:attachment":[{"href":"https:\/\/www.gasia.com.tr\/en\/wp-json\/wp\/v2\/media?parent=41696"}],"wp:term":[{"taxonomy":"product_brand","embeddable":true,"href":"https:\/\/www.gasia.com.tr\/en\/wp-json\/wp\/v2\/product_brand?post=41696"},{"taxonomy":"product_cat","embeddable":true,"href":"https:\/\/www.gasia.com.tr\/en\/wp-json\/wp\/v2\/product_cat?post=41696"},{"taxonomy":"product_tag","embeddable":true,"href":"https:\/\/www.gasia.com.tr\/en\/wp-json\/wp\/v2\/product_tag?post=41696"}],"curies":[{"name":"wp","href":"https:\/\/api.w.org\/{rel}","templated":true}]}}