{"id":41700,"date":"2026-01-11T22:11:58","date_gmt":"2026-01-11T19:11:58","guid":{"rendered":"https:\/\/www.gasia.com.tr\/?post_type=product&#038;p=41700"},"modified":"2026-04-10T12:47:58","modified_gmt":"2026-04-10T09:47:58","slug":"damla-sedef-nazar-goz-kolye","status":"publish","type":"product","link":"https:\/\/www.gasia.com.tr\/en\/collections\/damla-sedef-nazar-goz-kolye\/","title":{"rendered":"Damla Sedef Nazar G\u00f6z Kolye"},"content":{"rendered":"<p>Do\u011fal sedefin zarif \u0131\u015f\u0131lt\u0131s\u0131 \u00fczerine i\u015flenen nazar g\u00f6z detay\u0131, bu kolyeye hem estetik hem de anlam katar. Damla formu, boyunda \u015f\u0131k ve dengeli bir duru\u015f sa\u011flarken, okside \u00e7er\u00e7eve tasar\u0131ma vintage bir karakter kazand\u0131r\u0131r. Nazar g\u00f6z motifi, k\u00f6t\u00fc enerjilere kar\u015f\u0131 koruyucu bir sembol olarak bilinir ve bu \u00f6zel par\u00e7a ile stilinize anlaml\u0131 bir dokunu\u015f ekler.<\/p>","protected":false},"excerpt":{"rendered":"<ul>\n<li>14 Ayar Alt\u0131n<\/li>\n<li>925 Ayar G\u00fcm\u00fc\u015f<\/li>\n<li>Do\u011fal sedef \u00fczerine el i\u015f\u00e7ili\u011fi ile i\u015flenmi\u015f Nazar G\u00f6z<\/li>\n<li>42 cm Uuznlu\u011funda Zincir<\/li>\n<\/ul>","protected":false},"featured_media":41701,"comment_status":"open","ping_status":"closed","template":"","meta":[],"product_brand":[2718,2719],"product_cat":[247,75,198],"product_tag":[1476,1029,1824,726,1647,473,1511,1311,1202,3203,1415,977,1413,2679,2953,1632],"class_list":{"0":"post-41700","1":"product","2":"type-product","3":"status-publish","4":"has-post-thumbnail","6":"product_brand-gasia-casuals","7":"product_brand-gasia-protect","8":"product_cat-hediyelik","9":"product_cat-kolye","10":"product_cat-eye-collection","11":"product_tag-altin-zincir-kolye","12":"product_tag-anlamli-taki","13":"product_tag-damla-kolye","14":"product_tag-evil-eye-necklace","15":"product_tag-gold-chain-necklace","16":"product_tag-kadin-kolye","17":"product_tag-koruyucu-kolye","18":"product_tag-mother-of-pearl-evil-eye-necklace","19":"product_tag-nazar-goz-kolye","20":"product_tag-pearl-shell-necklace","21":"product_tag-protective-jewelry","22":"product_tag-sedef-kolye","23":"product_tag-sedef-nazar-kolye","24":"product_tag-symbolic-jewelry","25":"product_tag-teardrop-necklace","26":"product_tag-women-necklace","27":"pa_cinsiyet-kadin","29":"first","30":"instock","31":"shipping-taxable","32":"purchasable","33":"product-type-simple"},"_links":{"self":[{"href":"https:\/\/www.gasia.com.tr\/en\/wp-json\/wp\/v2\/product\/41700","targetHints":{"allow":["GET"]}}],"collection":[{"href":"https:\/\/www.gasia.com.tr\/en\/wp-json\/wp\/v2\/product"}],"about":[{"href":"https:\/\/www.gasia.com.tr\/en\/wp-json\/wp\/v2\/types\/product"}],"replies":[{"embeddable":true,"href":"https:\/\/www.gasia.com.tr\/en\/wp-json\/wp\/v2\/comments?post=41700"}],"version-history":[{"count":2,"href":"https:\/\/www.gasia.com.tr\/en\/wp-json\/wp\/v2\/product\/41700\/revisions"}],"predecessor-version":[{"id":41802,"href":"https:\/\/www.gasia.com.tr\/en\/wp-json\/wp\/v2\/product\/41700\/revisions\/41802"}],"wp:featuredmedia":[{"embeddable":true,"href":"https:\/\/www.gasia.com.tr\/en\/wp-json\/wp\/v2\/media\/41701"}],"wp:attachment":[{"href":"https:\/\/www.gasia.com.tr\/en\/wp-json\/wp\/v2\/media?parent=41700"}],"wp:term":[{"taxonomy":"product_brand","embeddable":true,"href":"https:\/\/www.gasia.com.tr\/en\/wp-json\/wp\/v2\/product_brand?post=41700"},{"taxonomy":"product_cat","embeddable":true,"href":"https:\/\/www.gasia.com.tr\/en\/wp-json\/wp\/v2\/product_cat?post=41700"},{"taxonomy":"product_tag","embeddable":true,"href":"https:\/\/www.gasia.com.tr\/en\/wp-json\/wp\/v2\/product_tag?post=41700"}],"curies":[{"name":"wp","href":"https:\/\/api.w.org\/{rel}","templated":true}]}}