{"id":41703,"date":"2026-01-04T00:00:00","date_gmt":"2026-01-03T21:00:00","guid":{"rendered":"https:\/\/www.gasia.com.tr\/?post_type=product&#038;p=41703"},"modified":"2026-04-21T14:39:15","modified_gmt":"2026-04-21T11:39:15","slug":"aquamarine-fancy-pirlanta-kolye","status":"publish","type":"product","link":"https:\/\/www.gasia.com.tr\/en\/collections\/aquamarine-fancy-pirlanta-kolye\/","title":{"rendered":"Aquamarine &amp; Fancy P\u0131rlanta Kolye"},"content":{"rendered":"<p>Yumu\u015fak mavi tonlar\u0131yla huzur veren aquamarine ta\u015f\u0131, \u00e7evresini saran sar\u0131 tonlu fancy p\u0131rlantalarla s\u0131cak ve \u0131\u015f\u0131lt\u0131l\u0131 bir kontrast olu\u015fturur. Oval kesim ana ta\u015f ve zarif \u00fcst detay, kolyeye sofistike ve dengeli bir g\u00f6r\u00fcn\u00fcm kazand\u0131r\u0131r. Hem g\u00fcnl\u00fck \u015f\u0131kl\u0131kta hem de \u00f6zel davetlerde \u00f6ne \u00e7\u0131kan bu tasar\u0131m, modern zarafet ile klasik \u0131\u015f\u0131lt\u0131y\u0131 bir araya getirir.<\/p>","protected":false},"excerpt":{"rendered":"<ul>\n<li>18 Ayar Alt\u0131n<\/li>\n<li>1,10 Ct 52 Adet\u00a0 P\u0131rlanta<\/li>\n<li>11,42 ct 2 adet Aquamarin<\/li>\n<li>45 cm Uzunlu\u011funda Zincir<\/li>\n<\/ul>","protected":false},"featured_media":41704,"comment_status":"open","ping_status":"closed","template":"","meta":[],"product_brand":[2718],"product_cat":[75],"product_tag":[278,2920,2923,1637,1480,3204,322,473,1667,1668,2929,1635,1363,1632,3205,476],"class_list":{"0":"post-41703","1":"product","2":"type-product","3":"status-publish","4":"has-post-thumbnail","6":"product_brand-gasia-casuals","7":"product_cat-kolye","8":"product_tag-altin-kolye","9":"product_tag-aquamarine-kolye","10":"product_tag-aquamarine-necklace","11":"product_tag-elegant-necklace","12":"product_tag-fancy-diamond-necklace","13":"product_tag-fancy-pirlanta-kolye","14":"product_tag-gold-necklace","15":"product_tag-kadin-kolye","16":"product_tag-luks-taki","17":"product_tag-luxury-jewelry","18":"product_tag-oval-gemstone-necklace","19":"product_tag-oval-tas-kolye","20":"product_tag-sari-pirlanta-kolye","21":"product_tag-women-necklace","22":"product_tag-yellow-diamond-jewelry","23":"product_tag-zarif-kolye","24":"pa_cinsiyet-kadin","26":"first","27":"instock","28":"shipping-taxable","29":"purchasable","30":"product-type-simple"},"_links":{"self":[{"href":"https:\/\/www.gasia.com.tr\/en\/wp-json\/wp\/v2\/product\/41703","targetHints":{"allow":["GET"]}}],"collection":[{"href":"https:\/\/www.gasia.com.tr\/en\/wp-json\/wp\/v2\/product"}],"about":[{"href":"https:\/\/www.gasia.com.tr\/en\/wp-json\/wp\/v2\/types\/product"}],"replies":[{"embeddable":true,"href":"https:\/\/www.gasia.com.tr\/en\/wp-json\/wp\/v2\/comments?post=41703"}],"version-history":[{"count":1,"href":"https:\/\/www.gasia.com.tr\/en\/wp-json\/wp\/v2\/product\/41703\/revisions"}],"predecessor-version":[{"id":41801,"href":"https:\/\/www.gasia.com.tr\/en\/wp-json\/wp\/v2\/product\/41703\/revisions\/41801"}],"wp:featuredmedia":[{"embeddable":true,"href":"https:\/\/www.gasia.com.tr\/en\/wp-json\/wp\/v2\/media\/41704"}],"wp:attachment":[{"href":"https:\/\/www.gasia.com.tr\/en\/wp-json\/wp\/v2\/media?parent=41703"}],"wp:term":[{"taxonomy":"product_brand","embeddable":true,"href":"https:\/\/www.gasia.com.tr\/en\/wp-json\/wp\/v2\/product_brand?post=41703"},{"taxonomy":"product_cat","embeddable":true,"href":"https:\/\/www.gasia.com.tr\/en\/wp-json\/wp\/v2\/product_cat?post=41703"},{"taxonomy":"product_tag","embeddable":true,"href":"https:\/\/www.gasia.com.tr\/en\/wp-json\/wp\/v2\/product_tag?post=41703"}],"curies":[{"name":"wp","href":"https:\/\/api.w.org\/{rel}","templated":true}]}}