{"id":41707,"date":"2026-01-11T22:14:41","date_gmt":"2026-01-11T19:14:41","guid":{"rendered":"https:\/\/www.gasia.com.tr\/?post_type=product&#038;p=41707"},"modified":"2026-04-10T11:56:32","modified_gmt":"2026-04-10T08:56:32","slug":"seramik-nazar-kolye","status":"publish","type":"product","link":"https:\/\/www.gasia.com.tr\/en\/collections\/seramik-nazar-kolye\/","title":{"rendered":"Seramik Nazar Kolye"},"content":{"rendered":"<p>El i\u015f\u00e7ili\u011fi seramik y\u00fczeyi ile \u00f6ne \u00e7\u0131kan bu nazar kolye, geleneksel nazarl\u0131k formunu modern bir yorumla sunar. Canl\u0131 renk katmanlar\u0131 ve mat dokusu, tasar\u0131ma \u00f6zg\u00fcn bir karakter kazand\u0131r\u0131rken, alt\u0131n \u00e7er\u00e7eve ile dengeli ve \u015f\u0131k bir g\u00f6r\u00fcn\u00fcm elde edilir. Nazar sembol\u00fc, k\u00f6t\u00fc enerjilere kar\u015f\u0131 koruyucu anlam\u0131 ile bilinir ve bu \u00f6zel par\u00e7a stilinize hem anlam hem de farkl\u0131l\u0131k katar. G\u00fcnl\u00fck kullan\u0131mda rahatl\u0131kla tercih edilebilecek dikkat \u00e7ekici bir aksesuard\u0131r.<\/p>","protected":false},"excerpt":{"rendered":"<ul>\n<li>24 Ayar Saf Alt\u0131n<\/li>\n<li>18 Ayar Alt\u0131n<\/li>\n<li>925 Ayar Okside g\u00fcm\u00fc\u015f<\/li>\n<li>50 cm Uzunluk<\/li>\n<\/ul>","protected":false},"featured_media":41708,"comment_status":"open","ping_status":"closed","template":"","meta":[],"product_brand":[2718,2719],"product_cat":[247,75,198],"product_tag":[278,3207,3209,2889,735,322,2891,473,1511,742,1792,1204,1415,3208,3206,1632],"class_list":{"0":"post-41707","1":"product","2":"type-product","3":"status-publish","4":"has-post-thumbnail","6":"product_brand-gasia-casuals","7":"product_brand-gasia-protect","8":"product_cat-hediyelik","9":"product_cat-kolye","10":"product_cat-eye-collection","11":"product_tag-altin-kolye","12":"product_tag-ceramic-evil-eye-necklace","13":"product_tag-colorful-evil-eye-necklace","14":"product_tag-el-yapimi-taki","15":"product_tag-evil-eye-jewelry","16":"product_tag-gold-necklace","17":"product_tag-handmade-jewelry","18":"product_tag-kadin-kolye","19":"product_tag-koruyucu-kolye","20":"product_tag-modern-jewelry","21":"product_tag-modern-taki","22":"product_tag-nazarlik-kolye","23":"product_tag-protective-jewelry","24":"product_tag-renkli-nazar-kolye","25":"product_tag-seramik-nazar-kolye","26":"product_tag-women-necklace","27":"pa_cinsiyet-kadin","29":"first","30":"instock","31":"shipping-taxable","32":"purchasable","33":"product-type-simple"},"_links":{"self":[{"href":"https:\/\/www.gasia.com.tr\/en\/wp-json\/wp\/v2\/product\/41707","targetHints":{"allow":["GET"]}}],"collection":[{"href":"https:\/\/www.gasia.com.tr\/en\/wp-json\/wp\/v2\/product"}],"about":[{"href":"https:\/\/www.gasia.com.tr\/en\/wp-json\/wp\/v2\/types\/product"}],"replies":[{"embeddable":true,"href":"https:\/\/www.gasia.com.tr\/en\/wp-json\/wp\/v2\/comments?post=41707"}],"version-history":[{"count":2,"href":"https:\/\/www.gasia.com.tr\/en\/wp-json\/wp\/v2\/product\/41707\/revisions"}],"predecessor-version":[{"id":41788,"href":"https:\/\/www.gasia.com.tr\/en\/wp-json\/wp\/v2\/product\/41707\/revisions\/41788"}],"wp:featuredmedia":[{"embeddable":true,"href":"https:\/\/www.gasia.com.tr\/en\/wp-json\/wp\/v2\/media\/41708"}],"wp:attachment":[{"href":"https:\/\/www.gasia.com.tr\/en\/wp-json\/wp\/v2\/media?parent=41707"}],"wp:term":[{"taxonomy":"product_brand","embeddable":true,"href":"https:\/\/www.gasia.com.tr\/en\/wp-json\/wp\/v2\/product_brand?post=41707"},{"taxonomy":"product_cat","embeddable":true,"href":"https:\/\/www.gasia.com.tr\/en\/wp-json\/wp\/v2\/product_cat?post=41707"},{"taxonomy":"product_tag","embeddable":true,"href":"https:\/\/www.gasia.com.tr\/en\/wp-json\/wp\/v2\/product_tag?post=41707"}],"curies":[{"name":"wp","href":"https:\/\/api.w.org\/{rel}","templated":true}]}}