{"id":41711,"date":"2026-01-11T22:15:53","date_gmt":"2026-01-11T19:15:53","guid":{"rendered":"https:\/\/www.gasia.com.tr\/?post_type=product&#038;p=41711"},"modified":"2026-04-10T12:27:47","modified_gmt":"2026-04-10T09:27:47","slug":"sedef-nazar-kolye","status":"publish","type":"product","link":"https:\/\/www.gasia.com.tr\/en\/collections\/sedef-nazar-kolye\/","title":{"rendered":"Sedef Nazar Kolye"},"content":{"rendered":"<p data-start=\"79\" data-end=\"448\">Do\u011fal sedefin zarif ve \u0131\u015f\u0131\u011f\u0131 yans\u0131tan y\u00fczeyi, merkezde yer alan sade nazar detay\u0131 ile modern bir minimalizme d\u00f6n\u00fc\u015f\u00fcyor. Etraf\u0131n\u0131 saran p\u0131rlanta dizilimi, tasar\u0131ma ince bir \u0131\u015f\u0131lt\u0131 katarken, okside \u00e7er\u00e7eve ile sofistike bir kontrast olu\u015fturur. G\u00fcnl\u00fck \u015f\u0131kl\u0131kta rahatl\u0131kla kullan\u0131labilecek bu kolye, hem sade hem anlaml\u0131 bir aksesuar arayanlar i\u00e7in zamans\u0131z bir par\u00e7ad\u0131r.<\/p>","protected":false},"excerpt":{"rendered":"<ul>\n<li>18 Ayar Alt\u0131n<\/li>\n<li>925 Ayar Okside G\u00fcm\u00fc\u015f<\/li>\n<li>0,17 ct P\u0131rlanta<\/li>\n<li>42 cm Uzunlu\u011funda Zincir<\/li>\n<\/ul>","protected":false},"featured_media":41712,"comment_status":"open","ping_status":"closed","template":"","meta":[],"product_brand":[2718,2719],"product_cat":[247,75,198],"product_tag":[1476,1605,726,1647,473,273,323,742,1792,1311,280,472,1413,1632],"class_list":{"0":"post-41711","1":"product","2":"type-product","3":"status-publish","4":"has-post-thumbnail","6":"product_brand-gasia-casuals","7":"product_brand-gasia-protect","8":"product_cat-hediyelik","9":"product_cat-kolye","10":"product_cat-eye-collection","11":"product_tag-altin-zincir-kolye","12":"product_tag-diamond-detail-necklace","13":"product_tag-evil-eye-necklace","14":"product_tag-gold-chain-necklace","15":"product_tag-kadin-kolye","16":"product_tag-minimal-kolye","17":"product_tag-minimal-necklace","18":"product_tag-modern-jewelry","19":"product_tag-modern-taki","20":"product_tag-mother-of-pearl-evil-eye-necklace","21":"product_tag-nazar-kolye","22":"product_tag-pirlanta-detayli-kolye","23":"product_tag-sedef-nazar-kolye","24":"product_tag-women-necklace","25":"pa_cinsiyet-kadin","27":"first","28":"instock","29":"shipping-taxable","30":"purchasable","31":"product-type-simple"},"_links":{"self":[{"href":"https:\/\/www.gasia.com.tr\/en\/wp-json\/wp\/v2\/product\/41711","targetHints":{"allow":["GET"]}}],"collection":[{"href":"https:\/\/www.gasia.com.tr\/en\/wp-json\/wp\/v2\/product"}],"about":[{"href":"https:\/\/www.gasia.com.tr\/en\/wp-json\/wp\/v2\/types\/product"}],"replies":[{"embeddable":true,"href":"https:\/\/www.gasia.com.tr\/en\/wp-json\/wp\/v2\/comments?post=41711"}],"version-history":[{"count":2,"href":"https:\/\/www.gasia.com.tr\/en\/wp-json\/wp\/v2\/product\/41711\/revisions"}],"predecessor-version":[{"id":41794,"href":"https:\/\/www.gasia.com.tr\/en\/wp-json\/wp\/v2\/product\/41711\/revisions\/41794"}],"wp:featuredmedia":[{"embeddable":true,"href":"https:\/\/www.gasia.com.tr\/en\/wp-json\/wp\/v2\/media\/41712"}],"wp:attachment":[{"href":"https:\/\/www.gasia.com.tr\/en\/wp-json\/wp\/v2\/media?parent=41711"}],"wp:term":[{"taxonomy":"product_brand","embeddable":true,"href":"https:\/\/www.gasia.com.tr\/en\/wp-json\/wp\/v2\/product_brand?post=41711"},{"taxonomy":"product_cat","embeddable":true,"href":"https:\/\/www.gasia.com.tr\/en\/wp-json\/wp\/v2\/product_cat?post=41711"},{"taxonomy":"product_tag","embeddable":true,"href":"https:\/\/www.gasia.com.tr\/en\/wp-json\/wp\/v2\/product_tag?post=41711"}],"curies":[{"name":"wp","href":"https:\/\/api.w.org\/{rel}","templated":true}]}}