{"id":41715,"date":"2026-01-11T22:17:15","date_gmt":"2026-01-11T19:17:15","guid":{"rendered":"https:\/\/www.gasia.com.tr\/?post_type=product&#038;p=41715"},"modified":"2026-04-10T12:22:57","modified_gmt":"2026-04-10T09:22:57","slug":"kalp-nazar-kolye","status":"publish","type":"product","link":"https:\/\/www.gasia.com.tr\/en\/collections\/kalp-nazar-kolye\/","title":{"rendered":"Kalp Nazar Kolye"},"content":{"rendered":"<p>Kalp formu ile duygusal bir anlam ta\u015f\u0131yan bu \u00f6zel kolye, merkezindeki nazar g\u00f6z detay\u0131yla koruyucu sembolizmi zarif bir tasar\u0131mla bulu\u015fturur. Alt\u0131n tonlu y\u00fczey ve etraf\u0131n\u0131 saran p\u0131rlanta detaylar, par\u00e7aya s\u0131cak ve \u0131\u015f\u0131lt\u0131l\u0131 bir g\u00f6r\u00fcn\u00fcm kazand\u0131r\u0131r. Hem romantik hem de anlam y\u00fckl\u00fc bir aksesuar arayanlar i\u00e7in ideal olan bu kolye, g\u00fcnl\u00fck \u015f\u0131kl\u0131\u011f\u0131 tamamlayan \u00f6zg\u00fcn bir par\u00e7ad\u0131r.<\/p>","protected":false},"excerpt":{"rendered":"<ul>\n<li>14 Ayar Alt\u0131n<\/li>\n<li>8 Ayar Alt\u0131n<\/li>\n<li>925 Ayar G\u00fcm\u00fc\u015f<\/li>\n<li>0,21 ct P\u0131rlanta<\/li>\n<li>42 cm Uzunlu\u011funda Zincir<\/li>\n<\/ul>","protected":false},"featured_media":41716,"comment_status":"open","ping_status":"closed","template":"","meta":[],"product_brand":[2718,2719],"product_cat":[247,75,198],"product_tag":[278,1029,1605,726,322,2758,473,2756,280,472,3057,1434,2679,1632],"class_list":{"0":"post-41715","1":"product","2":"type-product","3":"status-publish","4":"has-post-thumbnail","6":"product_brand-gasia-casuals","7":"product_brand-gasia-protect","8":"product_cat-hediyelik","9":"product_cat-kolye","10":"product_cat-eye-collection","11":"product_tag-altin-kolye","12":"product_tag-anlamli-taki","13":"product_tag-diamond-detail-necklace","14":"product_tag-evil-eye-necklace","15":"product_tag-gold-necklace","16":"product_tag-heart-evil-eye-necklace","17":"product_tag-kadin-kolye","18":"product_tag-kalp-nazar-kolye","19":"product_tag-nazar-kolye","20":"product_tag-pirlanta-detayli-kolye","21":"product_tag-romantic-necklace","22":"product_tag-romantik-kolye","23":"product_tag-symbolic-jewelry","24":"product_tag-women-necklace","25":"pa_cinsiyet-kadin","27":"first","28":"instock","29":"sale","30":"shipping-taxable","31":"purchasable","32":"product-type-simple"},"_links":{"self":[{"href":"https:\/\/www.gasia.com.tr\/en\/wp-json\/wp\/v2\/product\/41715","targetHints":{"allow":["GET"]}}],"collection":[{"href":"https:\/\/www.gasia.com.tr\/en\/wp-json\/wp\/v2\/product"}],"about":[{"href":"https:\/\/www.gasia.com.tr\/en\/wp-json\/wp\/v2\/types\/product"}],"replies":[{"embeddable":true,"href":"https:\/\/www.gasia.com.tr\/en\/wp-json\/wp\/v2\/comments?post=41715"}],"version-history":[{"count":2,"href":"https:\/\/www.gasia.com.tr\/en\/wp-json\/wp\/v2\/product\/41715\/revisions"}],"predecessor-version":[{"id":41793,"href":"https:\/\/www.gasia.com.tr\/en\/wp-json\/wp\/v2\/product\/41715\/revisions\/41793"}],"wp:featuredmedia":[{"embeddable":true,"href":"https:\/\/www.gasia.com.tr\/en\/wp-json\/wp\/v2\/media\/41716"}],"wp:attachment":[{"href":"https:\/\/www.gasia.com.tr\/en\/wp-json\/wp\/v2\/media?parent=41715"}],"wp:term":[{"taxonomy":"product_brand","embeddable":true,"href":"https:\/\/www.gasia.com.tr\/en\/wp-json\/wp\/v2\/product_brand?post=41715"},{"taxonomy":"product_cat","embeddable":true,"href":"https:\/\/www.gasia.com.tr\/en\/wp-json\/wp\/v2\/product_cat?post=41715"},{"taxonomy":"product_tag","embeddable":true,"href":"https:\/\/www.gasia.com.tr\/en\/wp-json\/wp\/v2\/product_tag?post=41715"}],"curies":[{"name":"wp","href":"https:\/\/api.w.org\/{rel}","templated":true}]}}