{"id":41719,"date":"2026-01-11T22:18:13","date_gmt":"2026-01-11T19:18:13","guid":{"rendered":"https:\/\/www.gasia.com.tr\/?post_type=product&#038;p=41719"},"modified":"2026-04-10T12:19:59","modified_gmt":"2026-04-10T09:19:59","slug":"kalp-nazar-altin-kolye","status":"publish","type":"product","link":"https:\/\/www.gasia.com.tr\/en\/collections\/kalp-nazar-altin-kolye\/","title":{"rendered":"Kalp Nazar Alt\u0131n Kolye"},"content":{"rendered":"<p>Alt\u0131n zemin \u00fczerine yerle\u015ftirilen canl\u0131 mavi nazar g\u00f6z detay\u0131, bu kalp formundaki kolyeye g\u00fc\u00e7l\u00fc ve dikkat \u00e7ekici bir karakter kazand\u0131r\u0131r. Etraf\u0131n\u0131 saran p\u0131rlanta \u00e7er\u00e7eve, tasar\u0131ma zarif bir \u0131\u015f\u0131lt\u0131 katarken \u00fcst b\u00f6l\u00fcmdeki k\u00fc\u00e7\u00fck nazar detay\u0131 b\u00fct\u00fcnl\u00fc\u011f\u00fc tamamlar. Hem koruyucu anlam\u0131 hem de romantik formu ile \u00f6ne \u00e7\u0131kan bu kolye, stiline anlam ve \u015f\u0131kl\u0131k katmak isteyenler i\u00e7in \u00f6zel bir se\u00e7imdir.<\/p>","protected":false},"excerpt":{"rendered":"<ul>\n<li>14 Ayar Alt\u0131n<\/li>\n<li>8 Ayar Alt\u0131n<\/li>\n<li>925 Ayar G\u00fcm\u00fc\u015f<\/li>\n<li>0,16 ct P\u0131rlanta<\/li>\n<li>42 cm Uzunlu\u011funda Zincir<\/li>\n<\/ul>","protected":false},"featured_media":41720,"comment_status":"open","ping_status":"closed","template":"","meta":[],"product_brand":[2718,2719],"product_cat":[247,75,198],"product_tag":[1412,1029,1605,735,1414,2758,473,2756,1511,1202,472,1415,2679,1632],"class_list":{"0":"post-41719","1":"product","2":"type-product","3":"status-publish","4":"has-post-thumbnail","6":"product_brand-gasia-casuals","7":"product_brand-gasia-protect","8":"product_cat-hediyelik","9":"product_cat-kolye","10":"product_cat-eye-collection","11":"product_tag-altin-nazar-kolye","12":"product_tag-anlamli-taki","13":"product_tag-diamond-detail-necklace","14":"product_tag-evil-eye-jewelry","15":"product_tag-gold-evil-eye-necklace","16":"product_tag-heart-evil-eye-necklace","17":"product_tag-kadin-kolye","18":"product_tag-kalp-nazar-kolye","19":"product_tag-koruyucu-kolye","20":"product_tag-nazar-goz-kolye","21":"product_tag-pirlanta-detayli-kolye","22":"product_tag-protective-jewelry","23":"product_tag-symbolic-jewelry","24":"product_tag-women-necklace","25":"pa_cinsiyet-kadin","27":"first","28":"instock","29":"sale","30":"shipping-taxable","31":"purchasable","32":"product-type-simple"},"_links":{"self":[{"href":"https:\/\/www.gasia.com.tr\/en\/wp-json\/wp\/v2\/product\/41719","targetHints":{"allow":["GET"]}}],"collection":[{"href":"https:\/\/www.gasia.com.tr\/en\/wp-json\/wp\/v2\/product"}],"about":[{"href":"https:\/\/www.gasia.com.tr\/en\/wp-json\/wp\/v2\/types\/product"}],"replies":[{"embeddable":true,"href":"https:\/\/www.gasia.com.tr\/en\/wp-json\/wp\/v2\/comments?post=41719"}],"version-history":[{"count":2,"href":"https:\/\/www.gasia.com.tr\/en\/wp-json\/wp\/v2\/product\/41719\/revisions"}],"predecessor-version":[{"id":41791,"href":"https:\/\/www.gasia.com.tr\/en\/wp-json\/wp\/v2\/product\/41719\/revisions\/41791"}],"wp:featuredmedia":[{"embeddable":true,"href":"https:\/\/www.gasia.com.tr\/en\/wp-json\/wp\/v2\/media\/41720"}],"wp:attachment":[{"href":"https:\/\/www.gasia.com.tr\/en\/wp-json\/wp\/v2\/media?parent=41719"}],"wp:term":[{"taxonomy":"product_brand","embeddable":true,"href":"https:\/\/www.gasia.com.tr\/en\/wp-json\/wp\/v2\/product_brand?post=41719"},{"taxonomy":"product_cat","embeddable":true,"href":"https:\/\/www.gasia.com.tr\/en\/wp-json\/wp\/v2\/product_cat?post=41719"},{"taxonomy":"product_tag","embeddable":true,"href":"https:\/\/www.gasia.com.tr\/en\/wp-json\/wp\/v2\/product_tag?post=41719"}],"curies":[{"name":"wp","href":"https:\/\/api.w.org\/{rel}","templated":true}]}}