{"id":41723,"date":"2026-04-09T22:24:20","date_gmt":"2026-04-09T19:24:20","guid":{"rendered":"https:\/\/www.gasia.com.tr\/?post_type=product&#038;p=41723"},"modified":"2026-04-16T22:49:14","modified_gmt":"2026-04-16T19:49:14","slug":"fil-formlu-turkuaz-ve-pirlanta-detayli-tasarim-yuzuk","status":"publish","type":"product","link":"https:\/\/www.gasia.com.tr\/en\/collections\/fil-formlu-turkuaz-ve-pirlanta-detayli-tasarim-yuzuk\/","title":{"rendered":"Fil Formlu Turkuaz ve P\u0131rlanta Detayl\u0131 Tasar\u0131m Y\u00fcz\u00fck"},"content":{"rendered":"<p data-start=\"114\" data-end=\"459\">Heykelsi formu ile \u00f6ne \u00e7\u0131kan bu \u00f6zg\u00fcn y\u00fcz\u00fck, fil fig\u00fcr\u00fcnden ilham alan g\u00fc\u00e7l\u00fc ve karakteristik bir tasar\u0131ma sahiptir. Y\u00fczeyde yer alan turkuaz ta\u015flar ve p\u0131rlanta detaylar, par\u00e7aya hem canl\u0131l\u0131k hem de \u0131\u015f\u0131lt\u0131l\u0131 bir kontrast kazand\u0131r\u0131r. Alt\u0131n tonlu hatlar ve oksitli metal dokunun birle\u015fimi, y\u00fcz\u00fc\u011fe modern ve ayn\u0131 zamanda etnik bir derinlik katar.<\/p>\n<p data-start=\"461\" data-end=\"626\">Sanatsal duru\u015fu ve dikkat \u00e7ekici formu ile bu y\u00fcz\u00fck, klasik tak\u0131 anlay\u0131\u015f\u0131n\u0131n \u00f6tesine ge\u00e7erek stil sahibi ve cesur se\u00e7imler yapanlar i\u00e7in benzersiz bir par\u00e7a sunar.<\/p>","protected":false},"excerpt":{"rendered":"<ul>\n<li>18 Ayar Alt\u0131n<\/li>\n<li>925 Ayar Okside G\u00fcm\u00fc\u015f<\/li>\n<li>1,04 ct P\u0131rlanta<\/li>\n<li>0,41 ct Eski Kesim Sar\u0131 P\u0131rlanta<\/li>\n<li>2,11 ct Firuze<\/li>\n<\/ul>","protected":false},"featured_media":42386,"comment_status":"open","ping_status":"closed","template":"","meta":[],"product_brand":[77],"product_cat":[264,76],"product_tag":[3122,654,3211,3213,3212,3210,335,3214,450,340,2174,1284],"class_list":{"0":"post-41723","1":"product","2":"type-product","3":"status-publish","4":"has-post-thumbnail","6":"product_brand-gasia","7":"product_cat-gasia-1974-koleksiyonu","8":"product_cat-yuzuk-modelleri","9":"product_tag-artistic-jewelry","10":"product_tag-diamond-ring","11":"product_tag-elephant-ring","12":"product_tag-ethnic-ring","13":"product_tag-etnik-yuzuk","14":"product_tag-fil-yuzuk","15":"product_tag-pirlanta-yuzuk","16":"product_tag-sanat-yuzuk","17":"product_tag-statement-ring","18":"product_tag-tasarim-yuzuk","19":"product_tag-turkuaz-yuzuk","20":"product_tag-turquoise-ring","21":"pa_cinsiyet-kadin","23":"first","24":"instock","25":"shipping-taxable","26":"product-type-simple"},"_links":{"self":[{"href":"https:\/\/www.gasia.com.tr\/en\/wp-json\/wp\/v2\/product\/41723","targetHints":{"allow":["GET"]}}],"collection":[{"href":"https:\/\/www.gasia.com.tr\/en\/wp-json\/wp\/v2\/product"}],"about":[{"href":"https:\/\/www.gasia.com.tr\/en\/wp-json\/wp\/v2\/types\/product"}],"replies":[{"embeddable":true,"href":"https:\/\/www.gasia.com.tr\/en\/wp-json\/wp\/v2\/comments?post=41723"}],"version-history":[{"count":3,"href":"https:\/\/www.gasia.com.tr\/en\/wp-json\/wp\/v2\/product\/41723\/revisions"}],"predecessor-version":[{"id":42385,"href":"https:\/\/www.gasia.com.tr\/en\/wp-json\/wp\/v2\/product\/41723\/revisions\/42385"}],"wp:featuredmedia":[{"embeddable":true,"href":"https:\/\/www.gasia.com.tr\/en\/wp-json\/wp\/v2\/media\/42386"}],"wp:attachment":[{"href":"https:\/\/www.gasia.com.tr\/en\/wp-json\/wp\/v2\/media?parent=41723"}],"wp:term":[{"taxonomy":"product_brand","embeddable":true,"href":"https:\/\/www.gasia.com.tr\/en\/wp-json\/wp\/v2\/product_brand?post=41723"},{"taxonomy":"product_cat","embeddable":true,"href":"https:\/\/www.gasia.com.tr\/en\/wp-json\/wp\/v2\/product_cat?post=41723"},{"taxonomy":"product_tag","embeddable":true,"href":"https:\/\/www.gasia.com.tr\/en\/wp-json\/wp\/v2\/product_tag?post=41723"}],"curies":[{"name":"wp","href":"https:\/\/api.w.org\/{rel}","templated":true}]}}