{"id":41728,"date":"2026-04-09T22:26:36","date_gmt":"2026-04-09T19:26:36","guid":{"rendered":"https:\/\/www.gasia.com.tr\/?post_type=product&#038;p=41728"},"modified":"2026-04-13T10:33:00","modified_gmt":"2026-04-13T07:33:00","slug":"antik-tapinak-formlu-tam-pirlanta-tasarim-yuzuk","status":"publish","type":"product","link":"https:\/\/www.gasia.com.tr\/en\/collections\/antik-tapinak-formlu-tam-pirlanta-tasarim-yuzuk\/","title":{"rendered":"Antik Tap\u0131nak Formlu Tam P\u0131rlanta Tasar\u0131m Y\u00fcz\u00fck"},"content":{"rendered":"<p data-start=\"109\" data-end=\"376\">Mimari estetikten ilham alan bu \u00f6zg\u00fcn y\u00fcz\u00fck, antik tap\u0131nak formunu zarif bir m\u00fccevher tasar\u0131m\u0131na d\u00f6n\u00fc\u015ft\u00fcr\u00fcyor. S\u00fctun detaylar\u0131 ve \u00fc\u00e7gen al\u0131nl\u0131k formu, g\u00fc\u00e7l\u00fc ve simetrik bir yap\u0131 sunarken, y\u00fczey boyunca yer alan p\u0131rlantalar tasar\u0131ma etkileyici bir \u0131\u015f\u0131lt\u0131 kazand\u0131r\u0131r.<\/p>\n<p data-start=\"378\" data-end=\"650\">Alt\u0131n ve oksitli metal tonlar\u0131n\u0131n dengeli birle\u015fimi, y\u00fcz\u00fc\u011fe hem tarihi bir karakter hem de modern bir \u015f\u0131kl\u0131k katmaktad\u0131r. Sanat, mimari ve m\u00fccevherin bulu\u015ftu\u011fu bu \u00f6zel par\u00e7a; s\u0131radan\u0131n \u00f6tesinde, iddial\u0131 ve koleksiyonluk bir y\u00fcz\u00fck arayanlar i\u00e7in benzersiz bir se\u00e7enektir.<\/p>","protected":false},"excerpt":{"rendered":"<ul>\n<li>24 Ayar Alt\u0131n<\/li>\n<li>925 Ayar Okside G\u00fcm\u00fc\u015f<\/li>\n<li>0,28 ct P\u0131rlanta<\/li>\n<\/ul>","protected":false},"featured_media":41729,"comment_status":"open","ping_status":"closed","template":"","meta":[],"product_brand":[77,2957],"product_cat":[264,76,257],"product_tag":[3185,3219,3218,3221,654,3217,335,450,3220,3215,340,3216],"class_list":{"0":"post-41728","1":"product","2":"type-product","3":"status-publish","4":"has-post-thumbnail","6":"product_brand-gasia","7":"product_brand-gasia-for-man","8":"product_cat-gasia-1974-koleksiyonu","9":"product_cat-yuzuk-modelleri","10":"product_cat-yuzukler","11":"product_tag-antik-stil-yuzuk","12":"product_tag-antique-style-ring","13":"product_tag-architectural-jewelry","14":"product_tag-column-ring","15":"product_tag-diamond-ring","16":"product_tag-mimari-yuzuk","17":"product_tag-pirlanta-yuzuk","18":"product_tag-statement-ring","19":"product_tag-sutunlu-yuzuk","20":"product_tag-tapinak-yuzuk","21":"product_tag-tasarim-yuzuk","22":"product_tag-temple-ring","23":"pa_cinsiyet-erkek","24":"pa_cinsiyet-kadin","26":"first","27":"instock","28":"shipping-taxable","29":"purchasable","30":"product-type-simple"},"_links":{"self":[{"href":"https:\/\/www.gasia.com.tr\/en\/wp-json\/wp\/v2\/product\/41728","targetHints":{"allow":["GET"]}}],"collection":[{"href":"https:\/\/www.gasia.com.tr\/en\/wp-json\/wp\/v2\/product"}],"about":[{"href":"https:\/\/www.gasia.com.tr\/en\/wp-json\/wp\/v2\/types\/product"}],"replies":[{"embeddable":true,"href":"https:\/\/www.gasia.com.tr\/en\/wp-json\/wp\/v2\/comments?post=41728"}],"version-history":[{"count":2,"href":"https:\/\/www.gasia.com.tr\/en\/wp-json\/wp\/v2\/product\/41728\/revisions"}],"predecessor-version":[{"id":41951,"href":"https:\/\/www.gasia.com.tr\/en\/wp-json\/wp\/v2\/product\/41728\/revisions\/41951"}],"wp:featuredmedia":[{"embeddable":true,"href":"https:\/\/www.gasia.com.tr\/en\/wp-json\/wp\/v2\/media\/41729"}],"wp:attachment":[{"href":"https:\/\/www.gasia.com.tr\/en\/wp-json\/wp\/v2\/media?parent=41728"}],"wp:term":[{"taxonomy":"product_brand","embeddable":true,"href":"https:\/\/www.gasia.com.tr\/en\/wp-json\/wp\/v2\/product_brand?post=41728"},{"taxonomy":"product_cat","embeddable":true,"href":"https:\/\/www.gasia.com.tr\/en\/wp-json\/wp\/v2\/product_cat?post=41728"},{"taxonomy":"product_tag","embeddable":true,"href":"https:\/\/www.gasia.com.tr\/en\/wp-json\/wp\/v2\/product_tag?post=41728"}],"curies":[{"name":"wp","href":"https:\/\/api.w.org\/{rel}","templated":true}]}}