{"id":41731,"date":"2025-01-14T22:28:22","date_gmt":"2025-01-14T19:28:22","guid":{"rendered":"https:\/\/www.gasia.com.tr\/?post_type=product&#038;p=41731"},"modified":"2026-04-20T17:41:36","modified_gmt":"2026-04-20T14:41:36","slug":"cift-basli-kartal-motifli-tasarim-yuzuk","status":"publish","type":"product","link":"https:\/\/www.gasia.com.tr\/en\/collections\/cift-basli-kartal-motifli-tasarim-yuzuk\/","title":{"rendered":"\u00c7ift Ba\u015fl\u0131 Kartal Motifli  Tasar\u0131m Y\u00fcz\u00fck"},"content":{"rendered":"<p data-start=\"129\" data-end=\"451\">Derin ve karakteristik dokusuyla \u00f6ne \u00e7\u0131kan abanoz zemin \u00fczerine i\u015flenen bu \u00f6zel y\u00fcz\u00fck, \u00e7ift ba\u015fl\u0131 kartal motifi ile g\u00fc\u00e7l\u00fc bir sembolizm ta\u015f\u0131r. Y\u00fczey boyunca yer alan p\u0131rlantalar, merkezdeki ta\u015f ile birlikte etkileyici bir \u0131\u015f\u0131lt\u0131 sunarken, koyu abanoz ile kontrast olu\u015fturan alt\u0131n tonlu detaylar tasar\u0131ma zenginlik katar.<\/p>\n<p data-start=\"453\" data-end=\"604\">Tarihi ve k\u00fclt\u00fcrel referanslar\u0131 modern m\u00fccevher esteti\u011fiyle bulu\u015fturan bu y\u00fcz\u00fck, hem sanatsal hem de koleksiyonluk de\u011feri y\u00fcksek, \u00f6zg\u00fcn bir par\u00e7ad\u0131r.<\/p>","protected":false},"excerpt":{"rendered":"<ul>\n<li>18 Ayar Alt\u0131n<\/li>\n<li>925 Ayar Okside G\u00fcm\u00fc\u015f<\/li>\n<li>0,22 ct Elmas<\/li>\n<li>0,24 ct P\u0131rlanta<\/li>\n<\/ul>","protected":false},"featured_media":41895,"comment_status":"open","ping_status":"closed","template":"","meta":[],"product_brand":[77],"product_cat":[264,76],"product_tag":[3224,3222,673,3231,3232,3226,565,654,3227,3229,3225,3223,1671,455,3193,3237,1672,3234,3228,653,590,1068,3235,3230,1194,3236,335,2943,450,1193,2679,3192,3233,340],"class_list":{"0":"post-41731","1":"product","2":"type-product","3":"status-publish","4":"has-post-thumbnail","6":"product_brand-gasia","7":"product_cat-gasia-1974-koleksiyonu","8":"product_cat-yuzuk-modelleri","9":"product_tag-abanoz-uzerine-yuzuk","10":"product_tag-abanoz-yuzuk","11":"product_tag-altin-detayli-yuzuk","12":"product_tag-bizans-yuzuk","13":"product_tag-byzantine-ring","14":"product_tag-cift-basli-kartal-yuzuk","15":"product_tag-designer-ring","16":"product_tag-diamond-ring","17":"product_tag-double-headed-eagle-ring","18":"product_tag-eagle-ring","19":"product_tag-ebony-jewelry","20":"product_tag-ebony-ring","21":"product_tag-el-isciligi-taki","22":"product_tag-erkek-yuzuk","23":"product_tag-full-diamond-ring","24":"product_tag-gold-detail-ring","25":"product_tag-handcrafted-jewelry","26":"product_tag-historical-ring","27":"product_tag-kartal-yuzuk","28":"product_tag-luks-yuzuk","29":"product_tag-luxury-ring","30":"product_tag-mens-ring","31":"product_tag-oksitli-detay-yuzuk","32":"product_tag-osmanli-motif-yuzuk","33":"product_tag-ottoman-style-ring","34":"product_tag-oxidized-detail-ring","35":"product_tag-pirlanta-yuzuk","36":"product_tag-sembolik-taki","37":"product_tag-statement-ring","38":"product_tag-statement-yuzuk","39":"product_tag-symbolic-jewelry","40":"product_tag-tam-pirlanta-yuzuk","41":"product_tag-tarihi-yuzuk","42":"product_tag-tasarim-yuzuk","43":"pa_cinsiyet-kadin","45":"first","46":"instock","47":"sale","48":"shipping-taxable","49":"purchasable","50":"product-type-simple"},"_links":{"self":[{"href":"https:\/\/www.gasia.com.tr\/en\/wp-json\/wp\/v2\/product\/41731","targetHints":{"allow":["GET"]}}],"collection":[{"href":"https:\/\/www.gasia.com.tr\/en\/wp-json\/wp\/v2\/product"}],"about":[{"href":"https:\/\/www.gasia.com.tr\/en\/wp-json\/wp\/v2\/types\/product"}],"replies":[{"embeddable":true,"href":"https:\/\/www.gasia.com.tr\/en\/wp-json\/wp\/v2\/comments?post=41731"}],"version-history":[{"count":4,"href":"https:\/\/www.gasia.com.tr\/en\/wp-json\/wp\/v2\/product\/41731\/revisions"}],"predecessor-version":[{"id":41950,"href":"https:\/\/www.gasia.com.tr\/en\/wp-json\/wp\/v2\/product\/41731\/revisions\/41950"}],"wp:featuredmedia":[{"embeddable":true,"href":"https:\/\/www.gasia.com.tr\/en\/wp-json\/wp\/v2\/media\/41895"}],"wp:attachment":[{"href":"https:\/\/www.gasia.com.tr\/en\/wp-json\/wp\/v2\/media?parent=41731"}],"wp:term":[{"taxonomy":"product_brand","embeddable":true,"href":"https:\/\/www.gasia.com.tr\/en\/wp-json\/wp\/v2\/product_brand?post=41731"},{"taxonomy":"product_cat","embeddable":true,"href":"https:\/\/www.gasia.com.tr\/en\/wp-json\/wp\/v2\/product_cat?post=41731"},{"taxonomy":"product_tag","embeddable":true,"href":"https:\/\/www.gasia.com.tr\/en\/wp-json\/wp\/v2\/product_tag?post=41731"}],"curies":[{"name":"wp","href":"https:\/\/api.w.org\/{rel}","templated":true}]}}