{"id":41735,"date":"2026-04-09T22:30:26","date_gmt":"2026-04-09T19:30:26","guid":{"rendered":"https:\/\/www.gasia.com.tr\/?post_type=product&#038;p=41735"},"modified":"2026-04-16T10:16:06","modified_gmt":"2026-04-16T07:16:06","slug":"pirlanta-detayli-cift-parmak-tasarim-yuzuk","status":"publish","type":"product","link":"https:\/\/www.gasia.com.tr\/en\/collections\/pirlanta-detayli-cift-parmak-tasarim-yuzuk\/","title":{"rendered":"P\u0131rlanta Detayl\u0131 \u00c7ift Parmak Tasar\u0131m Y\u00fcz\u00fck"},"content":{"rendered":"<p data-start=\"108\" data-end=\"419\">Zarif oyma formu ve etkileyici uzun siluetiyle dikkat \u00e7eken bu \u00e7ift parmak y\u00fcz\u00fck, tamamen p\u0131rlanta ta\u015flarla bezeli detaylar\u0131yla g\u00fc\u00e7l\u00fc bir \u0131\u015f\u0131lt\u0131 sunar. Siyah zemin \u00fczerine yerle\u015ftirilen p\u0131rlantalar, tasar\u0131ma derinlik ve kontrast kazand\u0131r\u0131rken, alt\u0131n tonlu g\u00f6vde ile birle\u015ferek sofistike bir g\u00f6r\u00fcn\u00fcm olu\u015fturur.<\/p>\n<p data-start=\"421\" data-end=\"692\">\u0130nce i\u015f\u00e7ilikle \u015fekillendirilmi\u015f motifler ve ak\u0131\u015fkan hatlar, y\u00fcz\u00fc\u011fe hem modern hem de gotik esintili bir karakter kazand\u0131r\u0131r. Cesur ve stil sahibi kullan\u0131c\u0131lar i\u00e7in tasarlanm\u0131\u015f bu par\u00e7a, klasik tak\u0131 anlay\u0131\u015f\u0131n\u0131n \u00f6tesinde, dikkat \u00e7ekici ve koleksiyonluk bir tasar\u0131m sunar.<\/p>","protected":false},"excerpt":{"rendered":"<ul>\n<li>18 Ayar Alt\u0131n<\/li>\n<li>925 Ayar Okside G\u00fcm\u00fc\u015f<\/li>\n<li>0,84 ct P\u0131rlanta<\/li>\n<\/ul>","protected":false},"featured_media":41742,"comment_status":"open","ping_status":"closed","template":"","meta":[],"product_brand":[77],"product_cat":[264,76],"product_tag":[3243,3238,565,654,3240,1671,3193,461,453,1672,3242,653,590,581,521,335,1515,450,1193,3192,340,3239,3241],"class_list":{"0":"post-41735","1":"product","2":"type-product","3":"status-publish","4":"has-post-thumbnail","6":"product_brand-gasia","7":"product_cat-gasia-1974-koleksiyonu","8":"product_cat-yuzuk-modelleri","9":"product_tag-black-diamond-look-ring","10":"product_tag-cift-parmak-yuzuk","11":"product_tag-designer-ring","12":"product_tag-diamond-ring","13":"product_tag-double-finger-ring","14":"product_tag-el-isciligi-taki","15":"product_tag-full-diamond-ring","16":"product_tag-gothic-ring","17":"product_tag-gotik-yuzuk","18":"product_tag-handcrafted-jewelry","19":"product_tag-long-ring","20":"product_tag-luks-yuzuk","21":"product_tag-luxury-ring","22":"product_tag-modern-ring","23":"product_tag-modern-yuzuk","24":"product_tag-pirlanta-yuzuk","25":"product_tag-siyah-tasli-yuzuk","26":"product_tag-statement-ring","27":"product_tag-statement-yuzuk","28":"product_tag-tam-pirlanta-yuzuk","29":"product_tag-tasarim-yuzuk","30":"product_tag-two-finger-ring","31":"product_tag-uzun-yuzuk","32":"pa_cinsiyet-kadin","34":"first","35":"instock","36":"sale","37":"shipping-taxable","38":"purchasable","39":"product-type-simple"},"_links":{"self":[{"href":"https:\/\/www.gasia.com.tr\/en\/wp-json\/wp\/v2\/product\/41735","targetHints":{"allow":["GET"]}}],"collection":[{"href":"https:\/\/www.gasia.com.tr\/en\/wp-json\/wp\/v2\/product"}],"about":[{"href":"https:\/\/www.gasia.com.tr\/en\/wp-json\/wp\/v2\/types\/product"}],"replies":[{"embeddable":true,"href":"https:\/\/www.gasia.com.tr\/en\/wp-json\/wp\/v2\/comments?post=41735"}],"version-history":[{"count":2,"href":"https:\/\/www.gasia.com.tr\/en\/wp-json\/wp\/v2\/product\/41735\/revisions"}],"predecessor-version":[{"id":41948,"href":"https:\/\/www.gasia.com.tr\/en\/wp-json\/wp\/v2\/product\/41735\/revisions\/41948"}],"wp:featuredmedia":[{"embeddable":true,"href":"https:\/\/www.gasia.com.tr\/en\/wp-json\/wp\/v2\/media\/41742"}],"wp:attachment":[{"href":"https:\/\/www.gasia.com.tr\/en\/wp-json\/wp\/v2\/media?parent=41735"}],"wp:term":[{"taxonomy":"product_brand","embeddable":true,"href":"https:\/\/www.gasia.com.tr\/en\/wp-json\/wp\/v2\/product_brand?post=41735"},{"taxonomy":"product_cat","embeddable":true,"href":"https:\/\/www.gasia.com.tr\/en\/wp-json\/wp\/v2\/product_cat?post=41735"},{"taxonomy":"product_tag","embeddable":true,"href":"https:\/\/www.gasia.com.tr\/en\/wp-json\/wp\/v2\/product_tag?post=41735"}],"curies":[{"name":"wp","href":"https:\/\/api.w.org\/{rel}","templated":true}]}}