{"id":41739,"date":"2025-01-15T22:33:44","date_gmt":"2025-01-15T19:33:44","guid":{"rendered":"https:\/\/www.gasia.com.tr\/?post_type=product&#038;p=41739"},"modified":"2026-04-20T17:40:37","modified_gmt":"2026-04-20T14:40:37","slug":"kurbaga-figurlu-krisopraz-tasli-pirlanta-yuzuk","status":"publish","type":"product","link":"https:\/\/www.gasia.com.tr\/en\/collections\/kurbaga-figurlu-krisopraz-tasli-pirlanta-yuzuk\/","title":{"rendered":"Kurba\u011fa Fig\u00fcrl\u00fc Krisopraz Ta\u015fl\u0131 P\u0131rlanta Y\u00fcz\u00fck"},"content":{"rendered":"<p data-start=\"120\" data-end=\"379\">Do\u011fadan ilham alan bu \u00f6zg\u00fcn y\u00fcz\u00fck, detayl\u0131 i\u015flenmi\u015f kurba\u011fa fig\u00fcr\u00fc ile sanatsal bir karakter sunar. Merkezde yer alan krisopraz ta\u015f\u0131, yumu\u015fak ve canl\u0131 ye\u015fil tonu ile tasar\u0131m\u0131n odak noktas\u0131 olurken, etraf\u0131n\u0131 saran p\u0131rlantalar g\u00fc\u00e7l\u00fc bir \u0131\u015f\u0131lt\u0131 kazand\u0131r\u0131r.<\/p>\n<p data-start=\"381\" data-end=\"643\">Oksitli metal dokusu ve alt\u0131n\u00a0 detaylarla zenginle\u015fen y\u00fczey, tasar\u0131ma derinlik ve kontrast katarken, kurba\u011fa fig\u00fcr\u00fc y\u00fcz\u00fc\u011fe dinamik ve \u00f6zg\u00fcn bir kimlik kazand\u0131r\u0131r. Do\u011fa temal\u0131, dikkat \u00e7ekici ve koleksiyonluk bir par\u00e7a arayanlar i\u00e7in benzersiz bir se\u00e7imdir.<\/p>","protected":false},"excerpt":{"rendered":"<ul>\n<li>18 Ayar Alt\u0131n<\/li>\n<li>925 Ayar Okside G\u00fcm\u00fc\u015f<\/li>\n<li>0,88 ct P\u0131rlanta<\/li>\n<li>0,93 ct Ye\u015fil P\u0131rlanta<\/li>\n<li>0,62 ct Z\u00fcmr\u00fct<\/li>\n<\/ul>","protected":false},"featured_media":41740,"comment_status":"open","ping_status":"closed","template":"","meta":[],"product_brand":[77],"product_cat":[264,76],"product_tag":[1898,3248,3247,3245,565,654,2878,1671,2696,3193,3246,1672,1892,3244,2692,653,590,2882,335,450,1193,3192,340,1691],"class_list":{"0":"post-41739","1":"product","2":"type-product","3":"status-publish","4":"has-post-thumbnail","6":"product_brand-gasia","7":"product_cat-gasia-1974-koleksiyonu","8":"product_cat-yuzuk-modelleri","9":"product_tag-animal-ring","10":"product_tag-cabochon-ring","11":"product_tag-cabochon-yuzuk","12":"product_tag-chrysoprase-ring","13":"product_tag-designer-ring","14":"product_tag-diamond-ring","15":"product_tag-doga-temali-taki","16":"product_tag-el-isciligi-taki","17":"product_tag-frog-ring","18":"product_tag-full-diamond-ring","19":"product_tag-green-gemstone-ring","20":"product_tag-handcrafted-jewelry","21":"product_tag-hayvan-figurlu-yuzuk","22":"product_tag-krisopraz-yuzuk","23":"product_tag-kurbaga-yuzuk","24":"product_tag-luks-yuzuk","25":"product_tag-luxury-ring","26":"product_tag-nature-inspired-jewelry","27":"product_tag-pirlanta-yuzuk","28":"product_tag-statement-ring","29":"product_tag-statement-yuzuk","30":"product_tag-tam-pirlanta-yuzuk","31":"product_tag-tasarim-yuzuk","32":"product_tag-yesil-tasli-yuzuk","33":"pa_cinsiyet-kadin","35":"first","36":"instock","37":"shipping-taxable","38":"product-type-simple"},"_links":{"self":[{"href":"https:\/\/www.gasia.com.tr\/en\/wp-json\/wp\/v2\/product\/41739","targetHints":{"allow":["GET"]}}],"collection":[{"href":"https:\/\/www.gasia.com.tr\/en\/wp-json\/wp\/v2\/product"}],"about":[{"href":"https:\/\/www.gasia.com.tr\/en\/wp-json\/wp\/v2\/types\/product"}],"replies":[{"embeddable":true,"href":"https:\/\/www.gasia.com.tr\/en\/wp-json\/wp\/v2\/comments?post=41739"}],"version-history":[{"count":2,"href":"https:\/\/www.gasia.com.tr\/en\/wp-json\/wp\/v2\/product\/41739\/revisions"}],"predecessor-version":[{"id":41947,"href":"https:\/\/www.gasia.com.tr\/en\/wp-json\/wp\/v2\/product\/41739\/revisions\/41947"}],"wp:featuredmedia":[{"embeddable":true,"href":"https:\/\/www.gasia.com.tr\/en\/wp-json\/wp\/v2\/media\/41740"}],"wp:attachment":[{"href":"https:\/\/www.gasia.com.tr\/en\/wp-json\/wp\/v2\/media?parent=41739"}],"wp:term":[{"taxonomy":"product_brand","embeddable":true,"href":"https:\/\/www.gasia.com.tr\/en\/wp-json\/wp\/v2\/product_brand?post=41739"},{"taxonomy":"product_cat","embeddable":true,"href":"https:\/\/www.gasia.com.tr\/en\/wp-json\/wp\/v2\/product_cat?post=41739"},{"taxonomy":"product_tag","embeddable":true,"href":"https:\/\/www.gasia.com.tr\/en\/wp-json\/wp\/v2\/product_tag?post=41739"}],"curies":[{"name":"wp","href":"https:\/\/api.w.org\/{rel}","templated":true}]}}