{"id":41750,"date":"2026-04-09T22:57:09","date_gmt":"2026-04-09T19:57:09","guid":{"rendered":"https:\/\/www.gasia.com.tr\/?post_type=product&#038;p=41750"},"modified":"2026-04-13T09:59:08","modified_gmt":"2026-04-13T06:59:08","slug":"ametist-tasli-pirlanta-detayli-tasarim-yuzuk","status":"publish","type":"product","link":"https:\/\/www.gasia.com.tr\/en\/collections\/ametist-tasli-pirlanta-detayli-tasarim-yuzuk\/","title":{"rendered":"Ametist Ta\u015fl\u0131 P\u0131rlanta Detayl\u0131 Tasar\u0131m Y\u00fcz\u00fck"},"content":{"rendered":"<p data-start=\"106\" data-end=\"342\">Merkezinde yer alan g\u00f6z al\u0131c\u0131 ametist ta\u015f\u0131 ile dikkat \u00e7eken bu y\u00fcz\u00fck, zarafet ve ihti\u015fam\u0131 bir araya getiriyor. Derin mor tonlar\u0131yla \u0131\u015f\u0131\u011f\u0131 b\u00fcy\u00fcleyici \u015fekilde yans\u0131tan ametist, \u00e7evresini saran p\u0131rlanta ta\u015flarla daha da \u00f6n plana \u00e7\u0131k\u0131yor.<\/p>\n<p data-start=\"344\" data-end=\"541\">Alt\u0131n \u00e7er\u00e7eve detay\u0131 ve oksitli g\u00fcm\u00fc\u015f dokunun birle\u015fimi, tasar\u0131ma vintage ve sofistike bir karakter kazand\u0131r\u0131rken; yan k\u0131s\u0131mdaki k\u00fc\u00e7\u00fck ametist ta\u015f\u0131, b\u00fct\u00fcnl\u00fc\u011f\u00fc tamamlayan ince bir dokunu\u015f sunuyor.<\/p>\n<p data-start=\"543\" data-end=\"660\">G\u00fcnl\u00fck \u015f\u0131kl\u0131\u011fa g\u00fc\u00e7l\u00fc bir vurgu katmak ya da \u00f6zel anlarda fark yaratmak isteyenler i\u00e7in ideal, zamans\u0131z bir tasar\u0131m.<\/p>","protected":false},"excerpt":{"rendered":"<ul>\n<li>24 Ayar Alt\u0131n<\/li>\n<li>925 Ayar Okside G\u00fcm\u00fc\u015f<\/li>\n<li>0,47 ct P\u0131rlanta<\/li>\n<li>10,96 ct Ametist<\/li>\n<\/ul>","protected":false},"featured_media":41751,"comment_status":"open","ping_status":"closed","template":"","meta":[],"product_brand":[77],"product_cat":[264,76],"product_tag":[673,3252,3251,565,654,3189,3237,3253,1261,3254,1069,335,1266,340,1870,683],"class_list":{"0":"post-41750","1":"product","2":"type-product","3":"status-publish","4":"has-post-thumbnail","6":"product_brand-gasia","7":"product_cat-gasia-1974-koleksiyonu","8":"product_cat-yuzuk-modelleri","9":"product_tag-altin-detayli-yuzuk","10":"product_tag-amethyst-ring","11":"product_tag-ametist-yuzuk","12":"product_tag-designer-ring","13":"product_tag-diamond-ring","14":"product_tag-el-isciligi-yuzuk","15":"product_tag-gold-detail-ring","16":"product_tag-handcrafted-ring","17":"product_tag-mor-tasli-yuzuk","18":"product_tag-oksitli-gumus-yuzuk","19":"product_tag-oxidized-silver-ring","20":"product_tag-pirlanta-yuzuk","21":"product_tag-purple-gemstone-ring","22":"product_tag-tasarim-yuzuk","23":"product_tag-vintage-ring","24":"product_tag-vintage-yuzuk","25":"pa_cinsiyet-kadin","27":"first","28":"instock","29":"sale","30":"shipping-taxable","31":"purchasable","32":"product-type-simple"},"_links":{"self":[{"href":"https:\/\/www.gasia.com.tr\/en\/wp-json\/wp\/v2\/product\/41750","targetHints":{"allow":["GET"]}}],"collection":[{"href":"https:\/\/www.gasia.com.tr\/en\/wp-json\/wp\/v2\/product"}],"about":[{"href":"https:\/\/www.gasia.com.tr\/en\/wp-json\/wp\/v2\/types\/product"}],"replies":[{"embeddable":true,"href":"https:\/\/www.gasia.com.tr\/en\/wp-json\/wp\/v2\/comments?post=41750"}],"version-history":[{"count":2,"href":"https:\/\/www.gasia.com.tr\/en\/wp-json\/wp\/v2\/product\/41750\/revisions"}],"predecessor-version":[{"id":41945,"href":"https:\/\/www.gasia.com.tr\/en\/wp-json\/wp\/v2\/product\/41750\/revisions\/41945"}],"wp:featuredmedia":[{"embeddable":true,"href":"https:\/\/www.gasia.com.tr\/en\/wp-json\/wp\/v2\/media\/41751"}],"wp:attachment":[{"href":"https:\/\/www.gasia.com.tr\/en\/wp-json\/wp\/v2\/media?parent=41750"}],"wp:term":[{"taxonomy":"product_brand","embeddable":true,"href":"https:\/\/www.gasia.com.tr\/en\/wp-json\/wp\/v2\/product_brand?post=41750"},{"taxonomy":"product_cat","embeddable":true,"href":"https:\/\/www.gasia.com.tr\/en\/wp-json\/wp\/v2\/product_cat?post=41750"},{"taxonomy":"product_tag","embeddable":true,"href":"https:\/\/www.gasia.com.tr\/en\/wp-json\/wp\/v2\/product_tag?post=41750"}],"curies":[{"name":"wp","href":"https:\/\/api.w.org\/{rel}","templated":true}]}}