{"id":41755,"date":"2026-04-09T23:00:43","date_gmt":"2026-04-09T20:00:43","guid":{"rendered":"https:\/\/www.gasia.com.tr\/?post_type=product&#038;p=41755"},"modified":"2026-04-15T21:53:36","modified_gmt":"2026-04-15T18:53:36","slug":"pembe-safir-ve-pirlanta-bombeli-tasarim-yuzuk","status":"publish","type":"product","link":"https:\/\/www.gasia.com.tr\/en\/collections\/pembe-safir-ve-pirlanta-bombeli-tasarim-yuzuk\/","title":{"rendered":"Pembe Safir ve P\u0131rlanta Bombeli Tasar\u0131m Y\u00fcz\u00fck"},"content":{"rendered":"<p data-start=\"107\" data-end=\"389\">Yo\u011fun p\u0131rlanta dizilimiyle \u0131\u015f\u0131\u011f\u0131 her a\u00e7\u0131dan yakalayan bu bombeli y\u00fcz\u00fck, aralara serpi\u015ftirilmi\u015f pembe safir ta\u015flarla zarif bir kontrast sunar. K\u00fcresel formu sayesinde \u00fc\u00e7 boyutlu ve g\u00fc\u00e7l\u00fc bir g\u00f6r\u00fcn\u00fcm elde edilirken, ta\u015flar\u0131n ritmik yerle\u015fimi tasar\u0131ma modern bir dinamizm kazand\u0131r\u0131r.<\/p>\n<p data-start=\"391\" data-end=\"625\">Oksitli y\u00fczey, p\u0131rlantalar\u0131n \u0131\u015f\u0131lt\u0131s\u0131n\u0131 daha da belirgin hale getirirken; pembe safirlerin yumu\u015fak tonlar\u0131 feminen ve sofistike bir etki yarat\u0131r. Hem iddial\u0131 hem de zarif bir stil arayanlar i\u00e7in dikkat \u00e7ekici bir statement par\u00e7ad\u0131r.<\/p>","protected":false},"excerpt":{"rendered":"<ul>\n<li>18 Ayar Alt\u0131n<\/li>\n<li>925 Ayar Okside G\u00fcm\u00fc\u015f<\/li>\n<li>4,95 ct P\u0131rlanta<\/li>\n<li>5,13 ct Pembe Safir<\/li>\n<\/ul>","protected":false},"featured_media":41756,"comment_status":"open","ping_status":"closed","template":"","meta":[],"product_brand":[77],"product_cat":[264,76],"product_tag":[3255,565,654,3256,3189,3253,653,590,3254,1069,445,3257,706,705,335,450,1193,340],"class_list":{"0":"post-41755","1":"product","2":"type-product","3":"status-publish","4":"has-post-thumbnail","6":"product_brand-gasia","7":"product_cat-gasia-1974-koleksiyonu","8":"product_cat-yuzuk-modelleri","9":"product_tag-bombeli-yuzuk","10":"product_tag-designer-ring","11":"product_tag-diamond-ring","12":"product_tag-dome-ring","13":"product_tag-el-isciligi-yuzuk","14":"product_tag-handcrafted-ring","15":"product_tag-luks-yuzuk","16":"product_tag-luxury-ring","17":"product_tag-oksitli-gumus-yuzuk","18":"product_tag-oxidized-silver-ring","19":"product_tag-pave-diamond-ring","20":"product_tag-pave-yuzuk","21":"product_tag-pembe-safir-yuzuk","22":"product_tag-pink-sapphire-ring","23":"product_tag-pirlanta-yuzuk","24":"product_tag-statement-ring","25":"product_tag-statement-yuzuk","26":"product_tag-tasarim-yuzuk","27":"pa_cinsiyet-kadin","29":"first","30":"instock","31":"shipping-taxable","32":"product-type-simple"},"_links":{"self":[{"href":"https:\/\/www.gasia.com.tr\/en\/wp-json\/wp\/v2\/product\/41755","targetHints":{"allow":["GET"]}}],"collection":[{"href":"https:\/\/www.gasia.com.tr\/en\/wp-json\/wp\/v2\/product"}],"about":[{"href":"https:\/\/www.gasia.com.tr\/en\/wp-json\/wp\/v2\/types\/product"}],"replies":[{"embeddable":true,"href":"https:\/\/www.gasia.com.tr\/en\/wp-json\/wp\/v2\/comments?post=41755"}],"version-history":[{"count":2,"href":"https:\/\/www.gasia.com.tr\/en\/wp-json\/wp\/v2\/product\/41755\/revisions"}],"predecessor-version":[{"id":41943,"href":"https:\/\/www.gasia.com.tr\/en\/wp-json\/wp\/v2\/product\/41755\/revisions\/41943"}],"wp:featuredmedia":[{"embeddable":true,"href":"https:\/\/www.gasia.com.tr\/en\/wp-json\/wp\/v2\/media\/41756"}],"wp:attachment":[{"href":"https:\/\/www.gasia.com.tr\/en\/wp-json\/wp\/v2\/media?parent=41755"}],"wp:term":[{"taxonomy":"product_brand","embeddable":true,"href":"https:\/\/www.gasia.com.tr\/en\/wp-json\/wp\/v2\/product_brand?post=41755"},{"taxonomy":"product_cat","embeddable":true,"href":"https:\/\/www.gasia.com.tr\/en\/wp-json\/wp\/v2\/product_cat?post=41755"},{"taxonomy":"product_tag","embeddable":true,"href":"https:\/\/www.gasia.com.tr\/en\/wp-json\/wp\/v2\/product_tag?post=41755"}],"curies":[{"name":"wp","href":"https:\/\/api.w.org\/{rel}","templated":true}]}}