{"id":41762,"date":"2026-03-04T23:59:50","date_gmt":"2026-03-04T20:59:50","guid":{"rendered":"https:\/\/www.gasia.com.tr\/?post_type=product&#038;p=41762"},"modified":"2026-04-10T11:48:33","modified_gmt":"2026-04-10T08:48:33","slug":"sedef-uzerine-altin-fatma-ana-eli-ve-nazar-goz-kolye","status":"publish","type":"product","link":"https:\/\/www.gasia.com.tr\/en\/collections\/sedef-uzerine-altin-fatma-ana-eli-ve-nazar-goz-kolye\/","title":{"rendered":"Sedef \u00dczerine Alt\u0131n Fatima Ana Eli ve Nazar G\u00f6z Kolye"},"content":{"rendered":"<p data-start=\"114\" data-end=\"406\">Do\u011fal sedefin zarif \u0131\u015f\u0131lt\u0131s\u0131 \u00fczerine i\u015flenen alt\u0131n tonlu Fatma Ana Eli ve nazar g\u00f6z\u00fc motifi, bu kolyeye hem estetik hem de anlam y\u00fckl\u00fc bir karakter kazand\u0131r\u0131r. Oval formdaki tasar\u0131m, klasik sembolleri modern bir yorumla sunarken; merkezdeki mavi g\u00f6z detay\u0131 g\u00fc\u00e7l\u00fc bir koruyucu ifade yarat\u0131r.<\/p>\n<p data-start=\"408\" data-end=\"640\">\u0130nce i\u015f\u00e7ilikle haz\u0131rlanm\u0131\u015f \u00e7er\u00e7eve detay\u0131 ve alt\u0131n zincir, tasar\u0131m\u0131n b\u00fct\u00fcnl\u00fc\u011f\u00fcn\u00fc tamamlayarak \u015f\u0131k ve zamans\u0131z bir g\u00f6r\u00fcn\u00fcm sunar. G\u00fcnl\u00fck stilinize anlam katmak ya da \u00f6zel bir hediye se\u00e7imi yapmak isteyenler i\u00e7in ideal bir par\u00e7ad\u0131r.<\/p>","protected":false},"excerpt":{"rendered":"<ul>\n<li>14 Ayar Alt\u0131n<\/li>\n<li>925 Ayar G\u00fcm\u00fc\u015f<\/li>\n<li>Do\u011fal Sedef \u00dczerine mikro el i\u015f\u00e7ili\u011fi ile i\u015flenmi\u015f Fatima Eli<\/li>\n<li>42 Cm Uzunluk<\/li>\n<\/ul>","protected":false},"featured_media":41763,"comment_status":"open","ping_status":"closed","template":"","meta":[],"product_brand":[2718,2719],"product_cat":[247,75,198],"product_tag":[3024,633,1671,726,747,3025,744,3259,3154,1369,987,280,1415,977,990,274],"class_list":{"0":"post-41762","1":"product","2":"type-product","3":"status-publish","4":"has-post-thumbnail","6":"product_brand-gasia-casuals","7":"product_brand-gasia-protect","8":"product_cat-hediyelik","9":"product_cat-kolye","10":"product_cat-eye-collection","11":"product_tag-altin-detayli-kolye","12":"product_tag-designer-necklace","13":"product_tag-el-isciligi-taki","14":"product_tag-evil-eye-necklace","15":"product_tag-fatma-ana-eli-kolye","16":"product_tag-gold-detail-necklace","17":"product_tag-hamsa-necklace","18":"product_tag-handcrafted-jewelr","19":"product_tag-koruyucu-taki","20":"product_tag-mistik-kolye","21":"product_tag-mother-of-pearl-necklace","22":"product_tag-nazar-kolye","23":"product_tag-protective-jewelry","24":"product_tag-sedef-kolye","25":"product_tag-spiritual-necklace","26":"product_tag-tasarim-kolye","27":"pa_cinsiyet-kadin","29":"first","30":"instock","31":"sale","32":"shipping-taxable","33":"purchasable","34":"product-type-simple"},"_links":{"self":[{"href":"https:\/\/www.gasia.com.tr\/en\/wp-json\/wp\/v2\/product\/41762","targetHints":{"allow":["GET"]}}],"collection":[{"href":"https:\/\/www.gasia.com.tr\/en\/wp-json\/wp\/v2\/product"}],"about":[{"href":"https:\/\/www.gasia.com.tr\/en\/wp-json\/wp\/v2\/types\/product"}],"replies":[{"embeddable":true,"href":"https:\/\/www.gasia.com.tr\/en\/wp-json\/wp\/v2\/comments?post=41762"}],"version-history":[{"count":2,"href":"https:\/\/www.gasia.com.tr\/en\/wp-json\/wp\/v2\/product\/41762\/revisions"}],"predecessor-version":[{"id":41786,"href":"https:\/\/www.gasia.com.tr\/en\/wp-json\/wp\/v2\/product\/41762\/revisions\/41786"}],"wp:featuredmedia":[{"embeddable":true,"href":"https:\/\/www.gasia.com.tr\/en\/wp-json\/wp\/v2\/media\/41763"}],"wp:attachment":[{"href":"https:\/\/www.gasia.com.tr\/en\/wp-json\/wp\/v2\/media?parent=41762"}],"wp:term":[{"taxonomy":"product_brand","embeddable":true,"href":"https:\/\/www.gasia.com.tr\/en\/wp-json\/wp\/v2\/product_brand?post=41762"},{"taxonomy":"product_cat","embeddable":true,"href":"https:\/\/www.gasia.com.tr\/en\/wp-json\/wp\/v2\/product_cat?post=41762"},{"taxonomy":"product_tag","embeddable":true,"href":"https:\/\/www.gasia.com.tr\/en\/wp-json\/wp\/v2\/product_tag?post=41762"}],"curies":[{"name":"wp","href":"https:\/\/api.w.org\/{rel}","templated":true}]}}