{"id":41772,"date":"2026-01-04T00:00:00","date_gmt":"2026-01-03T21:00:00","guid":{"rendered":"https:\/\/www.gasia.com.tr\/?post_type=product&#038;p=41772"},"modified":"2026-04-10T13:20:50","modified_gmt":"2026-04-10T10:20:50","slug":"aquamarin-tasli-damla-kesim-altin-kolye","status":"publish","type":"product","link":"https:\/\/www.gasia.com.tr\/en\/collections\/aquamarin-tasli-damla-kesim-altin-kolye\/","title":{"rendered":"Aquamarin Ta\u015fl\u0131 Damla Kesim Alt\u0131n Kolye"},"content":{"rendered":"<p>Aquamarine-G\u00f6kz\u00fcmr\u00fct<\/p>\n<p>S\u00fcmerler ve M\u0131s\u0131rl\u0131lar i\u00e7in gen\u00e7li\u011fin enerjisi ve mutlulu\u011fun simgesiydi.Romal\u0131lar dostlu\u011fu ve a\u015fk\u0131 peki\u015ftirdi\u011fine inand\u0131l\u0131ar. Orta \u00e7a\u011f\u0131n gemici ve sava\u015fc\u0131lar\u0131 ondan cesaret ald\u0131 ve \u00f6l\u00fcm korkusunu unuttu.G\u00f6kz\u00fcmr\u00fct herkesin bildi\u011fi Z\u00fcmr\u00fct\u00fcn yak\u0131n akrabas\u0131d\u0131r.Her ikisi de Beryl mineralidir.Sadece G\u00f6kz\u00fcmr\u00fctte Demir,Aquamarinede Krom bulunur. Cesaretiniz k\u0131r\u0131ld\u0131\u011f\u0131nda ta\u015f\u0131n g\u00fcven tazeledi\u011fine inan\u0131l\u0131yor ve negatif enerjiden koruyor.<\/p>\n<p data-start=\"101\" data-end=\"311\">Berrak deniz tonlar\u0131n\u0131 yans\u0131tan aquamarin ta\u015f\u0131, bu zarif kolyede damla kesim formuyla \u00f6ne \u00e7\u0131k\u0131yor. I\u015f\u0131\u011f\u0131 i\u00e7inden ge\u00e7irerek yumu\u015fak bir parlakl\u0131k sunan ta\u015f, sade tasar\u0131m\u0131yla do\u011fal g\u00fczelli\u011fini \u00f6n plana \u00e7\u0131kar\u0131r.<\/p>\n<p data-start=\"313\" data-end=\"525\">Minimal alt\u0131n zincir ve ince mont\u00fcr detay\u0131, aquamarin ta\u015f\u0131n ferah ve sofistike g\u00f6r\u00fcn\u00fcm\u00fcn\u00fc tamamlar. G\u00fcnl\u00fck \u015f\u0131kl\u0131k i\u00e7in zarif bir dokunu\u015f ya da \u00f6zel anlar i\u00e7in sade bir ihti\u015fam arayanlar i\u00e7in ideal bir se\u00e7imdir.<\/p>","protected":false},"excerpt":{"rendered":"<ul>\n<li>18 Ayar Alt\u0131n<\/li>\n<li>7,67 ct Aquamarin<\/li>\n<li>42 cm Uzunluk<\/li>\n<\/ul>","protected":false},"featured_media":41773,"comment_status":"open","ping_status":"closed","template":"","meta":[],"product_brand":[2718],"product_cat":[269,75],"product_tag":[278,3264,2923,2924,3103,633,1637,322,2732,273,323,3265,3152,274,3151,476],"class_list":{"0":"post-41772","1":"product","2":"type-product","3":"status-publish","4":"has-post-thumbnail","6":"product_brand-gasia-casuals","7":"product_cat-gem-world-degerli-tasli-mucevher","8":"product_cat-kolye","9":"product_tag-altin-kolye","10":"product_tag-aquamarin-kolye","11":"product_tag-aquamarine-necklace","12":"product_tag-blue-gemstone-necklace","13":"product_tag-damla-kesim-kolye","14":"product_tag-designer-necklace","15":"product_tag-elegant-necklace","16":"product_tag-gold-necklace","17":"product_tag-mavi-tasli-kolye","18":"product_tag-minimal-kolye","19":"product_tag-minimal-necklace","20":"product_tag-pear-cut-necklace","21":"product_tag-solitaire-necklace","22":"product_tag-tasarim-kolye","23":"product_tag-tek-tas-kolye","24":"product_tag-zarif-kolye","25":"pa_cinsiyet-kadin","27":"first","28":"instock","29":"shipping-taxable","30":"purchasable","31":"product-type-simple"},"_links":{"self":[{"href":"https:\/\/www.gasia.com.tr\/en\/wp-json\/wp\/v2\/product\/41772","targetHints":{"allow":["GET"]}}],"collection":[{"href":"https:\/\/www.gasia.com.tr\/en\/wp-json\/wp\/v2\/product"}],"about":[{"href":"https:\/\/www.gasia.com.tr\/en\/wp-json\/wp\/v2\/types\/product"}],"replies":[{"embeddable":true,"href":"https:\/\/www.gasia.com.tr\/en\/wp-json\/wp\/v2\/comments?post=41772"}],"version-history":[{"count":2,"href":"https:\/\/www.gasia.com.tr\/en\/wp-json\/wp\/v2\/product\/41772\/revisions"}],"predecessor-version":[{"id":41783,"href":"https:\/\/www.gasia.com.tr\/en\/wp-json\/wp\/v2\/product\/41772\/revisions\/41783"}],"wp:featuredmedia":[{"embeddable":true,"href":"https:\/\/www.gasia.com.tr\/en\/wp-json\/wp\/v2\/media\/41773"}],"wp:attachment":[{"href":"https:\/\/www.gasia.com.tr\/en\/wp-json\/wp\/v2\/media?parent=41772"}],"wp:term":[{"taxonomy":"product_brand","embeddable":true,"href":"https:\/\/www.gasia.com.tr\/en\/wp-json\/wp\/v2\/product_brand?post=41772"},{"taxonomy":"product_cat","embeddable":true,"href":"https:\/\/www.gasia.com.tr\/en\/wp-json\/wp\/v2\/product_cat?post=41772"},{"taxonomy":"product_tag","embeddable":true,"href":"https:\/\/www.gasia.com.tr\/en\/wp-json\/wp\/v2\/product_tag?post=41772"}],"curies":[{"name":"wp","href":"https:\/\/api.w.org\/{rel}","templated":true}]}}