{"id":41775,"date":"2026-01-11T10:30:16","date_gmt":"2026-01-11T07:30:16","guid":{"rendered":"https:\/\/www.gasia.com.tr\/?post_type=product&#038;p=41775"},"modified":"2026-04-10T11:57:27","modified_gmt":"2026-04-10T08:57:27","slug":"altin-detayli-nazar-goz-mineli-kolye","status":"publish","type":"product","link":"https:\/\/www.gasia.com.tr\/en\/collections\/altin-detayli-nazar-goz-mineli-kolye\/","title":{"rendered":"Alt\u0131n Detayl\u0131 Nazar G\u00f6z Mineli Kolye"},"content":{"rendered":"<p data-start=\"98\" data-end=\"316\">Minimal ve g\u00fc\u00e7l\u00fc bir sembol\u00fcn zarif yorumu olan bu nazar g\u00f6z kolye, modern tasar\u0131m anlay\u0131\u015f\u0131yla dikkat \u00e7eker. Mineli y\u00fczey \u00fczerine i\u015flenen g\u00f6z formu, sar\u0131 ve mavi tonlar\u0131n uyumuyla enerjik ve koruyucu bir ifade sunar.<\/p>\n<p data-start=\"318\" data-end=\"548\">Ortadaki Siyah P\u0131rlanta detay\u0131, tasar\u0131ma derinlik katarken; ince alt\u0131n zincir ve sade form kolyeyi g\u00fcnl\u00fck kullan\u0131m i\u00e7in ideal hale getirir. Tek ba\u015f\u0131na \u015f\u0131k bir vurgu ya da katmanl\u0131 kombinlerin tamamlay\u0131c\u0131 par\u00e7as\u0131 olarak kullan\u0131labilir.<\/p>","protected":false},"excerpt":{"rendered":"<ul>\n<li>14 Ayar Alt\u0131n<\/li>\n<li>925 Ayar Okside G\u00fcm\u00fc\u015f<\/li>\n<li>0,12 ct Elmas Kesim Siyah P\u0131rlanta<\/li>\n<li>45 cm Uzunlu\u011funda Zincir<\/li>\n<\/ul>","protected":false},"featured_media":41777,"comment_status":"open","ping_status":"closed","template":"","meta":[],"product_brand":[2718,2719],"product_cat":[247,75,198],"product_tag":[278,633,2715,1996,726,3052,322,2673,1995,3154,2675,273,323,280,1415,274],"class_list":{"0":"post-41775","1":"product","2":"type-product","3":"status-publish","4":"has-post-thumbnail","6":"product_brand-gasia-casuals","7":"product_brand-gasia-protect","8":"product_cat-hediyelik","9":"product_cat-kolye","10":"product_cat-eye-collection","11":"product_tag-altin-kolye","12":"product_tag-designer-necklace","13":"product_tag-enamel-necklace","14":"product_tag-everyday-necklace","15":"product_tag-evil-eye-necklace","16":"product_tag-eye-necklace","17":"product_tag-gold-necklace","18":"product_tag-goz-kolye","19":"product_tag-gunluk-kolye","20":"product_tag-koruyucu-taki","21":"product_tag-mineli-kolye","22":"product_tag-minimal-kolye","23":"product_tag-minimal-necklace","24":"product_tag-nazar-kolye","25":"product_tag-protective-jewelry","26":"product_tag-tasarim-kolye","27":"pa_cinsiyet-kadin","29":"first","30":"instock","31":"shipping-taxable","32":"purchasable","33":"product-type-simple"},"_links":{"self":[{"href":"https:\/\/www.gasia.com.tr\/en\/wp-json\/wp\/v2\/product\/41775","targetHints":{"allow":["GET"]}}],"collection":[{"href":"https:\/\/www.gasia.com.tr\/en\/wp-json\/wp\/v2\/product"}],"about":[{"href":"https:\/\/www.gasia.com.tr\/en\/wp-json\/wp\/v2\/types\/product"}],"replies":[{"embeddable":true,"href":"https:\/\/www.gasia.com.tr\/en\/wp-json\/wp\/v2\/comments?post=41775"}],"version-history":[{"count":2,"href":"https:\/\/www.gasia.com.tr\/en\/wp-json\/wp\/v2\/product\/41775\/revisions"}],"predecessor-version":[{"id":41779,"href":"https:\/\/www.gasia.com.tr\/en\/wp-json\/wp\/v2\/product\/41775\/revisions\/41779"}],"wp:featuredmedia":[{"embeddable":true,"href":"https:\/\/www.gasia.com.tr\/en\/wp-json\/wp\/v2\/media\/41777"}],"wp:attachment":[{"href":"https:\/\/www.gasia.com.tr\/en\/wp-json\/wp\/v2\/media?parent=41775"}],"wp:term":[{"taxonomy":"product_brand","embeddable":true,"href":"https:\/\/www.gasia.com.tr\/en\/wp-json\/wp\/v2\/product_brand?post=41775"},{"taxonomy":"product_cat","embeddable":true,"href":"https:\/\/www.gasia.com.tr\/en\/wp-json\/wp\/v2\/product_cat?post=41775"},{"taxonomy":"product_tag","embeddable":true,"href":"https:\/\/www.gasia.com.tr\/en\/wp-json\/wp\/v2\/product_tag?post=41775"}],"curies":[{"name":"wp","href":"https:\/\/api.w.org\/{rel}","templated":true}]}}