{"id":41822,"date":"2025-12-01T01:00:25","date_gmt":"2025-11-30T22:00:25","guid":{"rendered":"https:\/\/www.gasia.com.tr\/?post_type=product&#038;p=41822"},"modified":"2026-04-11T12:25:12","modified_gmt":"2026-04-11T09:25:12","slug":"pirlanta-yildiz-sallantili-modern-yuzuk","status":"publish","type":"product","link":"https:\/\/www.gasia.com.tr\/en\/collections\/pirlanta-yildiz-sallantili-modern-yuzuk\/","title":{"rendered":"P\u0131rlanta Y\u0131ld\u0131z Sallant\u0131l\u0131 Modern Y\u00fcz\u00fck"},"content":{"rendered":"<p data-start=\"101\" data-end=\"338\">Modern tasar\u0131m\u0131n zarif bir yorumu olan bu y\u00fcz\u00fck, minimal form ile hareketli detay\u0131 bir araya getiriyor. Dokulu y\u00fczeyli koyu metal halka \u00fczerine eklenen sallant\u0131l\u0131 y\u0131ld\u0131z formu, tasar\u0131ma dinamik ve dikkat \u00e7ekici bir karakter kazand\u0131r\u0131r.<\/p>\n<p data-start=\"340\" data-end=\"629\">Y\u0131ld\u0131z formunun \u00fczerinde yer alan p\u0131rlanta ta\u015flar, \u0131\u015f\u0131\u011f\u0131 zarif bir \u015fekilde yans\u0131tarak y\u00fcz\u00fc\u011fe \u0131\u015f\u0131lt\u0131l\u0131 bir dokunu\u015f katarken; alt\u0131n detayl\u0131 ba\u011flant\u0131 halkas\u0131 kontrast ve \u015f\u0131kl\u0131\u011f\u0131 tamamlar. G\u00fcnl\u00fck kullan\u0131mda stil sahibi bir vurgu ya da \u00f6zel kombinlerde \u00f6zg\u00fcn bir tamamlay\u0131c\u0131 olarak \u00f6ne \u00e7\u0131kar.<\/p>","protected":false},"excerpt":{"rendered":"<ul>\n<li>14 Ayar Alt\u0131n<\/li>\n<li>925 Ayar Okside G\u00fcm\u00fc\u015f<\/li>\n<li>0,11 ct P\u0131rlanta<\/li>\n<\/ul>","protected":false},"featured_media":41823,"comment_status":"open","ping_status":"closed","template":"","meta":[],"product_brand":[2718],"product_cat":[76],"product_tag":[673,3269,565,654,429,3237,2769,741,518,581,521,335,3268,3267,340,3266],"class_list":{"0":"post-41822","1":"product","2":"type-product","3":"status-publish","4":"has-post-thumbnail","6":"product_brand-gasia-casuals","7":"product_cat-yuzuk-modelleri","8":"product_tag-altin-detayli-yuzuk","9":"product_tag-dangle-ring","10":"product_tag-designer-ring","11":"product_tag-diamond-ring","12":"product_tag-everyday-jewelry","13":"product_tag-gold-detail-ring","14":"product_tag-gunluk-taki","15":"product_tag-minimal-ring","16":"product_tag-minimal-yuzuk","17":"product_tag-modern-ring","18":"product_tag-modern-yuzuk","19":"product_tag-pirlanta-yuzuk","20":"product_tag-sallantili-yuzuk","21":"product_tag-star-ring","22":"product_tag-tasarim-yuzuk","23":"product_tag-yildiz-yuzuk","24":"pa_cinsiyet-kadin","26":"first","27":"instock","28":"shipping-taxable","29":"purchasable","30":"product-type-simple"},"_links":{"self":[{"href":"https:\/\/www.gasia.com.tr\/en\/wp-json\/wp\/v2\/product\/41822","targetHints":{"allow":["GET"]}}],"collection":[{"href":"https:\/\/www.gasia.com.tr\/en\/wp-json\/wp\/v2\/product"}],"about":[{"href":"https:\/\/www.gasia.com.tr\/en\/wp-json\/wp\/v2\/types\/product"}],"replies":[{"embeddable":true,"href":"https:\/\/www.gasia.com.tr\/en\/wp-json\/wp\/v2\/comments?post=41822"}],"version-history":[{"count":1,"href":"https:\/\/www.gasia.com.tr\/en\/wp-json\/wp\/v2\/product\/41822\/revisions"}],"predecessor-version":[{"id":41824,"href":"https:\/\/www.gasia.com.tr\/en\/wp-json\/wp\/v2\/product\/41822\/revisions\/41824"}],"wp:featuredmedia":[{"embeddable":true,"href":"https:\/\/www.gasia.com.tr\/en\/wp-json\/wp\/v2\/media\/41823"}],"wp:attachment":[{"href":"https:\/\/www.gasia.com.tr\/en\/wp-json\/wp\/v2\/media?parent=41822"}],"wp:term":[{"taxonomy":"product_brand","embeddable":true,"href":"https:\/\/www.gasia.com.tr\/en\/wp-json\/wp\/v2\/product_brand?post=41822"},{"taxonomy":"product_cat","embeddable":true,"href":"https:\/\/www.gasia.com.tr\/en\/wp-json\/wp\/v2\/product_cat?post=41822"},{"taxonomy":"product_tag","embeddable":true,"href":"https:\/\/www.gasia.com.tr\/en\/wp-json\/wp\/v2\/product_tag?post=41822"}],"curies":[{"name":"wp","href":"https:\/\/api.w.org\/{rel}","templated":true}]}}