{"id":41848,"date":"2026-01-02T15:26:46","date_gmt":"2026-01-02T12:26:46","guid":{"rendered":"https:\/\/www.gasia.com.tr\/?post_type=product&#038;p=41848"},"modified":"2026-04-13T17:03:10","modified_gmt":"2026-04-13T14:03:10","slug":"minimal-nazar-boncuklu-rose-altin-yuzuk","status":"publish","type":"product","link":"https:\/\/www.gasia.com.tr\/en\/collections\/minimal-nazar-boncuklu-rose-altin-yuzuk\/","title":{"rendered":"Minimal Nazar Boncuklu Rose Alt\u0131n Y\u00fcz\u00fck"},"content":{"rendered":"<p data-start=\"101\" data-end=\"365\">Zarif ve anlam y\u00fckl\u00fc tasar\u0131m\u0131yla \u00f6ne \u00e7\u0131kan bu minimal y\u00fcz\u00fck, merkezde yer alan nazar boncu\u011fu motifi ile stilinize modern bir dokunu\u015f kat\u0131yor. Rose alt\u0131n\u0131n s\u0131cak tonu, turkuaz g\u00f6z detay\u0131yla kusursuz bir uyum yakalayarak sofistike ve feminen bir g\u00f6r\u00fcn\u00fcm sunar.<\/p>\n<p data-start=\"367\" data-end=\"603\">\u0130nce ve hafif formu sayesinde g\u00fcnl\u00fck kullan\u0131ma son derece uygundur. Tek ba\u015f\u0131na sade bir \u015f\u0131kl\u0131k yarat\u0131rken, di\u011fer y\u00fcz\u00fcklerle kombinlenerek katmanl\u0131 stil i\u00e7in de idealdir. Hem estetik hem de sembolik anlam ta\u015f\u0131yan zamans\u0131z bir par\u00e7ad\u0131r.<\/p>","protected":false},"excerpt":{"rendered":"<ul>\n<li>14 Ayar Alt\u0131n<\/li>\n<\/ul>","protected":false},"featured_media":41849,"comment_status":"open","ping_status":"closed","template":"","meta":[],"product_brand":[2718,2719],"product_cat":[247,198,76],"product_tag":[527,528,1933,735,712,1864,574,741,518,742,521,3282,2840,2049,701,519],"class_list":{"0":"post-41848","1":"product","2":"type-product","3":"status-publish","4":"has-post-thumbnail","6":"product_brand-gasia-casuals","7":"product_brand-gasia-protect","8":"product_cat-hediyelik","9":"product_cat-eye-collection","10":"product_cat-yuzuk-modelleri","11":"product_tag-delicate-ring","12":"product_tag-elegant-ring","13":"product_tag-everyday-ring","14":"product_tag-evil-eye-jewelry","15":"product_tag-evil-eye-ring","16":"product_tag-gunluk-yuzuk","17":"product_tag-ince-yuzuk","18":"product_tag-minimal-ring","19":"product_tag-minimal-yuzuk","20":"product_tag-modern-jewelry","21":"product_tag-modern-yuzuk","22":"product_tag-nazar-boncuklu-yuzuk","23":"product_tag-nazar-yuzuk","24":"product_tag-rose-altin-yuzuk","25":"product_tag-rose-gold-ring","26":"product_tag-zarif-yuzuk","28":"first","29":"instock","30":"shipping-taxable","31":"purchasable","32":"product-type-simple"},"_links":{"self":[{"href":"https:\/\/www.gasia.com.tr\/en\/wp-json\/wp\/v2\/product\/41848","targetHints":{"allow":["GET"]}}],"collection":[{"href":"https:\/\/www.gasia.com.tr\/en\/wp-json\/wp\/v2\/product"}],"about":[{"href":"https:\/\/www.gasia.com.tr\/en\/wp-json\/wp\/v2\/types\/product"}],"replies":[{"embeddable":true,"href":"https:\/\/www.gasia.com.tr\/en\/wp-json\/wp\/v2\/comments?post=41848"}],"version-history":[{"count":3,"href":"https:\/\/www.gasia.com.tr\/en\/wp-json\/wp\/v2\/product\/41848\/revisions"}],"predecessor-version":[{"id":42070,"href":"https:\/\/www.gasia.com.tr\/en\/wp-json\/wp\/v2\/product\/41848\/revisions\/42070"}],"wp:featuredmedia":[{"embeddable":true,"href":"https:\/\/www.gasia.com.tr\/en\/wp-json\/wp\/v2\/media\/41849"}],"wp:attachment":[{"href":"https:\/\/www.gasia.com.tr\/en\/wp-json\/wp\/v2\/media?parent=41848"}],"wp:term":[{"taxonomy":"product_brand","embeddable":true,"href":"https:\/\/www.gasia.com.tr\/en\/wp-json\/wp\/v2\/product_brand?post=41848"},{"taxonomy":"product_cat","embeddable":true,"href":"https:\/\/www.gasia.com.tr\/en\/wp-json\/wp\/v2\/product_cat?post=41848"},{"taxonomy":"product_tag","embeddable":true,"href":"https:\/\/www.gasia.com.tr\/en\/wp-json\/wp\/v2\/product_tag?post=41848"}],"curies":[{"name":"wp","href":"https:\/\/api.w.org\/{rel}","templated":true}]}}