{"id":41852,"date":"2026-03-02T06:00:00","date_gmt":"2026-03-02T03:00:00","guid":{"rendered":"https:\/\/www.gasia.com.tr\/?post_type=product&#038;p=41852"},"modified":"2026-04-20T21:54:21","modified_gmt":"2026-04-20T18:54:21","slug":"minimal-damla-pirlanta-altin-yuzuk","status":"publish","type":"product","link":"https:\/\/www.gasia.com.tr\/en\/collections\/minimal-damla-pirlanta-altin-yuzuk\/","title":{"rendered":"Minimal Damla P\u0131rlanta Alt\u0131n Y\u00fcz\u00fck"},"content":{"rendered":"<p data-start=\"96\" data-end=\"342\">Zarif ve modern tasar\u0131m\u0131yla dikkat \u00e7eken bu y\u00fcz\u00fck, damla formunda yerle\u015ftirilmi\u015f p\u0131rlanta ta\u015flar\u0131 ile \u0131\u015f\u0131lt\u0131l\u0131 bir \u015f\u0131kl\u0131k sunar. Parlak alt\u0131n y\u00fczeyi, p\u0131rlantalar\u0131n \u0131\u015f\u0131\u011f\u0131n\u0131 en iyi \u015fekilde yans\u0131tarak sade ama etkileyici bir g\u00f6r\u00fcn\u00fcm olu\u015fturur.<\/p>\n<p data-start=\"344\" data-end=\"576\">\u0130nce ve minimal formu sayesinde g\u00fcnl\u00fck kullan\u0131ma son derece uygun olan bu tasar\u0131m, tek ba\u015f\u0131na zarif bir stil yarat\u0131rken di\u011fer y\u00fcz\u00fcklerle kombinlenerek de \u015f\u0131k bir b\u00fct\u00fcnl\u00fck sa\u011flar. Zamans\u0131z tasar\u0131m\u0131yla her stile kolayca uyum sa\u011flar.<\/p>","protected":false},"excerpt":{"rendered":"<ul>\n<li>18 Ayar Alt\u0131n<\/li>\n<li>0,13 ct P\u0131rlanta<\/li>\n<\/ul>","protected":false},"featured_media":41853,"comment_status":"open","ping_status":"closed","template":"","meta":[],"product_brand":[2718],"product_cat":[247,76],"product_tag":[289,3283,527,654,528,577,1864,574,741,518,742,521,335,779,3284,519],"class_list":{"0":"post-41852","1":"product","2":"type-product","3":"status-publish","4":"has-post-thumbnail","6":"product_brand-gasia-casuals","7":"product_cat-hediyelik","8":"product_cat-yuzuk-modelleri","9":"product_tag-altin-yuzuk","10":"product_tag-damla-yuzuk","11":"product_tag-delicate-ring","12":"product_tag-diamond-ring","13":"product_tag-elegant-ring","14":"product_tag-gold-ring","15":"product_tag-gunluk-yuzuk","16":"product_tag-ince-yuzuk","17":"product_tag-minimal-ring","18":"product_tag-minimal-yuzuk","19":"product_tag-modern-jewelry","20":"product_tag-modern-yuzuk","21":"product_tag-pirlanta-yuzuk","22":"product_tag-stacking-ring","23":"product_tag-teardrop-ring","24":"product_tag-zarif-yuzuk","25":"pa_cinsiyet-kadin","27":"first","28":"instock","29":"sale","30":"shipping-taxable","31":"purchasable","32":"product-type-simple"},"_links":{"self":[{"href":"https:\/\/www.gasia.com.tr\/en\/wp-json\/wp\/v2\/product\/41852","targetHints":{"allow":["GET"]}}],"collection":[{"href":"https:\/\/www.gasia.com.tr\/en\/wp-json\/wp\/v2\/product"}],"about":[{"href":"https:\/\/www.gasia.com.tr\/en\/wp-json\/wp\/v2\/types\/product"}],"replies":[{"embeddable":true,"href":"https:\/\/www.gasia.com.tr\/en\/wp-json\/wp\/v2\/comments?post=41852"}],"version-history":[{"count":1,"href":"https:\/\/www.gasia.com.tr\/en\/wp-json\/wp\/v2\/product\/41852\/revisions"}],"predecessor-version":[{"id":41855,"href":"https:\/\/www.gasia.com.tr\/en\/wp-json\/wp\/v2\/product\/41852\/revisions\/41855"}],"wp:featuredmedia":[{"embeddable":true,"href":"https:\/\/www.gasia.com.tr\/en\/wp-json\/wp\/v2\/media\/41853"}],"wp:attachment":[{"href":"https:\/\/www.gasia.com.tr\/en\/wp-json\/wp\/v2\/media?parent=41852"}],"wp:term":[{"taxonomy":"product_brand","embeddable":true,"href":"https:\/\/www.gasia.com.tr\/en\/wp-json\/wp\/v2\/product_brand?post=41852"},{"taxonomy":"product_cat","embeddable":true,"href":"https:\/\/www.gasia.com.tr\/en\/wp-json\/wp\/v2\/product_cat?post=41852"},{"taxonomy":"product_tag","embeddable":true,"href":"https:\/\/www.gasia.com.tr\/en\/wp-json\/wp\/v2\/product_tag?post=41852"}],"curies":[{"name":"wp","href":"https:\/\/api.w.org\/{rel}","templated":true}]}}