{"id":41856,"date":"2026-01-03T09:59:32","date_gmt":"2026-01-03T06:59:32","guid":{"rendered":"https:\/\/www.gasia.com.tr\/?post_type=product&#038;p=41856"},"modified":"2026-04-11T15:54:12","modified_gmt":"2026-04-11T12:54:12","slug":"minimal-damla-pirlanta-beyaz-altin-yuzuk","status":"publish","type":"product","link":"https:\/\/www.gasia.com.tr\/en\/collections\/minimal-damla-pirlanta-beyaz-altin-yuzuk\/","title":{"rendered":"Minimal Damla P\u0131rlanta Beyaz Alt\u0131n Y\u00fcz\u00fck"},"content":{"rendered":"<p data-start=\"102\" data-end=\"344\">Modern zarafeti yans\u0131tan bu y\u00fcz\u00fck, damla formunda yerle\u015ftirilmi\u015f p\u0131rlanta ta\u015flar\u0131 ile g\u00f6z al\u0131c\u0131 bir \u0131\u015f\u0131lt\u0131 sunar. Beyaz alt\u0131n\u0131n sade ve sofistike tonu, p\u0131rlantalar\u0131n parlakl\u0131\u011f\u0131n\u0131 \u00f6n plana \u00e7\u0131kararak \u015f\u0131k ve zamans\u0131z bir g\u00f6r\u00fcn\u00fcm olu\u015fturur.<\/p>\n<p data-start=\"346\" data-end=\"587\">\u0130nce ve minimal tasar\u0131m\u0131 sayesinde g\u00fcnl\u00fck kullan\u0131m i\u00e7in idealdir. Tek ba\u015f\u0131na zarif bir ifade sunarken, di\u011fer y\u00fcz\u00fcklerle kombinlenerek modern ve katmanl\u0131 bir stil yaratman\u0131za da olanak tan\u0131r. Her an\u0131n\u0131za e\u015flik edecek \u015f\u0131k bir tamamlay\u0131c\u0131d\u0131r.<\/p>","protected":false},"excerpt":{"rendered":"<p>Modern zarafeti yans\u0131tan bu y\u00fcz\u00fck, damla formunda yerle\u015ftirilmi\u015f p\u0131rlanta ta\u015flar\u0131 ile g\u00f6z al\u0131c\u0131 bir \u0131\u015f\u0131lt\u0131 sunar. Beyaz alt\u0131n\u0131n sade ve<\/p>","protected":false},"featured_media":41857,"comment_status":"open","ping_status":"closed","template":"","meta":[],"product_brand":[2718],"product_cat":[247,76],"product_tag":[2328,3283,527,654,528,1864,574,741,518,742,521,335,779,3284,3285,519],"class_list":{"0":"post-41856","1":"product","2":"type-product","3":"status-publish","4":"has-post-thumbnail","6":"product_brand-gasia-casuals","7":"product_cat-hediyelik","8":"product_cat-yuzuk-modelleri","9":"product_tag-beyaz-altin-yuzuk","10":"product_tag-damla-yuzuk","11":"product_tag-delicate-ring","12":"product_tag-diamond-ring","13":"product_tag-elegant-ring","14":"product_tag-gunluk-yuzuk","15":"product_tag-ince-yuzuk","16":"product_tag-minimal-ring","17":"product_tag-minimal-yuzuk","18":"product_tag-modern-jewelry","19":"product_tag-modern-yuzuk","20":"product_tag-pirlanta-yuzuk","21":"product_tag-stacking-ring","22":"product_tag-teardrop-ring","23":"product_tag-white-gold-ring","24":"product_tag-zarif-yuzuk","26":"first","27":"instock","28":"sale","29":"shipping-taxable","30":"purchasable","31":"product-type-simple"},"_links":{"self":[{"href":"https:\/\/www.gasia.com.tr\/en\/wp-json\/wp\/v2\/product\/41856","targetHints":{"allow":["GET"]}}],"collection":[{"href":"https:\/\/www.gasia.com.tr\/en\/wp-json\/wp\/v2\/product"}],"about":[{"href":"https:\/\/www.gasia.com.tr\/en\/wp-json\/wp\/v2\/types\/product"}],"replies":[{"embeddable":true,"href":"https:\/\/www.gasia.com.tr\/en\/wp-json\/wp\/v2\/comments?post=41856"}],"version-history":[{"count":1,"href":"https:\/\/www.gasia.com.tr\/en\/wp-json\/wp\/v2\/product\/41856\/revisions"}],"predecessor-version":[{"id":41858,"href":"https:\/\/www.gasia.com.tr\/en\/wp-json\/wp\/v2\/product\/41856\/revisions\/41858"}],"wp:featuredmedia":[{"embeddable":true,"href":"https:\/\/www.gasia.com.tr\/en\/wp-json\/wp\/v2\/media\/41857"}],"wp:attachment":[{"href":"https:\/\/www.gasia.com.tr\/en\/wp-json\/wp\/v2\/media?parent=41856"}],"wp:term":[{"taxonomy":"product_brand","embeddable":true,"href":"https:\/\/www.gasia.com.tr\/en\/wp-json\/wp\/v2\/product_brand?post=41856"},{"taxonomy":"product_cat","embeddable":true,"href":"https:\/\/www.gasia.com.tr\/en\/wp-json\/wp\/v2\/product_cat?post=41856"},{"taxonomy":"product_tag","embeddable":true,"href":"https:\/\/www.gasia.com.tr\/en\/wp-json\/wp\/v2\/product_tag?post=41856"}],"curies":[{"name":"wp","href":"https:\/\/api.w.org\/{rel}","templated":true}]}}