{"id":41877,"date":"2026-01-03T17:23:36","date_gmt":"2026-01-03T14:23:36","guid":{"rendered":"https:\/\/www.gasia.com.tr\/?post_type=product&#038;p=41877"},"modified":"2026-04-11T17:28:19","modified_gmt":"2026-04-11T14:28:19","slug":"turkuaz-tasli-pirlanta-detayli-altin-minimal-yuzuk","status":"publish","type":"product","link":"https:\/\/www.gasia.com.tr\/en\/collections\/turkuaz-tasli-pirlanta-detayli-altin-minimal-yuzuk\/","title":{"rendered":"Turkuaz Ta\u015fl\u0131 P\u0131rlanta Detayl\u0131 Alt\u0131n Minimal Y\u00fcz\u00fck"},"content":{"rendered":"<p data-start=\"105\" data-end=\"437\">Canl\u0131 turkuaz ta\u015f\u0131n enerjisi ile zarif p\u0131rlanta detaylar\u0131n \u0131\u015f\u0131lt\u0131s\u0131n\u0131 bir araya getiren bu minimal y\u00fcz\u00fck, sade \u015f\u0131kl\u0131\u011f\u0131n en \u00f6zel halini sunar. Merkezde yer alan yuvarlak kesim turkuaz ta\u015f, do\u011fadan ilham alan ferah bir g\u00f6r\u00fcn\u00fcm sa\u011flarken; alt k\u0131sm\u0131nda yar\u0131m ay formunda dizilen p\u0131rlantalar tasar\u0131ma zarif bir parlakl\u0131k katar.<\/p>\n<p data-start=\"439\" data-end=\"615\">\u0130nce alt\u0131n formu sayesinde g\u00fcnl\u00fck kullan\u0131ma son derece uygun olan bu y\u00fcz\u00fck, tek ba\u015f\u0131na zarif bir ifade sunarken, kombinlendi\u011finde modern ve stil sahibi bir g\u00f6r\u00fcn\u00fcm olu\u015fturur.<\/p>","protected":false},"excerpt":{"rendered":"<ul>\n<li>0,06 ct P\u0131rlanta<\/li>\n<li>0,26 ct Arizona Firuzesi<\/li>\n<li>18 ayar Sar\u0131 Alt\u0131n<\/li>\n<\/ul>","protected":false},"featured_media":41878,"comment_status":"open","ping_status":"closed","template":"","meta":[],"product_brand":[2718,2719],"product_cat":[247,198,76],"product_tag":[289,654,2926,1655,577,2769,520,741,518,335,2174,1284,1021,519],"class_list":{"0":"post-41877","1":"product","2":"type-product","3":"status-publish","4":"has-post-thumbnail","6":"product_brand-gasia-casuals","7":"product_brand-gasia-protect","8":"product_cat-hediyelik","9":"product_cat-eye-collection","10":"product_cat-yuzuk-modelleri","11":"product_tag-altin-yuzuk","12":"product_tag-diamond-ring","13":"product_tag-elegant-jewelry","14":"product_tag-fine-jewelry","15":"product_tag-gold-ring","16":"product_tag-gunluk-taki","17":"product_tag-kadin-yuzuk","18":"product_tag-minimal-ring","19":"product_tag-minimal-yuzuk","20":"product_tag-pirlanta-yuzuk","21":"product_tag-turkuaz-yuzuk","22":"product_tag-turquoise-ring","23":"product_tag-women-ring","24":"product_tag-zarif-yuzuk","26":"first","27":"instock","28":"shipping-taxable","29":"purchasable","30":"product-type-simple"},"_links":{"self":[{"href":"https:\/\/www.gasia.com.tr\/en\/wp-json\/wp\/v2\/product\/41877","targetHints":{"allow":["GET"]}}],"collection":[{"href":"https:\/\/www.gasia.com.tr\/en\/wp-json\/wp\/v2\/product"}],"about":[{"href":"https:\/\/www.gasia.com.tr\/en\/wp-json\/wp\/v2\/types\/product"}],"replies":[{"embeddable":true,"href":"https:\/\/www.gasia.com.tr\/en\/wp-json\/wp\/v2\/comments?post=41877"}],"version-history":[{"count":1,"href":"https:\/\/www.gasia.com.tr\/en\/wp-json\/wp\/v2\/product\/41877\/revisions"}],"predecessor-version":[{"id":41879,"href":"https:\/\/www.gasia.com.tr\/en\/wp-json\/wp\/v2\/product\/41877\/revisions\/41879"}],"wp:featuredmedia":[{"embeddable":true,"href":"https:\/\/www.gasia.com.tr\/en\/wp-json\/wp\/v2\/media\/41878"}],"wp:attachment":[{"href":"https:\/\/www.gasia.com.tr\/en\/wp-json\/wp\/v2\/media?parent=41877"}],"wp:term":[{"taxonomy":"product_brand","embeddable":true,"href":"https:\/\/www.gasia.com.tr\/en\/wp-json\/wp\/v2\/product_brand?post=41877"},{"taxonomy":"product_cat","embeddable":true,"href":"https:\/\/www.gasia.com.tr\/en\/wp-json\/wp\/v2\/product_cat?post=41877"},{"taxonomy":"product_tag","embeddable":true,"href":"https:\/\/www.gasia.com.tr\/en\/wp-json\/wp\/v2\/product_tag?post=41877"}],"curies":[{"name":"wp","href":"https:\/\/api.w.org\/{rel}","templated":true}]}}