{"id":42013,"date":"2026-04-13T15:19:35","date_gmt":"2026-04-13T12:19:35","guid":{"rendered":"https:\/\/www.gasia.com.tr\/?post_type=product&#038;p=42013"},"modified":"2026-04-13T15:19:35","modified_gmt":"2026-04-13T12:19:35","slug":"zambak-motifli-altin-zincirli-bileklik-okside-gumus-detayli","status":"publish","type":"product","link":"https:\/\/www.gasia.com.tr\/en\/collections\/zambak-motifli-altin-zincirli-bileklik-okside-gumus-detayli\/","title":{"rendered":"Zambak Motifli Alt\u0131n Zincirli Bileklik Okside G\u00fcm\u00fc\u015f Detayl\u0131"},"content":{"rendered":"<p>Klasik zambak motifinin g\u00fc\u00e7l\u00fc formunu modern detaylarla bulu\u015fturan bu bileklik, alt\u0131n tonlu zincir ve okside g\u00fcm\u00fc\u015f merkez par\u00e7as\u0131yla dikkat \u00e7eker. Orta b\u00f6l\u00fcmde yer alan ta\u015f detay\u0131, tasar\u0131ma zarif bir \u0131\u015f\u0131lt\u0131 katarken koyu ve parlak tonlar\u0131n kontrast\u0131 etkileyici bir g\u00f6r\u00fcn\u00fcm sunar. Dengeli yap\u0131s\u0131 sayesinde bilekte rahat bir kullan\u0131m sa\u011flarken, karakter sahibi tasar\u0131m\u0131yla stilinizi tamamlayan \u00f6zg\u00fcn bir aksesuard\u0131r.<\/p>","protected":false},"excerpt":{"rendered":"<p>Klasik zambak motifinin g\u00fc\u00e7l\u00fc formunu modern detaylarla bulu\u015fturan bu bileklik, alt\u0131n tonlu zincir ve okside g\u00fcm\u00fc\u015f merkez par\u00e7as\u0131yla dikkat \u00e7eker.<\/p>","protected":false},"featured_media":42014,"comment_status":"open","ping_status":"closed","template":"","meta":[],"product_brand":[2718],"product_cat":[73,249],"product_tag":[411,420,617,543,3399,418,1778,620,2195,2197,2682,3400,364,3398],"class_list":{"0":"post-42013","1":"product","2":"type-product","3":"status-publish","4":"has-post-thumbnail","6":"product_brand-gasia-casuals","7":"product_cat-altin-pirlanta-bileklik","8":"product_cat-fleur-de-lis-koleksiyonu","9":"product_tag-altin-zincir-bileklik","10":"product_tag-designer-bracelet","11":"product_tag-erkek-aksesuar","12":"product_tag-erkek-bileklik","13":"product_tag-fleur-de-lis-bracelet","14":"product_tag-gold-chain-bracelet","15":"product_tag-men-accessories","16":"product_tag-men-bracelet","17":"product_tag-okside-gumus-bileklik","18":"product_tag-oxidized-silver-bracelet","19":"product_tag-stone-bracelet","20":"product_tag-tas-detayli-bileklik","21":"product_tag-tasarim-bileklik","22":"product_tag-zambak-bileklik","23":"pa_cinsiyet-kadin","25":"first","26":"instock","27":"shipping-taxable","28":"product-type-simple"},"_links":{"self":[{"href":"https:\/\/www.gasia.com.tr\/en\/wp-json\/wp\/v2\/product\/42013","targetHints":{"allow":["GET"]}}],"collection":[{"href":"https:\/\/www.gasia.com.tr\/en\/wp-json\/wp\/v2\/product"}],"about":[{"href":"https:\/\/www.gasia.com.tr\/en\/wp-json\/wp\/v2\/types\/product"}],"replies":[{"embeddable":true,"href":"https:\/\/www.gasia.com.tr\/en\/wp-json\/wp\/v2\/comments?post=42013"}],"version-history":[{"count":1,"href":"https:\/\/www.gasia.com.tr\/en\/wp-json\/wp\/v2\/product\/42013\/revisions"}],"predecessor-version":[{"id":42015,"href":"https:\/\/www.gasia.com.tr\/en\/wp-json\/wp\/v2\/product\/42013\/revisions\/42015"}],"wp:featuredmedia":[{"embeddable":true,"href":"https:\/\/www.gasia.com.tr\/en\/wp-json\/wp\/v2\/media\/42014"}],"wp:attachment":[{"href":"https:\/\/www.gasia.com.tr\/en\/wp-json\/wp\/v2\/media?parent=42013"}],"wp:term":[{"taxonomy":"product_brand","embeddable":true,"href":"https:\/\/www.gasia.com.tr\/en\/wp-json\/wp\/v2\/product_brand?post=42013"},{"taxonomy":"product_cat","embeddable":true,"href":"https:\/\/www.gasia.com.tr\/en\/wp-json\/wp\/v2\/product_cat?post=42013"},{"taxonomy":"product_tag","embeddable":true,"href":"https:\/\/www.gasia.com.tr\/en\/wp-json\/wp\/v2\/product_tag?post=42013"}],"curies":[{"name":"wp","href":"https:\/\/api.w.org\/{rel}","templated":true}]}}