{"id":42068,"date":"2026-01-02T15:27:13","date_gmt":"2026-01-02T12:27:13","guid":{"rendered":"https:\/\/www.gasia.com.tr\/?post_type=product&#038;p=42068"},"modified":"2026-04-13T17:06:14","modified_gmt":"2026-04-13T14:06:14","slug":"minimal-nazar-boncuklu-beyaz-altin-yuzuk","status":"publish","type":"product","link":"https:\/\/www.gasia.com.tr\/en\/collections\/minimal-nazar-boncuklu-beyaz-altin-yuzuk\/","title":{"rendered":"Minimal Nazar Boncuklu Beyaz Alt\u0131n Y\u00fcz\u00fck"},"content":{"rendered":"<p data-start=\"96\" data-end=\"299\">\u0130nce ve zarif formuyla \u00f6ne \u00e7\u0131kan bu beyaz alt\u0131n y\u00fcz\u00fck, merkezindeki nazar boncu\u011fu detay\u0131yla anlaml\u0131 bir \u015f\u0131kl\u0131k sunar. Canl\u0131 turkuaz tonu ve parlak y\u00fczeyi, sade tasar\u0131ma dikkat \u00e7ekici bir dokunu\u015f katar.<\/p>\n<p data-start=\"301\" data-end=\"525\">Hafif yap\u0131s\u0131 sayesinde g\u00fcn boyu rahat bir kullan\u0131m sa\u011flarken, minimal \u00e7izgileri farkl\u0131 kombinlerle kolayca uyum yakalar. Tek ba\u015f\u0131na zarif bir ifade sunabilece\u011fi gibi, di\u011fer y\u00fcz\u00fcklerle birlikte de modern bir stil olu\u015fturur.<\/p>\n<p data-start=\"527\" data-end=\"619\">G\u00fcnl\u00fck kullan\u0131ma uygun, sade ama etkileyici bir aksesuar arayanlar i\u00e7in ideal bir tercihtir.<\/p>","protected":false},"excerpt":{"rendered":"<p>\u0130nce ve zarif formuyla \u00f6ne \u00e7\u0131kan bu beyaz alt\u0131n y\u00fcz\u00fck, merkezindeki nazar boncu\u011fu detay\u0131yla anlaml\u0131 bir \u015f\u0131kl\u0131k sunar. Canl\u0131 turkuaz<\/p>","protected":false},"featured_media":42069,"comment_status":"open","ping_status":"closed","template":"","meta":[],"product_brand":[2718,2719],"product_cat":[198,76],"product_tag":[2328,578,429,712,520,518,576,3282,2840,967,344,1284,3285],"class_list":{"0":"post-42068","1":"product","2":"type-product","3":"status-publish","4":"has-post-thumbnail","6":"product_brand-gasia-casuals","7":"product_brand-gasia-protect","8":"product_cat-eye-collection","9":"product_cat-yuzuk-modelleri","10":"product_tag-beyaz-altin-yuzuk","11":"product_tag-dainty-ring","12":"product_tag-everyday-jewelry","13":"product_tag-evil-eye-ring","14":"product_tag-kadin-yuzuk","15":"product_tag-minimal-yuzuk","16":"product_tag-minimalist-ring","17":"product_tag-nazar-boncuklu-yuzuk","18":"product_tag-nazar-yuzuk","19":"product_tag-protection-ring","20":"product_tag-sik-yuzuk","21":"product_tag-turquoise-ring","22":"product_tag-white-gold-ring","24":"first","25":"instock","26":"shipping-taxable","27":"purchasable","28":"product-type-simple"},"_links":{"self":[{"href":"https:\/\/www.gasia.com.tr\/en\/wp-json\/wp\/v2\/product\/42068","targetHints":{"allow":["GET"]}}],"collection":[{"href":"https:\/\/www.gasia.com.tr\/en\/wp-json\/wp\/v2\/product"}],"about":[{"href":"https:\/\/www.gasia.com.tr\/en\/wp-json\/wp\/v2\/types\/product"}],"replies":[{"embeddable":true,"href":"https:\/\/www.gasia.com.tr\/en\/wp-json\/wp\/v2\/comments?post=42068"}],"version-history":[{"count":1,"href":"https:\/\/www.gasia.com.tr\/en\/wp-json\/wp\/v2\/product\/42068\/revisions"}],"predecessor-version":[{"id":42071,"href":"https:\/\/www.gasia.com.tr\/en\/wp-json\/wp\/v2\/product\/42068\/revisions\/42071"}],"wp:featuredmedia":[{"embeddable":true,"href":"https:\/\/www.gasia.com.tr\/en\/wp-json\/wp\/v2\/media\/42069"}],"wp:attachment":[{"href":"https:\/\/www.gasia.com.tr\/en\/wp-json\/wp\/v2\/media?parent=42068"}],"wp:term":[{"taxonomy":"product_brand","embeddable":true,"href":"https:\/\/www.gasia.com.tr\/en\/wp-json\/wp\/v2\/product_brand?post=42068"},{"taxonomy":"product_cat","embeddable":true,"href":"https:\/\/www.gasia.com.tr\/en\/wp-json\/wp\/v2\/product_cat?post=42068"},{"taxonomy":"product_tag","embeddable":true,"href":"https:\/\/www.gasia.com.tr\/en\/wp-json\/wp\/v2\/product_tag?post=42068"}],"curies":[{"name":"wp","href":"https:\/\/api.w.org\/{rel}","templated":true}]}}