{"id":42090,"date":"2026-01-02T16:08:07","date_gmt":"2026-01-02T13:08:07","guid":{"rendered":"https:\/\/www.gasia.com.tr\/?post_type=product&#038;p=42090"},"modified":"2026-04-13T17:31:11","modified_gmt":"2026-04-13T14:31:11","slug":"nazar-boncuklu-pirlanta-detayli-sari-altin-yuzuk","status":"publish","type":"product","link":"https:\/\/www.gasia.com.tr\/en\/collections\/nazar-boncuklu-pirlanta-detayli-sari-altin-yuzuk\/","title":{"rendered":"Nazar Boncuklu P\u0131rlanta Detayl\u0131 Sar\u0131 Alt\u0131n Y\u00fcz\u00fck"},"content":{"rendered":"<p data-start=\"99\" data-end=\"338\">Sar\u0131 alt\u0131n\u0131n s\u0131cak tonlar\u0131yla tasarlanan bu y\u00fcz\u00fck, merkezindeki nazar boncu\u011fu detay\u0131 ve yanlardaki p\u0131rlanta s\u00fcslemeleriyle zarif bir b\u00fct\u00fcnl\u00fck sunar. Canl\u0131 turkuaz rengi, parlak y\u00fczeyle birle\u015ferek dikkat \u00e7ekici ve modern bir g\u00f6r\u00fcn\u00fcm olu\u015fturur.<\/p>\n<p data-start=\"340\" data-end=\"542\">\u0130nce formu sayesinde parmakta hafif ve konforlu bir kullan\u0131m sa\u011flarken, sade tasar\u0131m\u0131 g\u00fcnl\u00fck stiline kolayca uyum sa\u011flar. Yan ta\u015f detaylar\u0131, y\u00fcz\u00fc\u011fe ince bir \u0131\u015f\u0131lt\u0131 katarak zarif bir dokunu\u015f olu\u015fturur.<\/p>\n<p data-start=\"544\" data-end=\"619\">Hem anlaml\u0131 hem de estetik bir aksesuar arayanlar i\u00e7in ideal bir tercihtir.<\/p>","protected":false},"excerpt":{"rendered":"<p>Sar\u0131 alt\u0131n\u0131n s\u0131cak tonlar\u0131yla tasarlanan bu y\u00fcz\u00fck, merkezindeki nazar boncu\u011fu detay\u0131 ve yanlardaki p\u0131rlanta s\u00fcslemeleriyle zarif bir b\u00fct\u00fcnl\u00fck sunar. Canl\u0131<\/p>","protected":false},"featured_media":42092,"comment_status":"open","ping_status":"closed","template":"","meta":[],"product_brand":[2718,2719],"product_cat":[198,76],"product_tag":[578,429,712,566,520,576,3282,2840,2847,344,562,1284,2860],"class_list":{"0":"post-42090","1":"product","2":"type-product","3":"status-publish","4":"has-post-thumbnail","6":"product_brand-gasia-casuals","7":"product_brand-gasia-protect","8":"product_cat-eye-collection","9":"product_cat-yuzuk-modelleri","10":"product_tag-dainty-ring","11":"product_tag-everyday-jewelry","12":"product_tag-evil-eye-ring","13":"product_tag-gemstone-ring","14":"product_tag-kadin-yuzuk","15":"product_tag-minimalist-ring","16":"product_tag-nazar-boncuklu-yuzuk","17":"product_tag-nazar-yuzuk","18":"product_tag-sari-altin-yuzuk","19":"product_tag-sik-yuzuk","20":"product_tag-tasli-yuzuk","21":"product_tag-turquoise-ring","22":"product_tag-yellow-gold-ring","23":"pa_cinsiyet-kadin","25":"first","26":"instock","27":"sale","28":"shipping-taxable","29":"purchasable","30":"product-type-simple"},"_links":{"self":[{"href":"https:\/\/www.gasia.com.tr\/en\/wp-json\/wp\/v2\/product\/42090","targetHints":{"allow":["GET"]}}],"collection":[{"href":"https:\/\/www.gasia.com.tr\/en\/wp-json\/wp\/v2\/product"}],"about":[{"href":"https:\/\/www.gasia.com.tr\/en\/wp-json\/wp\/v2\/types\/product"}],"replies":[{"embeddable":true,"href":"https:\/\/www.gasia.com.tr\/en\/wp-json\/wp\/v2\/comments?post=42090"}],"version-history":[{"count":2,"href":"https:\/\/www.gasia.com.tr\/en\/wp-json\/wp\/v2\/product\/42090\/revisions"}],"predecessor-version":[{"id":42095,"href":"https:\/\/www.gasia.com.tr\/en\/wp-json\/wp\/v2\/product\/42090\/revisions\/42095"}],"wp:featuredmedia":[{"embeddable":true,"href":"https:\/\/www.gasia.com.tr\/en\/wp-json\/wp\/v2\/media\/42092"}],"wp:attachment":[{"href":"https:\/\/www.gasia.com.tr\/en\/wp-json\/wp\/v2\/media?parent=42090"}],"wp:term":[{"taxonomy":"product_brand","embeddable":true,"href":"https:\/\/www.gasia.com.tr\/en\/wp-json\/wp\/v2\/product_brand?post=42090"},{"taxonomy":"product_cat","embeddable":true,"href":"https:\/\/www.gasia.com.tr\/en\/wp-json\/wp\/v2\/product_cat?post=42090"},{"taxonomy":"product_tag","embeddable":true,"href":"https:\/\/www.gasia.com.tr\/en\/wp-json\/wp\/v2\/product_tag?post=42090"}],"curies":[{"name":"wp","href":"https:\/\/api.w.org\/{rel}","templated":true}]}}