{"id":42099,"date":"2026-01-02T16:09:57","date_gmt":"2026-01-02T13:09:57","guid":{"rendered":"https:\/\/www.gasia.com.tr\/?post_type=product&#038;p=42099"},"modified":"2026-04-13T17:35:22","modified_gmt":"2026-04-13T14:35:22","slug":"nazar-boncuklu-sedef-pirlanta-detayli-beyaz-altin-yuzuk","status":"publish","type":"product","link":"https:\/\/www.gasia.com.tr\/en\/collections\/nazar-boncuklu-sedef-pirlanta-detayli-beyaz-altin-yuzuk\/","title":{"rendered":"Nazar Boncuklu Sedef-P\u0131rlanta Detayl\u0131 Beyaz Alt\u0131n Y\u00fcz\u00fck"},"content":{"rendered":"<p data-start=\"105\" data-end=\"354\">Beyaz alt\u0131n\u0131n modern \u0131\u015f\u0131lt\u0131s\u0131 ve p\u0131rlanta detaylar\u0131n zarafetiyle tasarlanan bu y\u00fcz\u00fck, merkezindeki nazar boncu\u011fu ile anlaml\u0131 bir stil sunar. Canl\u0131 turkuaz tonu, p\u0131rlantalar\u0131n parlakl\u0131\u011f\u0131yla birle\u015ferek dikkat \u00e7ekici ve dengeli bir g\u00f6r\u00fcn\u00fcm olu\u015fturur.<\/p>\n<p data-start=\"356\" data-end=\"614\">\u0130nce ve hafif yap\u0131s\u0131 sayesinde g\u00fcnl\u00fck kullan\u0131mda konfor sa\u011flarken, yanlarda yer alan p\u0131rlanta ta\u015flar y\u00fcz\u00fc\u011fe zarif bir \u0131\u015f\u0131lt\u0131 katar. Minimal tasar\u0131m\u0131, farkl\u0131 kombinlerle kolayca uyum sa\u011flayarak hem tek ba\u015f\u0131na hem de di\u011fer y\u00fcz\u00fcklerle birlikte kullan\u0131labilir.<\/p>\n<p data-start=\"616\" data-end=\"719\">Estetik ve anlam\u0131 bir arada sunan bu y\u00fcz\u00fck, \u015f\u0131k ve \u00f6zel bir aksesuar arayanlar i\u00e7in ideal bir se\u00e7imdir.<\/p>","protected":false},"excerpt":{"rendered":"<p>Beyaz alt\u0131n\u0131n modern \u0131\u015f\u0131lt\u0131s\u0131 ve p\u0131rlanta detaylar\u0131n zarafetiyle tasarlanan bu y\u00fcz\u00fck, merkezindeki nazar boncu\u011fu ile anlaml\u0131 bir stil sunar. Canl\u0131<\/p>","protected":false},"featured_media":42101,"comment_status":"open","ping_status":"closed","template":"","meta":[],"product_brand":[2718,2719],"product_cat":[247,198,76],"product_tag":[2328,578,650,654,712,520,576,3282,2840,335,344,562,1284,3285],"class_list":{"0":"post-42099","1":"product","2":"type-product","3":"status-publish","4":"has-post-thumbnail","6":"product_brand-gasia-casuals","7":"product_brand-gasia-protect","8":"product_cat-hediyelik","9":"product_cat-eye-collection","10":"product_cat-yuzuk-modelleri","11":"product_tag-beyaz-altin-yuzuk","12":"product_tag-dainty-ring","13":"product_tag-diamond-detail-ring","14":"product_tag-diamond-ring","15":"product_tag-evil-eye-ring","16":"product_tag-kadin-yuzuk","17":"product_tag-minimalist-ring","18":"product_tag-nazar-boncuklu-yuzuk","19":"product_tag-nazar-yuzuk","20":"product_tag-pirlanta-yuzuk","21":"product_tag-sik-yuzuk","22":"product_tag-tasli-yuzuk","23":"product_tag-turquoise-ring","24":"product_tag-white-gold-ring","26":"first","27":"instock","28":"sale","29":"shipping-taxable","30":"purchasable","31":"product-type-simple"},"_links":{"self":[{"href":"https:\/\/www.gasia.com.tr\/en\/wp-json\/wp\/v2\/product\/42099","targetHints":{"allow":["GET"]}}],"collection":[{"href":"https:\/\/www.gasia.com.tr\/en\/wp-json\/wp\/v2\/product"}],"about":[{"href":"https:\/\/www.gasia.com.tr\/en\/wp-json\/wp\/v2\/types\/product"}],"replies":[{"embeddable":true,"href":"https:\/\/www.gasia.com.tr\/en\/wp-json\/wp\/v2\/comments?post=42099"}],"version-history":[{"count":1,"href":"https:\/\/www.gasia.com.tr\/en\/wp-json\/wp\/v2\/product\/42099\/revisions"}],"predecessor-version":[{"id":42103,"href":"https:\/\/www.gasia.com.tr\/en\/wp-json\/wp\/v2\/product\/42099\/revisions\/42103"}],"wp:featuredmedia":[{"embeddable":true,"href":"https:\/\/www.gasia.com.tr\/en\/wp-json\/wp\/v2\/media\/42101"}],"wp:attachment":[{"href":"https:\/\/www.gasia.com.tr\/en\/wp-json\/wp\/v2\/media?parent=42099"}],"wp:term":[{"taxonomy":"product_brand","embeddable":true,"href":"https:\/\/www.gasia.com.tr\/en\/wp-json\/wp\/v2\/product_brand?post=42099"},{"taxonomy":"product_cat","embeddable":true,"href":"https:\/\/www.gasia.com.tr\/en\/wp-json\/wp\/v2\/product_cat?post=42099"},{"taxonomy":"product_tag","embeddable":true,"href":"https:\/\/www.gasia.com.tr\/en\/wp-json\/wp\/v2\/product_tag?post=42099"}],"curies":[{"name":"wp","href":"https:\/\/api.w.org\/{rel}","templated":true}]}}