{"id":42161,"date":"2026-02-16T16:00:44","date_gmt":"2026-02-16T13:00:44","guid":{"rendered":"https:\/\/www.gasia.com.tr\/?post_type=product&#038;p=42161"},"modified":"2026-04-13T21:31:05","modified_gmt":"2026-04-13T18:31:05","slug":"okside-gumus-fleur-de-lis-ve-beyaz-mercan-top-detayli-kupe","status":"publish","type":"product","link":"https:\/\/www.gasia.com.tr\/en\/collections\/okside-gumus-fleur-de-lis-ve-beyaz-mercan-top-detayli-kupe\/","title":{"rendered":"Okside G\u00fcm\u00fc\u015f Fleur de Lis ve Beyaz Mercan Top Detayl\u0131 K\u00fcpe"},"content":{"rendered":"<p data-start=\"118\" data-end=\"375\">Okside g\u00fcm\u00fc\u015f Fleur de Lis motifi,Beyaz Mercan top ve alt\u0131n y\u0131ld\u0131z detay\u0131yla birle\u015ferek bu k\u00fcpeye g\u00fc\u00e7l\u00fc ve \u00f6zg\u00fcn bir karakter kazand\u0131r\u0131r. \u00dcst k\u0131s\u0131mdaki klasik form, alt b\u00f6l\u00fcmdeki modern ve hacimli tasar\u0131mla dengelenerek dikkat \u00e7ekici bir b\u00fct\u00fcnl\u00fck olu\u015fturur.<\/p>\n<p data-start=\"377\" data-end=\"649\">Beyaz Mercan \u00fczerindeki alt\u0131n y\u0131ld\u0131z ve ta\u015f detay\u0131, tasar\u0131ma zarif bir \u0131\u015f\u0131lt\u0131 katarken kontrast renkler k\u00fcpeyi daha da \u00f6ne \u00e7\u0131kar\u0131r. Hem klasik hem modern detaylar\u0131 bir arada sunan bu par\u00e7a, stiline farkl\u0131 ve iddial\u0131 bir dokunu\u015f eklemek isteyenler i\u00e7in ideal bir se\u00e7imdir.<\/p>\n<p>&nbsp;<\/p>\n<p>Fleur-de-lis\u00a0(zambak\/Frans\u0131z zamba\u011f\u0131) \u015feklinde tasarlanm\u0131\u015f, vintage g\u00f6r\u00fcn\u00fcml\u00fc bir k\u00fcpe. Motif ,\u00a0<em>Orta \u00c7a\u011f<\/em>dan \u00e7ok daha \u00f6nce de g\u00f6r\u00fcl\u00fcr.M\u00d6 3. y\u00fczy\u0131ldan itibaren Mezopotamya, Hindistan ve M\u0131s\u0131r\u2019daki eserlerde benzer zambak motifleri yer al\u0131r.Avrupa\u2019da sembol\u00fcn g\u00fc\u00e7l\u00fc bir kimlik kazanmas\u0131\u00a0Frank Krall\u0131\u011f\u0131\u00a0d\u00f6nemine denk gelir.\u0130lk kez 6. y\u00fczy\u0131lda Kral\u00a0Clovis\u00a0ile ili\u015fkilendirilir.12. y\u00fczy\u0131lda Kral\u00a0VII. Louis, fleur-de-lis\u2019i resm\u00ee kraliyet armas\u0131 h\u00e2line getirir.<\/p>\n<ul>\n<li>Kraliyet ve soyluluk<\/li>\n<li>Safl\u0131k ve masumiyet<\/li>\n<li>G\u00fc\u00e7 ve sadakat<\/li>\n<\/ul>","protected":false},"excerpt":{"rendered":"<ul>\n<li>18 Ayar Alt\u0131n<\/li>\n<li>925 Ayar Okside G\u00fcm\u00fc\u015f<\/li>\n<li>Beyaz Mercan Top<\/li>\n<li>0,12 Ct P\u0131rlanta<\/li>\n<\/ul>","protected":false},"featured_media":42162,"comment_status":"open","ping_status":"closed","template":"","meta":[],"product_brand":[77],"product_cat":[249,74],"product_tag":[393,405,1574,833,901,899,1594,1686,395,1999,398,2902,814,2905,403,815,813,2911,2379],"class_list":{"0":"post-42161","1":"product","2":"type-product","3":"status-publish","4":"has-post-thumbnail","6":"product_brand-gasia","7":"product_cat-fleur-de-lis-koleksiyonu","8":"product_cat-kupe-modelleri","9":"product_tag-altin-detayli-kupe","10":"product_tag-artisan-jewelry","11":"product_tag-designer-earrings","12":"product_tag-drop-earrings","13":"product_tag-fleur-de-lis-earrings","14":"product_tag-fleur-de-lis-kupe","15":"product_tag-gemstone-earrings","16":"product_tag-gold-detail-earrings","17":"product_tag-kadin-kupe","18":"product_tag-oksitli-gumus-kupe","19":"product_tag-oxidized-silver-earrings","20":"product_tag-ozgun-kupe","21":"product_tag-sallantili-kupe","22":"product_tag-siyah-kupe","23":"product_tag-statement-earrings","24":"product_tag-tasarim-kupe","25":"product_tag-tasli-kupe","26":"product_tag-top-kupe","27":"product_tag-unique-jewelry","28":"pa_cinsiyet-kadin","30":"first","31":"instock","32":"shipping-taxable","33":"purchasable","34":"product-type-simple"},"_links":{"self":[{"href":"https:\/\/www.gasia.com.tr\/en\/wp-json\/wp\/v2\/product\/42161","targetHints":{"allow":["GET"]}}],"collection":[{"href":"https:\/\/www.gasia.com.tr\/en\/wp-json\/wp\/v2\/product"}],"about":[{"href":"https:\/\/www.gasia.com.tr\/en\/wp-json\/wp\/v2\/types\/product"}],"replies":[{"embeddable":true,"href":"https:\/\/www.gasia.com.tr\/en\/wp-json\/wp\/v2\/comments?post=42161"}],"version-history":[{"count":1,"href":"https:\/\/www.gasia.com.tr\/en\/wp-json\/wp\/v2\/product\/42161\/revisions"}],"predecessor-version":[{"id":42163,"href":"https:\/\/www.gasia.com.tr\/en\/wp-json\/wp\/v2\/product\/42161\/revisions\/42163"}],"wp:featuredmedia":[{"embeddable":true,"href":"https:\/\/www.gasia.com.tr\/en\/wp-json\/wp\/v2\/media\/42162"}],"wp:attachment":[{"href":"https:\/\/www.gasia.com.tr\/en\/wp-json\/wp\/v2\/media?parent=42161"}],"wp:term":[{"taxonomy":"product_brand","embeddable":true,"href":"https:\/\/www.gasia.com.tr\/en\/wp-json\/wp\/v2\/product_brand?post=42161"},{"taxonomy":"product_cat","embeddable":true,"href":"https:\/\/www.gasia.com.tr\/en\/wp-json\/wp\/v2\/product_cat?post=42161"},{"taxonomy":"product_tag","embeddable":true,"href":"https:\/\/www.gasia.com.tr\/en\/wp-json\/wp\/v2\/product_tag?post=42161"}],"curies":[{"name":"wp","href":"https:\/\/api.w.org\/{rel}","templated":true}]}}