{"id":42167,"date":"2026-04-13T22:00:50","date_gmt":"2026-04-13T19:00:50","guid":{"rendered":"https:\/\/www.gasia.com.tr\/?post_type=product&#038;p=42167"},"modified":"2026-04-13T22:06:55","modified_gmt":"2026-04-13T19:06:55","slug":"pirlanta-tasli-cicek-formlu-beyaz-altin-kupe","status":"publish","type":"product","link":"https:\/\/www.gasia.com.tr\/en\/collections\/pirlanta-tasli-cicek-formlu-beyaz-altin-kupe\/","title":{"rendered":"P\u0131rlanta Ta\u015fl\u0131 \u00c7i\u00e7ek Formlu Beyaz Alt\u0131n K\u00fcpe"},"content":{"rendered":"<p data-start=\"100\" data-end=\"340\">Beyaz alt\u0131n\u0131n zarif \u0131\u015f\u0131lt\u0131s\u0131yla tasarlanan bu k\u00fcpe, tamamen p\u0131rlanta ta\u015flardan olu\u015fan \u00e7i\u00e7ek formuyla g\u00f6z al\u0131c\u0131 bir g\u00f6r\u00fcn\u00fcm sunar. I\u015f\u0131\u011f\u0131 g\u00fc\u00e7l\u00fc \u015fekilde yans\u0131tan p\u0131rlantalar, tasar\u0131ma yo\u011fun bir parlakl\u0131k ve dikkat \u00e7ekici bir etki kazand\u0131r\u0131r.<\/p>\n<p data-start=\"342\" data-end=\"569\">\u00c7i\u00e7ek formundaki dizilim, feminen ve zarif bir stil sunarken merkezdeki p\u0131rlanta detay\u0131 tasar\u0131m\u0131 dengeler ve b\u00fct\u00fcnl\u00fck sa\u011flar. G\u00fcnl\u00fck kullan\u0131mda zarif bir dokunu\u015f sunan bu k\u00fcpe, \u00f6zel anlarda ise g\u00fc\u00e7l\u00fc bir \u0131\u015f\u0131lt\u0131 ile \u00f6ne \u00e7\u0131kar.<\/p>\n<p data-start=\"571\" data-end=\"699\">Klasik \u015f\u0131kl\u0131\u011f\u0131 modern detaylarla birle\u015ftiren bu tasar\u0131m, zamans\u0131z ve etkileyici bir aksesuar arayanlar i\u00e7in ideal bir tercihtir.<\/p>","protected":false},"excerpt":{"rendered":"<p>Beyaz alt\u0131n\u0131n zarif \u0131\u015f\u0131lt\u0131s\u0131yla tasarlanan bu k\u00fcpe, tamamen p\u0131rlanta ta\u015flardan olu\u015fan \u00e7i\u00e7ek formuyla g\u00f6z al\u0131c\u0131 bir g\u00f6r\u00fcn\u00fcm sunar. I\u015f\u0131\u011f\u0131 g\u00fc\u00e7l\u00fc<\/p>","protected":false},"featured_media":42168,"comment_status":"open","ping_status":"closed","template":"","meta":[],"product_brand":[2718],"product_cat":[74],"product_tag":[2006,843,2571,1715,2926,2030,1594,395,1564,374,375,813,2007],"class_list":{"0":"post-42167","1":"product","2":"type-product","3":"status-publish","4":"has-post-thumbnail","6":"product_brand-gasia-casuals","7":"product_cat-kupe-modelleri","8":"product_tag-beyaz-altin-kupe","9":"product_tag-cicek-kupe","10":"product_tag-dainty-earrings","11":"product_tag-diamond-earrings","12":"product_tag-elegant-jewelry","13":"product_tag-flower-earrings","14":"product_tag-gemstone-earrings","15":"product_tag-kadin-kupe","16":"product_tag-luxury-earrings","17":"product_tag-pirlanta-kupe","18":"product_tag-sik-kupe","19":"product_tag-tasli-kupe","20":"product_tag-white-gold-earrings","21":"pa_cinsiyet-kadin","23":"first","24":"instock","25":"shipping-taxable","26":"product-type-simple"},"_links":{"self":[{"href":"https:\/\/www.gasia.com.tr\/en\/wp-json\/wp\/v2\/product\/42167","targetHints":{"allow":["GET"]}}],"collection":[{"href":"https:\/\/www.gasia.com.tr\/en\/wp-json\/wp\/v2\/product"}],"about":[{"href":"https:\/\/www.gasia.com.tr\/en\/wp-json\/wp\/v2\/types\/product"}],"replies":[{"embeddable":true,"href":"https:\/\/www.gasia.com.tr\/en\/wp-json\/wp\/v2\/comments?post=42167"}],"version-history":[{"count":1,"href":"https:\/\/www.gasia.com.tr\/en\/wp-json\/wp\/v2\/product\/42167\/revisions"}],"predecessor-version":[{"id":42169,"href":"https:\/\/www.gasia.com.tr\/en\/wp-json\/wp\/v2\/product\/42167\/revisions\/42169"}],"wp:featuredmedia":[{"embeddable":true,"href":"https:\/\/www.gasia.com.tr\/en\/wp-json\/wp\/v2\/media\/42168"}],"wp:attachment":[{"href":"https:\/\/www.gasia.com.tr\/en\/wp-json\/wp\/v2\/media?parent=42167"}],"wp:term":[{"taxonomy":"product_brand","embeddable":true,"href":"https:\/\/www.gasia.com.tr\/en\/wp-json\/wp\/v2\/product_brand?post=42167"},{"taxonomy":"product_cat","embeddable":true,"href":"https:\/\/www.gasia.com.tr\/en\/wp-json\/wp\/v2\/product_cat?post=42167"},{"taxonomy":"product_tag","embeddable":true,"href":"https:\/\/www.gasia.com.tr\/en\/wp-json\/wp\/v2\/product_tag?post=42167"}],"curies":[{"name":"wp","href":"https:\/\/api.w.org\/{rel}","templated":true}]}}