{"id":42170,"date":"2026-04-13T22:03:53","date_gmt":"2026-04-13T19:03:53","guid":{"rendered":"https:\/\/www.gasia.com.tr\/?post_type=product&#038;p=42170"},"modified":"2026-04-13T22:08:46","modified_gmt":"2026-04-13T19:08:46","slug":"zumrut-ve-pirlanta-tasli-cicek-formlu-sari-altin-kupe","status":"publish","type":"product","link":"https:\/\/www.gasia.com.tr\/en\/collections\/zumrut-ve-pirlanta-tasli-cicek-formlu-sari-altin-kupe\/","title":{"rendered":"Z\u00fcmr\u00fct ve P\u0131rlanta Ta\u015fl\u0131 \u00c7i\u00e7ek Formlu Sar\u0131 Alt\u0131n K\u00fcpe"},"content":{"rendered":"<p data-start=\"109\" data-end=\"339\">Sar\u0131 alt\u0131n\u0131n s\u0131cak \u0131\u015f\u0131lt\u0131s\u0131yla tasarlanan bu k\u00fcpe, z\u00fcmr\u00fct ta\u015flar\u0131n olu\u015fturdu\u011fu \u00e7i\u00e7ek formuyla dikkat \u00e7eker. Canl\u0131 ye\u015fil tonlara sahip z\u00fcmr\u00fctler, merkezde yer alan p\u0131rlanta detay\u0131yla birle\u015ferek zarif ve dengeli bir g\u00f6r\u00fcn\u00fcm sunar.<\/p>\n<p data-start=\"341\" data-end=\"537\">\u00c7i\u00e7ek formundaki dizilim, tasar\u0131ma do\u011fal ve feminen bir karakter kazand\u0131r\u0131rken p\u0131rlantan\u0131n \u0131\u015f\u0131lt\u0131s\u0131 k\u00fcpeye ince bir parlakl\u0131k ekler. Hafif yap\u0131s\u0131 sayesinde g\u00fcn boyu konforlu bir kullan\u0131m sa\u011flar.<\/p>\n<p data-start=\"539\" data-end=\"668\">Hem g\u00fcnl\u00fck stiline zarif bir dokunu\u015f katmak hem de \u00f6zel anlarda \u015f\u0131k bir aksesuar tercih etmek isteyenler i\u00e7in ideal bir se\u00e7imdir.<\/p>","protected":false},"excerpt":{"rendered":"<p>Sar\u0131 alt\u0131n\u0131n s\u0131cak \u0131\u015f\u0131lt\u0131s\u0131yla tasarlanan bu k\u00fcpe, z\u00fcmr\u00fct ta\u015flar\u0131n olu\u015fturdu\u011fu \u00e7i\u00e7ek formuyla dikkat \u00e7eker. Canl\u0131 ye\u015fil tonlara sahip z\u00fcmr\u00fctler, merkezde<\/p>","protected":false},"featured_media":42173,"comment_status":"open","ping_status":"closed","template":"","meta":[],"product_brand":[2718],"product_cat":[74],"product_tag":[1713,843,2571,1715,3433,2030,1594,1714,395,1668,374,375,813,3432],"class_list":{"0":"post-42170","1":"product","2":"type-product","3":"status-publish","4":"has-post-thumbnail","6":"product_brand-gasia-casuals","7":"product_cat-kupe-modelleri","8":"product_tag-altin-kupe","9":"product_tag-cicek-kupe","10":"product_tag-dainty-earrings","11":"product_tag-diamond-earrings","12":"product_tag-emerald-earrings","13":"product_tag-flower-earrings","14":"product_tag-gemstone-earrings","15":"product_tag-gold-earrings","16":"product_tag-kadin-kupe","17":"product_tag-luxury-jewelry","18":"product_tag-pirlanta-kupe","19":"product_tag-sik-kupe","20":"product_tag-tasli-kupe","21":"product_tag-zumrut-kupe","22":"pa_cinsiyet-kadin","24":"first","25":"instock","26":"shipping-taxable","27":"product-type-simple"},"_links":{"self":[{"href":"https:\/\/www.gasia.com.tr\/en\/wp-json\/wp\/v2\/product\/42170","targetHints":{"allow":["GET"]}}],"collection":[{"href":"https:\/\/www.gasia.com.tr\/en\/wp-json\/wp\/v2\/product"}],"about":[{"href":"https:\/\/www.gasia.com.tr\/en\/wp-json\/wp\/v2\/types\/product"}],"replies":[{"embeddable":true,"href":"https:\/\/www.gasia.com.tr\/en\/wp-json\/wp\/v2\/comments?post=42170"}],"version-history":[{"count":1,"href":"https:\/\/www.gasia.com.tr\/en\/wp-json\/wp\/v2\/product\/42170\/revisions"}],"predecessor-version":[{"id":42174,"href":"https:\/\/www.gasia.com.tr\/en\/wp-json\/wp\/v2\/product\/42170\/revisions\/42174"}],"wp:featuredmedia":[{"embeddable":true,"href":"https:\/\/www.gasia.com.tr\/en\/wp-json\/wp\/v2\/media\/42173"}],"wp:attachment":[{"href":"https:\/\/www.gasia.com.tr\/en\/wp-json\/wp\/v2\/media?parent=42170"}],"wp:term":[{"taxonomy":"product_brand","embeddable":true,"href":"https:\/\/www.gasia.com.tr\/en\/wp-json\/wp\/v2\/product_brand?post=42170"},{"taxonomy":"product_cat","embeddable":true,"href":"https:\/\/www.gasia.com.tr\/en\/wp-json\/wp\/v2\/product_cat?post=42170"},{"taxonomy":"product_tag","embeddable":true,"href":"https:\/\/www.gasia.com.tr\/en\/wp-json\/wp\/v2\/product_tag?post=42170"}],"curies":[{"name":"wp","href":"https:\/\/api.w.org\/{rel}","templated":true}]}}