{"id":42177,"date":"2026-04-13T22:11:00","date_gmt":"2026-04-13T19:11:00","guid":{"rendered":"https:\/\/www.gasia.com.tr\/?post_type=product&#038;p=42177"},"modified":"2026-04-13T22:15:12","modified_gmt":"2026-04-13T19:15:12","slug":"yakut-ve-pirlanta-tasli-cicek-formlu-beyaz-altin-kupe","status":"publish","type":"product","link":"https:\/\/www.gasia.com.tr\/en\/collections\/yakut-ve-pirlanta-tasli-cicek-formlu-beyaz-altin-kupe\/","title":{"rendered":"Yakut ve P\u0131rlanta Ta\u015fl\u0131 \u00c7i\u00e7ek Formlu Beyaz Alt\u0131n K\u00fcpe"},"content":{"rendered":"<p data-start=\"109\" data-end=\"367\">Beyaz alt\u0131n\u0131n zarif \u0131\u015f\u0131lt\u0131s\u0131yla tasarlanan bu k\u00fcpe, yakut ta\u015flar\u0131n olu\u015fturdu\u011fu \u00e7i\u00e7ek formuyla dikkat \u00e7ekici bir g\u00f6r\u00fcn\u00fcm sunar. Derin k\u0131rm\u0131z\u0131 tonlara sahip yakutlar, merkezde yer alan p\u0131rlanta detay\u0131yla birle\u015ferek g\u00fc\u00e7l\u00fc ve etkileyici bir kontrast olu\u015fturur.<\/p>\n<p data-start=\"369\" data-end=\"565\">\u00c7i\u00e7ek formundaki dizilim, tasar\u0131ma feminen ve zarif bir karakter kazand\u0131r\u0131rken p\u0131rlantan\u0131n \u0131\u015f\u0131lt\u0131s\u0131 k\u00fcpeye ince bir parlakl\u0131k ekler. Hafif yap\u0131s\u0131 sayesinde g\u00fcn boyu konforlu bir kullan\u0131m sa\u011flar.<\/p>\n<p data-start=\"567\" data-end=\"693\">Hem g\u00fcnl\u00fck stiline renk katmak hem de \u00f6zel anlarda dikkat \u00e7ekici bir aksesuar tercih etmek isteyenler i\u00e7in ideal bir se\u00e7imdir.<\/p>","protected":false},"excerpt":{"rendered":"<p>Beyaz alt\u0131n\u0131n zarif \u0131\u015f\u0131lt\u0131s\u0131yla tasarlanan bu k\u00fcpe, yakut ta\u015flar\u0131n olu\u015fturdu\u011fu \u00e7i\u00e7ek formuyla dikkat \u00e7ekici bir g\u00f6r\u00fcn\u00fcm sunar. Derin k\u0131rm\u0131z\u0131 tonlara<\/p>","protected":false},"featured_media":42179,"comment_status":"open","ping_status":"closed","template":"","meta":[],"product_brand":[2718],"product_cat":[74],"product_tag":[2006,843,2571,1715,2030,1594,395,1668,374,2502,375,813,2007,2501],"class_list":{"0":"post-42177","1":"product","2":"type-product","3":"status-publish","4":"has-post-thumbnail","6":"product_brand-gasia-casuals","7":"product_cat-kupe-modelleri","8":"product_tag-beyaz-altin-kupe","9":"product_tag-cicek-kupe","10":"product_tag-dainty-earrings","11":"product_tag-diamond-earrings","12":"product_tag-flower-earrings","13":"product_tag-gemstone-earrings","14":"product_tag-kadin-kupe","15":"product_tag-luxury-jewelry","16":"product_tag-pirlanta-kupe","17":"product_tag-ruby-earrings","18":"product_tag-sik-kupe","19":"product_tag-tasli-kupe","20":"product_tag-white-gold-earrings","21":"product_tag-yakut-kupe","22":"pa_cinsiyet-kadin","24":"first","25":"instock","26":"shipping-taxable","27":"product-type-simple"},"_links":{"self":[{"href":"https:\/\/www.gasia.com.tr\/en\/wp-json\/wp\/v2\/product\/42177","targetHints":{"allow":["GET"]}}],"collection":[{"href":"https:\/\/www.gasia.com.tr\/en\/wp-json\/wp\/v2\/product"}],"about":[{"href":"https:\/\/www.gasia.com.tr\/en\/wp-json\/wp\/v2\/types\/product"}],"replies":[{"embeddable":true,"href":"https:\/\/www.gasia.com.tr\/en\/wp-json\/wp\/v2\/comments?post=42177"}],"version-history":[{"count":1,"href":"https:\/\/www.gasia.com.tr\/en\/wp-json\/wp\/v2\/product\/42177\/revisions"}],"predecessor-version":[{"id":42181,"href":"https:\/\/www.gasia.com.tr\/en\/wp-json\/wp\/v2\/product\/42177\/revisions\/42181"}],"wp:featuredmedia":[{"embeddable":true,"href":"https:\/\/www.gasia.com.tr\/en\/wp-json\/wp\/v2\/media\/42179"}],"wp:attachment":[{"href":"https:\/\/www.gasia.com.tr\/en\/wp-json\/wp\/v2\/media?parent=42177"}],"wp:term":[{"taxonomy":"product_brand","embeddable":true,"href":"https:\/\/www.gasia.com.tr\/en\/wp-json\/wp\/v2\/product_brand?post=42177"},{"taxonomy":"product_cat","embeddable":true,"href":"https:\/\/www.gasia.com.tr\/en\/wp-json\/wp\/v2\/product_cat?post=42177"},{"taxonomy":"product_tag","embeddable":true,"href":"https:\/\/www.gasia.com.tr\/en\/wp-json\/wp\/v2\/product_tag?post=42177"}],"curies":[{"name":"wp","href":"https:\/\/api.w.org\/{rel}","templated":true}]}}