{"id":42280,"date":"2026-04-15T22:13:52","date_gmt":"2026-04-15T19:13:52","guid":{"rendered":"https:\/\/www.gasia.com.tr\/?post_type=product&#038;p=42280"},"modified":"2026-04-15T22:27:20","modified_gmt":"2026-04-15T19:27:20","slug":"at-figurlu-deri-detayli-tasarim-bileklik","status":"publish","type":"product","link":"https:\/\/www.gasia.com.tr\/en\/collections\/at-figurlu-deri-detayli-tasarim-bileklik\/","title":{"rendered":"At fig\u00fcrl\u00fc siyah deri detayl\u0131 tasar\u0131m bileklik"},"content":{"rendered":"<p data-start=\"56\" data-end=\"290\">G\u00fc\u00e7 ve \u00f6zg\u00fcrl\u00fc\u011f\u00fcn simgesi olan at fig\u00fcr\u00fc, bu bileklikte modern ve karakterli bir tasar\u0131mla hayat bulur. Metal detaylar\u0131n g\u00fc\u00e7l\u00fc duru\u015fu, siyah deri kordon ile birle\u015ferek mask\u00fclen ve dikkat \u00e7ekici bir stil olu\u015fturur.<\/p>\n<p data-start=\"292\" data-end=\"550\">Alt\u0131n ve g\u00fcm\u00fc\u015f\u00fcn uyumlu kontrast\u0131, tasar\u0131ma dinamik bir g\u00f6r\u00fcn\u00fcm kazand\u0131r\u0131rken, merkezde yer alan at fig\u00fcr\u00fc bilekli\u011fe \u00f6zg\u00fcn bir karakter katar. G\u00fcnl\u00fck kullan\u0131mda stil sahibi bir dokunu\u015f sunan bu par\u00e7a, ayn\u0131 zamanda \u00f6zel kombinlerde de fark yarat\u0131r.<\/p>\n<p data-start=\"552\" data-end=\"712\">Detaylara verilen \u00f6zen ve kaliteli i\u015f\u00e7ilik sayesinde uzun \u00f6m\u00fcrl\u00fc kullan\u0131m sunan bu bileklik, kendine has tarz\u0131n\u0131 yans\u0131tmak isteyenler i\u00e7in ideal bir se\u00e7imdir.<\/p>","protected":false},"excerpt":{"rendered":"<p>G\u00fc\u00e7 ve \u00f6zg\u00fcrl\u00fc\u011f\u00fcn simgesi olan at fig\u00fcr\u00fc, bu bileklikte modern ve karakterli bir tasar\u0131mla hayat bulur. Metal detaylar\u0131n g\u00fc\u00e7l\u00fc duru\u015fu,<\/p>","protected":false},"featured_media":42281,"comment_status":"open","ping_status":"closed","template":"","meta":[],"product_brand":[2718,2957],"product_cat":[253,168,247],"product_tag":[3459,2182,420,543,3460,2185,620,363,366,2688,2250,364],"class_list":{"0":"post-42280","1":"product","2":"type-product","3":"status-publish","4":"has-post-thumbnail","6":"product_brand-gasia-casuals","7":"product_brand-gasia-for-man","8":"product_cat-deri-bileklikler","9":"product_cat-for-men","10":"product_cat-hediyelik","11":"product_tag-at-figurlu-bileklik","12":"product_tag-deri-bileklik","13":"product_tag-designer-bracelet","14":"product_tag-erkek-bileklik","15":"product_tag-horse-bracelet","16":"product_tag-leather-bracelet","17":"product_tag-men-bracelet","18":"product_tag-modern-bileklik","19":"product_tag-sik-bileklik","20":"product_tag-statement-jewelry","21":"product_tag-stylish-bracelet","22":"product_tag-tasarim-bileklik","23":"pa_cinsiyet-erkek","25":"first","26":"instock","27":"shipping-taxable","28":"product-type-simple"},"_links":{"self":[{"href":"https:\/\/www.gasia.com.tr\/en\/wp-json\/wp\/v2\/product\/42280","targetHints":{"allow":["GET"]}}],"collection":[{"href":"https:\/\/www.gasia.com.tr\/en\/wp-json\/wp\/v2\/product"}],"about":[{"href":"https:\/\/www.gasia.com.tr\/en\/wp-json\/wp\/v2\/types\/product"}],"replies":[{"embeddable":true,"href":"https:\/\/www.gasia.com.tr\/en\/wp-json\/wp\/v2\/comments?post=42280"}],"version-history":[{"count":4,"href":"https:\/\/www.gasia.com.tr\/en\/wp-json\/wp\/v2\/product\/42280\/revisions"}],"predecessor-version":[{"id":42291,"href":"https:\/\/www.gasia.com.tr\/en\/wp-json\/wp\/v2\/product\/42280\/revisions\/42291"}],"wp:featuredmedia":[{"embeddable":true,"href":"https:\/\/www.gasia.com.tr\/en\/wp-json\/wp\/v2\/media\/42281"}],"wp:attachment":[{"href":"https:\/\/www.gasia.com.tr\/en\/wp-json\/wp\/v2\/media?parent=42280"}],"wp:term":[{"taxonomy":"product_brand","embeddable":true,"href":"https:\/\/www.gasia.com.tr\/en\/wp-json\/wp\/v2\/product_brand?post=42280"},{"taxonomy":"product_cat","embeddable":true,"href":"https:\/\/www.gasia.com.tr\/en\/wp-json\/wp\/v2\/product_cat?post=42280"},{"taxonomy":"product_tag","embeddable":true,"href":"https:\/\/www.gasia.com.tr\/en\/wp-json\/wp\/v2\/product_tag?post=42280"}],"curies":[{"name":"wp","href":"https:\/\/api.w.org\/{rel}","templated":true}]}}