{"id":42292,"date":"2026-04-15T22:30:43","date_gmt":"2026-04-15T19:30:43","guid":{"rendered":"https:\/\/www.gasia.com.tr\/?post_type=product&#038;p=42292"},"modified":"2026-04-15T22:32:19","modified_gmt":"2026-04-15T19:32:19","slug":"pirlanta-tasli-kivrimli-tasarim-modern-yuzuk","status":"publish","type":"product","link":"https:\/\/www.gasia.com.tr\/en\/collections\/pirlanta-tasli-kivrimli-tasarim-modern-yuzuk\/","title":{"rendered":"P\u0131rlanta ta\u015fl\u0131 k\u0131vr\u0131ml\u0131 tasar\u0131m modern y\u00fcz\u00fck"},"content":{"rendered":"<p data-start=\"60\" data-end=\"335\">Ak\u0131c\u0131 ve zarif k\u0131vr\u0131mlar\u0131yla \u00f6ne \u00e7\u0131kan bu y\u00fcz\u00fck, modern sanat formunu and\u0131ran \u00f6zg\u00fcn tasar\u0131m\u0131yla dikkat \u00e7eker. Y\u00fczey boyunca yer alan p\u0131rlanta ta\u015flar, k\u0131vr\u0131ml\u0131 hatlar\u0131 takip ederek \u0131\u015f\u0131\u011f\u0131 etkileyici \u015fekilde yans\u0131t\u0131r ve y\u00fcz\u00fc\u011fe dinamik bir \u0131\u015f\u0131lt\u0131 kazand\u0131r\u0131r.<\/p>\n<p data-start=\"337\" data-end=\"540\">Alt\u0131n ve beyaz tonlar\u0131n uyumlu birle\u015fimi, tasar\u0131ma sofistike bir kontrast katarken, ince i\u015f\u00e7ilik detaylar\u0131 y\u00fcz\u00fc\u011f\u00fcn estetik de\u011ferini art\u0131r\u0131r. Hafif ve zarif yap\u0131s\u0131na ra\u011fmen g\u00fc\u00e7l\u00fc bir stil ifadesi sunar.<\/p>\n<p data-start=\"542\" data-end=\"666\">G\u00fcnl\u00fck kombinlere modern bir dokunu\u015f katmak ya da \u00f6zel anlarda fark yaratmak isteyenler i\u00e7in ideal bir tasar\u0131m par\u00e7as\u0131d\u0131r.<\/p>","protected":false},"excerpt":{"rendered":"<p>Ak\u0131c\u0131 ve zarif k\u0131vr\u0131mlar\u0131yla \u00f6ne \u00e7\u0131kan bu y\u00fcz\u00fck, modern sanat formunu and\u0131ran \u00f6zg\u00fcn tasar\u0131m\u0131yla dikkat \u00e7eker. Y\u00fczey boyunca yer alan<\/p>","protected":false},"featured_media":42293,"comment_status":"open","ping_status":"closed","template":"","meta":[],"product_brand":[2718],"product_cat":[247,76],"product_tag":[289,565,654,528,577,520,1668,581,521,335,344,340],"class_list":{"0":"post-42292","1":"product","2":"type-product","3":"status-publish","4":"has-post-thumbnail","6":"product_brand-gasia-casuals","7":"product_cat-hediyelik","8":"product_cat-yuzuk-modelleri","9":"product_tag-altin-yuzuk","10":"product_tag-designer-ring","11":"product_tag-diamond-ring","12":"product_tag-elegant-ring","13":"product_tag-gold-ring","14":"product_tag-kadin-yuzuk","15":"product_tag-luxury-jewelry","16":"product_tag-modern-ring","17":"product_tag-modern-yuzuk","18":"product_tag-pirlanta-yuzuk","19":"product_tag-sik-yuzuk","20":"product_tag-tasarim-yuzuk","21":"pa_cinsiyet-kadin","23":"first","24":"instock","25":"shipping-taxable","26":"product-type-simple"},"_links":{"self":[{"href":"https:\/\/www.gasia.com.tr\/en\/wp-json\/wp\/v2\/product\/42292","targetHints":{"allow":["GET"]}}],"collection":[{"href":"https:\/\/www.gasia.com.tr\/en\/wp-json\/wp\/v2\/product"}],"about":[{"href":"https:\/\/www.gasia.com.tr\/en\/wp-json\/wp\/v2\/types\/product"}],"replies":[{"embeddable":true,"href":"https:\/\/www.gasia.com.tr\/en\/wp-json\/wp\/v2\/comments?post=42292"}],"version-history":[{"count":2,"href":"https:\/\/www.gasia.com.tr\/en\/wp-json\/wp\/v2\/product\/42292\/revisions"}],"predecessor-version":[{"id":42295,"href":"https:\/\/www.gasia.com.tr\/en\/wp-json\/wp\/v2\/product\/42292\/revisions\/42295"}],"wp:featuredmedia":[{"embeddable":true,"href":"https:\/\/www.gasia.com.tr\/en\/wp-json\/wp\/v2\/media\/42293"}],"wp:attachment":[{"href":"https:\/\/www.gasia.com.tr\/en\/wp-json\/wp\/v2\/media?parent=42292"}],"wp:term":[{"taxonomy":"product_brand","embeddable":true,"href":"https:\/\/www.gasia.com.tr\/en\/wp-json\/wp\/v2\/product_brand?post=42292"},{"taxonomy":"product_cat","embeddable":true,"href":"https:\/\/www.gasia.com.tr\/en\/wp-json\/wp\/v2\/product_cat?post=42292"},{"taxonomy":"product_tag","embeddable":true,"href":"https:\/\/www.gasia.com.tr\/en\/wp-json\/wp\/v2\/product_tag?post=42292"}],"curies":[{"name":"wp","href":"https:\/\/api.w.org\/{rel}","templated":true}]}}